{"id":10946,"date":"2022-09-27T14:42:03","date_gmt":"2022-09-27T12:42:03","guid":{"rendered":"https:\/\/la-toussuire.com\/your-stay\/discover-our-accommodations\/tourist-residences\/"},"modified":"2024-06-10T10:27:00","modified_gmt":"2024-06-10T08:27:00","slug":"tourist-residences","status":"publish","type":"page","link":"https:\/\/la-toussuire.com\/en\/your-stay\/discover-our-accommodations\/tourist-residences\/","title":{"rendered":"Tourist residences"},"content":{"rendered":"<div class=\"block block-core-heading\">\n<h2 class=\"wp-block-heading has-text-align-center\">How lovely ! <\/h2>\n<\/div>\n\n<div class=\"block block-core-paragraph\">\n<p class=\"has-text-align-center\">A stay in the mountains with family or friends, with all the <strong>comfort<\/strong> everyone needs and the <strong>freedom<\/strong> everyone requires, now that&#8217;s <strong>ideal<\/strong> ! The major brands you can <strong>trust<\/strong>, the essential <strong>services<\/strong> and <strong>advice<\/strong> of professionals, and <strong>prime<\/strong> locations, <em>ensuring a great holiday ! <\/em><\/p>\n<\/div>\n\n<div class=\"block block-lba-apidae-selection\"><!--BEGIN ITEMS APIDAE -->\r\n    <div class=\"selection-mode-selector\" data-selection=\"117403\">\r\n        <ul>\r\n            <li><a href=\"#selection-grid\" class=\"active\">Grid view<\/a><\/li>\r\n            <li><a href=\"#selection-map\">Map view<\/a><\/li>\r\n        <\/ul>\r\n    <\/div>\r\n    <div id=\"selection-grid\" style=\"display: block;\">\r\n\r\n        <!--BEGIN FILTER -->\r\n                    <form class=\"row form-inline isotope\" action=\"\" method=\"GET\">\r\n                                                            <div class=\"col\">\r\n                            <select class=\"form-control w-100\" id=\"classement\" name=\"classement\">\r\n                                <option selected value=\"\">Ranking<\/option>\r\n                                                                    <option value=\"1star\"  > 1 star <\/option>\r\n                                                                    <option value=\"2stars\"  > 2 stars <\/option>\r\n                                                                    <option value=\"3stars\"  > 3 stars <\/option>\r\n                                                                    <option value=\"4stars\"  > 4 stars <\/option>\r\n                                                                    <option value=\"5stars\"  > 5 stars <\/option>\r\n                                                            <\/select>\r\n                        <\/div>\r\n                                                                                <div class=\"col\">\r\n                            <select class=\"form-control w-100\" id=\"type\" name=\"type\">\r\n                                <option selected value=\"\">Type h\u00e9bergement<\/option>\r\n                                                                    <option value=\"Apartments\"  > Apartments <\/option>\r\n                                                                    <option value=\"Rooms\"  > Rooms <\/option>\r\n                                                                    <option value=\"Singlebed\"  > Single bed <\/option>\r\n                                                            <\/select>\r\n                        <\/div>\r\n                                                                                <div class=\"col\">\r\n                            <select class=\"form-control w-100\" id=\"type_hab\" name=\"type_hab\">\r\n                                <option selected value=\"\">Type habitation<\/option>\r\n                                                                    <option value=\"Apartment\"  > Apartment <\/option>\r\n                                                                    <option value=\"Chalet\"  > Chalet <\/option>\r\n                                                                    <option value=\"Room\"  > Room <\/option>\r\n                                                            <\/select>\r\n                        <\/div>\r\n                                                    <div class=\"col\">\r\n                    <button type=\"submit\" name=\"filterSend\" class=\"btn btn-primary btn-block my-2\">Search<\/button>\r\n                <\/div>\r\n            <\/form>\r\n                <!--BEGIN FILTER -->\r\n\r\n        <div id=\"selection-grid\" class=\"selection-mode-default\">\r\n                            <div class=\"card 3etoiles 0-3pieces Residencedetourisme Appartement Chalet\">\r\n                    <div class=\"row\">\r\n                        <div class=\"col-md-3\">\r\n                                                            <div class=\"pictos\">\r\n                                    <span class=\"label-parking_prive\" title=\"Private parking\">Private parking<\/span><span class=\"label-animaux_acceptes\" title=\"Pets welcome\">Pets welcome<\/span><span class=\"label-wifi\" title=\"Wi-fi\">Wi-fi<\/span><span class=\"label-cheque_vacances\" title=\"Travellers Cheque\">Travellers Cheque<\/span>                                <\/div>\r\n                                                        <img decoding=\"async\" src=\"https:\/\/static.apidae-tourisme.com\/filestore\/objets-touristiques\/images\/74\/170\/26847818-diaporama.png\" class=\"w-100\" alt=\"Image nemea_residence_6\">\r\n                        <\/div>\r\n                        <div class=\"col-md-9\">\r\n                            <div class=\"card-block px-1\">\r\n                                <h2 class=\"card-title\">\r\n                                    <a href=\"https:\/\/la-toussuire.com\/en\/details\/goelia-les-chalets-des-cimes-126944-En\/\">Go\u00e9lia &#8211; Les Chalets des Cimes<\/a>\r\n                                <\/h2>\r\n                                <p class=\"classement\"><i class=\"label label-3toiles\">3 \u00e9toiles<\/i><\/p>\r\n                                <p class=\"card-text\">Located at the entrance to the resort, 950 metres from the base of the slopes and the ski lifts, the Les Chalets des C\u00eemes residence comprises 62 apartments spread across 17 chalets, featuring local architecture and typical Savoyard charm.<\/p>\r\n                                <p class=\"labels\"><\/p>\r\n                            <\/div>\r\n                            <a href=\"https:\/\/la-toussuire.com\/en\/details\/goelia-les-chalets-des-cimes-126944-En\/\" class=\"btn\">View more<\/a>\r\n                        <\/div>\r\n                    <\/div>\r\n                <\/div>\r\n                            <div class=\"card 3etoiles 0-3pieces Residencedetourisme Appartement Chalet\">\r\n                    <div class=\"row\">\r\n                        <div class=\"col-md-3\">\r\n                                                            <div class=\"pictos\">\r\n                                    <span class=\"label-animaux_acceptes\" title=\"Pets welcome\">Pets welcome<\/span><span class=\"label-wifi\" title=\"Wi-fi\">Wi-fi<\/span><span class=\"label-cheque_vacances\" title=\"Travellers Cheque\">Travellers Cheque<\/span>                                <\/div>\r\n                                                        <img decoding=\"async\" src=\"https:\/\/static.apidae-tourisme.com\/filestore\/objets-touristiques\/images\/123\/48\/27013243-diaporama.png\" class=\"w-100\" alt=\"Image goelia_1\">\r\n                        <\/div>\r\n                        <div class=\"col-md-9\">\r\n                            <div class=\"card-block px-1\">\r\n                                <h2 class=\"card-title\">\r\n                                    <a href=\"https:\/\/la-toussuire.com\/en\/details\/goelia-les-chalets-de-la-toussuire-78299-En\/\">Goelia &#8211; Les Chalets de La Toussuire<\/a>\r\n                                <\/h2>\r\n                                <p class=\"classement\"><i class=\"label label-3toiles\">3 \u00e9toiles<\/i><\/p>\r\n                                <p class=\"card-text\">The 3-star Les Chalets Goelia holiday residence is situated right on the slopes, offering direct access to the slopes, just 50 metres from the T\u00e9l\u00e9si\u00e8ge du Soleil chairlift. It comprises 10 chalets, each with 9 apartments, as well as a few detached chalets.<\/p>\r\n                                <p class=\"labels\"><\/p>\r\n                            <\/div>\r\n                            <a href=\"https:\/\/la-toussuire.com\/en\/details\/goelia-les-chalets-de-la-toussuire-78299-En\/\" class=\"btn\">View more<\/a>\r\n                        <\/div>\r\n                    <\/div>\r\n                <\/div>\r\n                            <div class=\"card 4etoiles 0-3pieces Residencedetourisme Appartement\">\r\n                    <div class=\"row\">\r\n                        <div class=\"col-md-3\">\r\n                                                            <div class=\"pictos\">\r\n                                    <span class=\"label-animaux_acceptes\" title=\"Pets welcome\">Pets welcome<\/span><span class=\"label-wifi\" title=\"Wi-fi\">Wi-fi<\/span><span class=\"label-cheque_vacances\" title=\"Travellers Cheque\">Travellers Cheque<\/span>                                <\/div>\r\n                                                        <img decoding=\"async\" src=\"https:\/\/static.apidae-tourisme.com\/filestore\/objets-touristiques\/images\/52\/165\/26846516-diaporama.png\" class=\"w-100\" alt=\"Image ecrinsybelles_residence_4\">\r\n                        <\/div>\r\n                        <div class=\"col-md-9\">\r\n                            <div class=\"card-block px-1\">\r\n                                <h2 class=\"card-title\">\r\n                                    <a href=\"https:\/\/la-toussuire.com\/en\/details\/residence-lecrin-des-sybelles-lagrange-97281-En\/\">R\u00e9sidence L\u2019\u00c9crin des Sybelles &#8211; Lagrange<\/a>\r\n                                <\/h2>\r\n                                <p class=\"classement\"><i class=\"label label-4toiles\">4 \u00e9toiles<\/i><\/p>\r\n                                <p class=\"card-text\">This residence with an elegant architecture is composed of 51 apartments spread in 4 chalets of wood and stone of 3 or 4 levels (with a lift).<\/p>\r\n                                <p class=\"labels\"><\/p>\r\n                            <\/div>\r\n                            <a href=\"https:\/\/la-toussuire.com\/en\/details\/residence-lecrin-des-sybelles-lagrange-97281-En\/\" class=\"btn\">View more<\/a>\r\n                        <\/div>\r\n                    <\/div>\r\n                <\/div>\r\n                            <div class=\"card 5etoiles 0-3pieces Residencedetourisme\">\r\n                    <div class=\"row\">\r\n                        <div class=\"col-md-3\">\r\n                                                            <div class=\"pictos\">\r\n                                    <span class=\"label-parking_prive\" title=\"Private parking\">Private parking<\/span><span class=\"label-animaux_acceptes\" title=\"Pets welcome\">Pets welcome<\/span><span class=\"label-soins\" title=\"Beauty treatments\">Beauty treatments<\/span><span class=\"label-massages\" title=\"Massages\">Massages<\/span><span class=\"label-cheque_vacances\" title=\"Travellers Cheque\">Travellers Cheque<\/span>                                <\/div>\r\n                                                        <img decoding=\"async\" src=\"https:\/\/static.apidae-tourisme.com\/filestore\/objets-touristiques\/images\/109\/186\/8567405-diaporama.jpg\" class=\"w-100\" alt=\"Image Appartement Alpaga\">\r\n                        <\/div>\r\n                        <div class=\"col-md-9\">\r\n                            <div class=\"card-block px-1\">\r\n                                <h2 class=\"card-title\">\r\n                                    <a href=\"https:\/\/la-toussuire.com\/en\/details\/residence-cgh-lalpaga-5545328-En\/\">R\u00e9sidence CGH L&#8217;ALPAGA<\/a>\r\n                                <\/h2>\r\n                                <p class=\"classement\"><i class=\"label label-5toiles\">5 \u00e9toiles<\/i><\/p>\r\n                                <p class=\"card-text\">The Alpaga residence is ideally located at the foot of the slopes, with 84 warmly decorated apartments, between tradition and modernity.<\/p>\r\n                                <p class=\"labels\"><\/p>\r\n                            <\/div>\r\n                            <a href=\"https:\/\/la-toussuire.com\/en\/details\/residence-cgh-lalpaga-5545328-En\/\" class=\"btn\">View more<\/a>\r\n                        <\/div>\r\n                    <\/div>\r\n                <\/div>\r\n                            <div class=\"card 4etoiles 0-3pieces Residencedetourisme Appartement\">\r\n                    <div class=\"row\">\r\n                        <div class=\"col-md-3\">\r\n                                                            <div class=\"pictos\">\r\n                                    <span class=\"label-animaux_acceptes\" title=\"Pets welcome\">Pets welcome<\/span><span class=\"label-cheque_vacances\" title=\"Travellers Cheque\">Travellers Cheque<\/span>                                <\/div>\r\n                                                        <img decoding=\"async\" src=\"https:\/\/static.apidae-tourisme.com\/filestore\/objets-touristiques\/images\/5\/35\/4006661-diaporama.jpg\" class=\"w-100\" alt=\"Image TOUSSULCOMB01\">\r\n                        <\/div>\r\n                        <div class=\"col-md-9\">\r\n                            <div class=\"card-block px-1\">\r\n                                <h2 class=\"card-title\">\r\n                                    <a href=\"https:\/\/la-toussuire.com\/en\/details\/residence-les-hauts-de-comborciere-lagrange-97276-En\/\">Residence &#8220;Les Hauts de Comborci\u00e8re&#8221; &#8211; Lagrange<\/a>\r\n                                <\/h2>\r\n                                <p class=\"classement\"><i class=\"label label-4toiles\">4 \u00e9toiles<\/i><\/p>\r\n                                <p class=\"card-text\">The residence &#8220;Les Hauts de Comborci\u00e8re&#8221; is located on the slopes edge and 100m from the center of the resort. \r\nThis residence is in the traditional Savoy architectural style and is made up of 105 apartments shared between three buildings of 4 floors (with lifts).<\/p>\r\n                                <p class=\"labels\"><\/p>\r\n                            <\/div>\r\n                            <a href=\"https:\/\/la-toussuire.com\/en\/details\/residence-les-hauts-de-comborciere-lagrange-97276-En\/\" class=\"btn\">View more<\/a>\r\n                        <\/div>\r\n                    <\/div>\r\n                <\/div>\r\n                    <\/div>\r\n    <\/div>\r\n    <div id=\"selection-map\" class=\"selection-mode-map\" style=\"display: none;\">\r\n        <div class=\"map\" id=\"MapContainerListe\"><\/div>\r\n    <\/div>\r\n<!--END ITEMS APIDAE -->\r\n\r\n<!--BEGIN PAGINATOR -->\r\n<!--BEGIN PAGINATOR --><\/div>","protected":false},"excerpt":{"rendered":"<p>How lovely ! A stay in the mountains with family or friends, with all the comfort everyone needs and the freedom everyone requires, now that&#8217;s ideal ! The major brands you can trust, the essential services and advice of professionals, and prime locations, ensuring a great holiday !<\/p>\n","protected":false},"author":1,"featured_media":7949,"parent":5848,"menu_order":5,"comment_status":"closed","ping_status":"closed","template":"page-template.php","meta":{"_acf_changed":false,"footnotes":""},"class_list":["post-10946","page","type-page","status-publish","has-post-thumbnail","hentry"],"acf":[],"yoast_head":"<!-- This site is optimized with the Yoast SEO plugin v27.1.1 - https:\/\/yoast.com\/product\/yoast-seo-wordpress\/ -->\n<title>Tourist residences - La Toussuire<\/title>\n<meta name=\"description\" content=\"Lagrange, N\u00e9m\u00e9a, Go\u00e9lia, CGH, Terr\u00e9sense, our residences ensure carefree stays in the mountains, with all the services and sense of freedom you need\" \/>\n<meta name=\"robots\" content=\"index, follow, max-snippet:-1, max-image-preview:large, max-video-preview:-1\" \/>\n<link rel=\"canonical\" href=\"https:\/\/la-toussuire.com\/en\/your-stay\/discover-our-accommodations\/tourist-residences\/\" \/>\n<meta property=\"og:locale\" content=\"en_US\" \/>\n<meta property=\"og:type\" content=\"article\" \/>\n<meta property=\"og:title\" content=\"Tourist residences - La Toussuire\" \/>\n<meta property=\"og:description\" content=\"Lagrange, N\u00e9m\u00e9a, Go\u00e9lia, CGH, Terr\u00e9sense, our residences ensure carefree stays in the mountains, with all the services and sense of freedom you need\" \/>\n<meta property=\"og:url\" content=\"https:\/\/la-toussuire.com\/en\/your-stay\/discover-our-accommodations\/tourist-residences\/\" \/>\n<meta property=\"og:site_name\" content=\"La Toussuire\" \/>\n<meta property=\"article:modified_time\" content=\"2024-06-10T08:27:00+00:00\" \/>\n<meta property=\"og:image\" content=\"https:\/\/la-toussuire.com\/wp-content\/uploads\/OTToussuire_Hebergement_Residence_Tourisme_Presentation\u00a9CGHAlpaga@La_Toussuire.jpg\" \/>\n\t<meta property=\"og:image:width\" content=\"1024\" \/>\n\t<meta property=\"og:image:height\" content=\"684\" \/>\n\t<meta property=\"og:image:type\" content=\"image\/jpeg\" \/>\n<meta name=\"twitter:card\" content=\"summary_large_image\" \/>\n<meta name=\"twitter:label1\" content=\"Est. reading time\" \/>\n\t<meta name=\"twitter:data1\" content=\"1 minute\" \/>\n<script type=\"application\/ld+json\" class=\"yoast-schema-graph\">{\"@context\":\"https:\/\/schema.org\",\"@graph\":[{\"@type\":\"WebPage\",\"@id\":\"https:\/\/la-toussuire.com\/en\/your-stay\/discover-our-accommodations\/tourist-residences\/\",\"url\":\"https:\/\/la-toussuire.com\/en\/your-stay\/discover-our-accommodations\/tourist-residences\/\",\"name\":\"Tourist residences - La Toussuire\",\"isPartOf\":{\"@id\":\"https:\/\/la-toussuire.com\/en\/#website\"},\"primaryImageOfPage\":{\"@id\":\"https:\/\/la-toussuire.com\/en\/your-stay\/discover-our-accommodations\/tourist-residences\/#primaryimage\"},\"image\":{\"@id\":\"https:\/\/la-toussuire.com\/en\/your-stay\/discover-our-accommodations\/tourist-residences\/#primaryimage\"},\"thumbnailUrl\":\"https:\/\/la-toussuire.com\/wp-content\/uploads\/OTToussuire_Hebergement_Residence_Tourisme_Presentation\u00a9CGHAlpaga@La_Toussuire.jpg\",\"datePublished\":\"2022-09-27T12:42:03+00:00\",\"dateModified\":\"2024-06-10T08:27:00+00:00\",\"description\":\"Lagrange, N\u00e9m\u00e9a, Go\u00e9lia, CGH, Terr\u00e9sense, our residences ensure carefree stays in the mountains, with all the services and sense of freedom you need\",\"breadcrumb\":{\"@id\":\"https:\/\/la-toussuire.com\/en\/your-stay\/discover-our-accommodations\/tourist-residences\/#breadcrumb\"},\"inLanguage\":\"en-US\",\"potentialAction\":[{\"@type\":\"ReadAction\",\"target\":[\"https:\/\/la-toussuire.com\/en\/your-stay\/discover-our-accommodations\/tourist-residences\/\"]}]},{\"@type\":\"ImageObject\",\"inLanguage\":\"en-US\",\"@id\":\"https:\/\/la-toussuire.com\/en\/your-stay\/discover-our-accommodations\/tourist-residences\/#primaryimage\",\"url\":\"https:\/\/la-toussuire.com\/wp-content\/uploads\/OTToussuire_Hebergement_Residence_Tourisme_Presentation\u00a9CGHAlpaga@La_Toussuire.jpg\",\"contentUrl\":\"https:\/\/la-toussuire.com\/wp-content\/uploads\/OTToussuire_Hebergement_Residence_Tourisme_Presentation\u00a9CGHAlpaga@La_Toussuire.jpg\",\"width\":1024,\"height\":684,\"caption\":\"Tourist residences\"},{\"@type\":\"BreadcrumbList\",\"@id\":\"https:\/\/la-toussuire.com\/en\/your-stay\/discover-our-accommodations\/tourist-residences\/#breadcrumb\",\"itemListElement\":[{\"@type\":\"ListItem\",\"position\":1,\"name\":\"Home\",\"item\":\"https:\/\/la-toussuire.com\/en\/\"},{\"@type\":\"ListItem\",\"position\":2,\"name\":\"I&#8217;m organising my stay\",\"item\":\"https:\/\/la-toussuire.com\/en\/your-stay\/\"},{\"@type\":\"ListItem\",\"position\":3,\"name\":\"Our accommodation\",\"item\":\"https:\/\/la-toussuire.com\/en\/your-stay\/discover-our-accommodations\/\"},{\"@type\":\"ListItem\",\"position\":4,\"name\":\"Tourist residences\"}]},{\"@type\":\"WebSite\",\"@id\":\"https:\/\/la-toussuire.com\/en\/#website\",\"url\":\"https:\/\/la-toussuire.com\/en\/\",\"name\":\"La Toussuire\",\"description\":\"\",\"publisher\":{\"@id\":\"https:\/\/la-toussuire.com\/en\/#organization\"},\"potentialAction\":[{\"@type\":\"SearchAction\",\"target\":{\"@type\":\"EntryPoint\",\"urlTemplate\":\"https:\/\/la-toussuire.com\/en\/?s={search_term_string}\"},\"query-input\":{\"@type\":\"PropertyValueSpecification\",\"valueRequired\":true,\"valueName\":\"search_term_string\"}}],\"inLanguage\":\"en-US\"},{\"@type\":\"Organization\",\"@id\":\"https:\/\/la-toussuire.com\/en\/#organization\",\"name\":\"La Toussuire\",\"url\":\"https:\/\/la-toussuire.com\/en\/\",\"logo\":{\"@type\":\"ImageObject\",\"inLanguage\":\"en-US\",\"@id\":\"https:\/\/la-toussuire.com\/en\/#\/schema\/logo\/image\/\",\"url\":\"https:\/\/la-toussuire.com\/wp-content\/uploads\/cropped-Nouveau-LA-TOUSSUIRE_Logo_Plan-de-travail-1-02.png\",\"contentUrl\":\"https:\/\/la-toussuire.com\/wp-content\/uploads\/cropped-Nouveau-LA-TOUSSUIRE_Logo_Plan-de-travail-1-02.png\",\"width\":591,\"height\":591,\"caption\":\"La Toussuire\"},\"image\":{\"@id\":\"https:\/\/la-toussuire.com\/en\/#\/schema\/logo\/image\/\"}}]}<\/script>\n<!-- \/ Yoast SEO plugin. -->","yoast_head_json":{"title":"Tourist residences - La Toussuire","description":"Lagrange, N\u00e9m\u00e9a, Go\u00e9lia, CGH, Terr\u00e9sense, our residences ensure carefree stays in the mountains, with all the services and sense of freedom you need","robots":{"index":"index","follow":"follow","max-snippet":"max-snippet:-1","max-image-preview":"max-image-preview:large","max-video-preview":"max-video-preview:-1"},"canonical":"https:\/\/la-toussuire.com\/en\/your-stay\/discover-our-accommodations\/tourist-residences\/","og_locale":"en_US","og_type":"article","og_title":"Tourist residences - La Toussuire","og_description":"Lagrange, N\u00e9m\u00e9a, Go\u00e9lia, CGH, Terr\u00e9sense, our residences ensure carefree stays in the mountains, with all the services and sense of freedom you need","og_url":"https:\/\/la-toussuire.com\/en\/your-stay\/discover-our-accommodations\/tourist-residences\/","og_site_name":"La Toussuire","article_modified_time":"2024-06-10T08:27:00+00:00","og_image":[{"width":1024,"height":684,"url":"https:\/\/la-toussuire.com\/wp-content\/uploads\/OTToussuire_Hebergement_Residence_Tourisme_Presentation\u00a9CGHAlpaga@La_Toussuire.jpg","type":"image\/jpeg"}],"twitter_card":"summary_large_image","twitter_misc":{"Est. reading time":"1 minute"},"schema":{"@context":"https:\/\/schema.org","@graph":[{"@type":"WebPage","@id":"https:\/\/la-toussuire.com\/en\/your-stay\/discover-our-accommodations\/tourist-residences\/","url":"https:\/\/la-toussuire.com\/en\/your-stay\/discover-our-accommodations\/tourist-residences\/","name":"Tourist residences - La Toussuire","isPartOf":{"@id":"https:\/\/la-toussuire.com\/en\/#website"},"primaryImageOfPage":{"@id":"https:\/\/la-toussuire.com\/en\/your-stay\/discover-our-accommodations\/tourist-residences\/#primaryimage"},"image":{"@id":"https:\/\/la-toussuire.com\/en\/your-stay\/discover-our-accommodations\/tourist-residences\/#primaryimage"},"thumbnailUrl":"https:\/\/la-toussuire.com\/wp-content\/uploads\/OTToussuire_Hebergement_Residence_Tourisme_Presentation\u00a9CGHAlpaga@La_Toussuire.jpg","datePublished":"2022-09-27T12:42:03+00:00","dateModified":"2024-06-10T08:27:00+00:00","description":"Lagrange, N\u00e9m\u00e9a, Go\u00e9lia, CGH, Terr\u00e9sense, our residences ensure carefree stays in the mountains, with all the services and sense of freedom you need","breadcrumb":{"@id":"https:\/\/la-toussuire.com\/en\/your-stay\/discover-our-accommodations\/tourist-residences\/#breadcrumb"},"inLanguage":"en-US","potentialAction":[{"@type":"ReadAction","target":["https:\/\/la-toussuire.com\/en\/your-stay\/discover-our-accommodations\/tourist-residences\/"]}]},{"@type":"ImageObject","inLanguage":"en-US","@id":"https:\/\/la-toussuire.com\/en\/your-stay\/discover-our-accommodations\/tourist-residences\/#primaryimage","url":"https:\/\/la-toussuire.com\/wp-content\/uploads\/OTToussuire_Hebergement_Residence_Tourisme_Presentation\u00a9CGHAlpaga@La_Toussuire.jpg","contentUrl":"https:\/\/la-toussuire.com\/wp-content\/uploads\/OTToussuire_Hebergement_Residence_Tourisme_Presentation\u00a9CGHAlpaga@La_Toussuire.jpg","width":1024,"height":684,"caption":"Tourist residences"},{"@type":"BreadcrumbList","@id":"https:\/\/la-toussuire.com\/en\/your-stay\/discover-our-accommodations\/tourist-residences\/#breadcrumb","itemListElement":[{"@type":"ListItem","position":1,"name":"Home","item":"https:\/\/la-toussuire.com\/en\/"},{"@type":"ListItem","position":2,"name":"I&#8217;m organising my stay","item":"https:\/\/la-toussuire.com\/en\/your-stay\/"},{"@type":"ListItem","position":3,"name":"Our accommodation","item":"https:\/\/la-toussuire.com\/en\/your-stay\/discover-our-accommodations\/"},{"@type":"ListItem","position":4,"name":"Tourist residences"}]},{"@type":"WebSite","@id":"https:\/\/la-toussuire.com\/en\/#website","url":"https:\/\/la-toussuire.com\/en\/","name":"La Toussuire","description":"","publisher":{"@id":"https:\/\/la-toussuire.com\/en\/#organization"},"potentialAction":[{"@type":"SearchAction","target":{"@type":"EntryPoint","urlTemplate":"https:\/\/la-toussuire.com\/en\/?s={search_term_string}"},"query-input":{"@type":"PropertyValueSpecification","valueRequired":true,"valueName":"search_term_string"}}],"inLanguage":"en-US"},{"@type":"Organization","@id":"https:\/\/la-toussuire.com\/en\/#organization","name":"La Toussuire","url":"https:\/\/la-toussuire.com\/en\/","logo":{"@type":"ImageObject","inLanguage":"en-US","@id":"https:\/\/la-toussuire.com\/en\/#\/schema\/logo\/image\/","url":"https:\/\/la-toussuire.com\/wp-content\/uploads\/cropped-Nouveau-LA-TOUSSUIRE_Logo_Plan-de-travail-1-02.png","contentUrl":"https:\/\/la-toussuire.com\/wp-content\/uploads\/cropped-Nouveau-LA-TOUSSUIRE_Logo_Plan-de-travail-1-02.png","width":591,"height":591,"caption":"La Toussuire"},"image":{"@id":"https:\/\/la-toussuire.com\/en\/#\/schema\/logo\/image\/"}}]}},"_links":{"self":[{"href":"https:\/\/la-toussuire.com\/en\/wp-json\/wp\/v2\/pages\/10946","targetHints":{"allow":["GET"]}}],"collection":[{"href":"https:\/\/la-toussuire.com\/en\/wp-json\/wp\/v2\/pages"}],"about":[{"href":"https:\/\/la-toussuire.com\/en\/wp-json\/wp\/v2\/types\/page"}],"author":[{"embeddable":true,"href":"https:\/\/la-toussuire.com\/en\/wp-json\/wp\/v2\/users\/1"}],"replies":[{"embeddable":true,"href":"https:\/\/la-toussuire.com\/en\/wp-json\/wp\/v2\/comments?post=10946"}],"version-history":[{"count":2,"href":"https:\/\/la-toussuire.com\/en\/wp-json\/wp\/v2\/pages\/10946\/revisions"}],"predecessor-version":[{"id":31855,"href":"https:\/\/la-toussuire.com\/en\/wp-json\/wp\/v2\/pages\/10946\/revisions\/31855"}],"up":[{"embeddable":true,"href":"https:\/\/la-toussuire.com\/en\/wp-json\/wp\/v2\/pages\/5848"}],"wp:featuredmedia":[{"embeddable":true,"href":"https:\/\/la-toussuire.com\/en\/wp-json\/wp\/v2\/media\/7949"}],"wp:attachment":[{"href":"https:\/\/la-toussuire.com\/en\/wp-json\/wp\/v2\/media?parent=10946"}],"curies":[{"name":"wp","href":"https:\/\/api.w.org\/{rel}","templated":true}]}}