{"id":10784,"date":"2022-09-07T14:29:01","date_gmt":"2022-09-07T12:29:01","guid":{"rendered":"https:\/\/la-toussuire.com\/what-to-do-in-summer\/explore-our-mountains\/mountain-biking-and-e-mountain-biking\/"},"modified":"2025-05-09T15:22:40","modified_gmt":"2025-05-09T13:22:40","slug":"mountain-biking-and-e-mountain-biking","status":"publish","type":"page","link":"https:\/\/la-toussuire.com\/en\/what-to-do-in-summer\/activities-on-summer\/mountain-biking-and-e-mountain-biking\/","title":{"rendered":"Mountain biking and e-mountain biking."},"content":{"rendered":"<div class=\"block block-core-heading\">\n<h2 class=\"wp-block-heading has-text-align-center\" id=\"le-vtt-en-famille-une-bonne-occasion-de-s-amuser-surtout-s-il-est-electrique\">Mountain biking is a great family activity, especially on an e-bike !<\/h2>\n<\/div><div class=\"block block-core-paragraph\">\n<p class=\"has-text-align-center\" id=\"1100-a-2250m-d-altitude-de-nombreux-parcours-jalonnent-notre-territoire-dans-les-alpages-dans-les-villages-a-l-ombre-ou-en-plein-soleil-le-vtt-et-le-vtt-ae-se-pratiquent-en-famille-ou-seul-mais-le-plaisir-est-toujours-le-meme\"><strong>From 1,100 to 2,250m above sea level<\/strong>, many trails criss-cross the resort. In mountain pastures and villages, in the shade or in the sun, <strong>mountain biking<\/strong> and <strong>e-mountain biking<\/strong> can be enjoyed as a family or solo, but is <strong>always a great experience !<\/strong> <\/p>\n<\/div><div class=\"block block-core-media-text align-wrap align-wrap-wide\">\n<div class=\"wp-block-media-text alignwide has-media-on-the-right is-stacked-on-mobile is-image-fill-element\"><div class=\"wp-block-media-text__content\"><div class=\"block block-core-heading\">\n<h2 class=\"wp-block-heading has-text-align-center\" id=\"les-parcours-de-vtt-et-vttae\">Mountain biking and e-mountain biking trails<\/h2>\n<\/div>\n\n<div class=\"block block-core-paragraph\">\n<p class=\"has-text-align-center\">Our resort is particularly suited to riding MBs and EMBs. Explore our <strong>range<\/strong> of wide, well-marked trails, <strong>gentle hills<\/strong> to climb and then speed down, <strong>have fun<\/strong> with your family or <strong>challenge<\/strong> your friends, and <em>have a great time !<\/em> <\/p>\n<\/div>\n\n<div class=\"block block-core-paragraph\">\n<p><\/p>\n<\/div>\n\n<div class=\"block block-core-buttons\">\n<div class=\"wp-block-buttons is-content-justification-center is-layout-flex wp-container-core-buttons-is-layout-16018d1d wp-block-buttons-is-layout-flex\"><div class=\"block block-core-button\">\n<div class=\"wp-block-button\"><a class=\"wp-block-button__link wp-element-button\" href=\"https:\/\/la-toussuire.com\/en\/what-to-do-in-summer\/activities-on-summer\/mountain-biking-and-e-mountain-biking\/les-parcours-de-vtt-et-vtt-ae\/\">Our trails <\/a><\/div>\n<\/div><\/div>\n<\/div><\/div><figure class=\"wp-block-media-text__media\"><img loading=\"lazy\" decoding=\"async\" width=\"1024\" height=\"683\" src=\"https:\/\/la-toussuire.com\/wp-content\/uploads\/OTToussuire_VTT_VAE_Parcours_Circuit_Galerie\u00a9AlbanPernet@La_Toussuire.jpg\" alt=\"Deux VVTistes \u00e0 l'arr\u00eat avec leurs VTT \u00e9lectriques sur la plateau de la Toussuire\" class=\"wp-image-8886 size-full\" style=\"object-position:42% 53%\" srcset=\"https:\/\/la-toussuire.com\/wp-content\/uploads\/OTToussuire_VTT_VAE_Parcours_Circuit_Galerie\u00a9AlbanPernet@La_Toussuire.jpg 1024w, https:\/\/la-toussuire.com\/wp-content\/uploads\/OTToussuire_VTT_VAE_Parcours_Circuit_Galerie\u00a9AlbanPernet@La_Toussuire-300x200.jpg 300w, https:\/\/la-toussuire.com\/wp-content\/uploads\/OTToussuire_VTT_VAE_Parcours_Circuit_Galerie\u00a9AlbanPernet@La_Toussuire-150x100.jpg 150w, https:\/\/la-toussuire.com\/wp-content\/uploads\/OTToussuire_VTT_VAE_Parcours_Circuit_Galerie\u00a9AlbanPernet@La_Toussuire-768x512.jpg 768w\" sizes=\"auto, (max-width: 1024px) 100vw, 1024px\" \/><\/figure><\/div>\n<\/div><div class=\"block block-core-media-text align-wrap align-wrap-wide\">\n<div class=\"wp-block-media-text alignwide is-stacked-on-mobile is-image-fill-element\"><figure class=\"wp-block-media-text__media\"><img loading=\"lazy\" decoding=\"async\" width=\"1024\" height=\"683\" src=\"https:\/\/la-toussuire.com\/wp-content\/uploads\/\/OTToussuire_VTT_VAE_Locations_Presentation\u00a9AlbanPernet@La_Toussuire-1-1024x683.jpg\" alt=\"VTT Electrique poser contre une rambarde en bois devant le lac de l'Eriscal avec trois personnes.\" class=\"wp-image-8914 size-full\" style=\"object-position:50% 50%\" srcset=\"https:\/\/la-toussuire.com\/wp-content\/uploads\/OTToussuire_VTT_VAE_Locations_Presentation\u00a9AlbanPernet@La_Toussuire-1-1024x683.jpg 1024w, https:\/\/la-toussuire.com\/wp-content\/uploads\/OTToussuire_VTT_VAE_Locations_Presentation\u00a9AlbanPernet@La_Toussuire-1-300x200.jpg 300w, https:\/\/la-toussuire.com\/wp-content\/uploads\/OTToussuire_VTT_VAE_Locations_Presentation\u00a9AlbanPernet@La_Toussuire-1-150x100.jpg 150w, https:\/\/la-toussuire.com\/wp-content\/uploads\/OTToussuire_VTT_VAE_Locations_Presentation\u00a9AlbanPernet@La_Toussuire-1-768x512.jpg 768w, https:\/\/la-toussuire.com\/wp-content\/uploads\/OTToussuire_VTT_VAE_Locations_Presentation\u00a9AlbanPernet@La_Toussuire-1-1536x1024.jpg 1536w, https:\/\/la-toussuire.com\/wp-content\/uploads\/OTToussuire_VTT_VAE_Locations_Presentation\u00a9AlbanPernet@La_Toussuire-1-2048x1365.jpg 2048w\" sizes=\"auto, (max-width: 1024px) 100vw, 1024px\" \/><\/figure><div class=\"wp-block-media-text__content\"><div class=\"block block-core-heading\">\n<h2 class=\"wp-block-heading has-text-align-center\" id=\"locations\">Equipment hire<\/h2>\n<\/div>\n\n<div class=\"block block-core-paragraph\">\n<p class=\"has-text-align-center\">Il n&#8217;est pas forc\u00e9ment n\u00e9cessaire d&#8217;apporter son VTT pour passer de bonnes vacances. Inutile de se charger lorsque <strong>les VTT et VTTAE en location sont souvent les derniers mod\u00e8les sortis. <\/strong><\/p>\n<\/div>\n\n<div class=\"block block-core-paragraph\">\n<p><\/p>\n<\/div>\n\n<div class=\"block block-core-buttons\">\n<div class=\"wp-block-buttons is-content-justification-center is-layout-flex wp-container-core-buttons-is-layout-16018d1d wp-block-buttons-is-layout-flex\"><div class=\"block block-core-button\">\n<div class=\"wp-block-button\"><a class=\"wp-block-button__link wp-element-button\" href=\"https:\/\/la-toussuire.com\/en\/what-to-do-in-summer\/activities-on-summer\/mountain-biking-and-e-mountain-biking\/rental-vtt-vttae\/\">Hey, my bike !<\/a><\/div>\n<\/div><\/div>\n<\/div><\/div><\/div>\n<\/div><div class=\"block block-core-media-text align-wrap align-wrap-wide\">\n<div class=\"wp-block-media-text alignwide has-media-on-the-right is-stacked-on-mobile is-image-fill-element\"><div class=\"wp-block-media-text__content\"><div class=\"block block-core-heading\">\n<h2 class=\"wp-block-heading has-text-align-center\" id=\"randonnees-vtt-accompagnees-avec-prestataire\">Guided mountain biking tours with service providers<\/h2>\n<\/div>\n\n<div class=\"block block-core-paragraph\">\n<p class=\"has-text-align-center\">Not a mountain biking pro but want to <strong>try it out<\/strong> ? Is your kid a bit of a daredevil, and you&#8217;d like them to take a course to ride <strong>safer<\/strong> ? Want to enjoy a family ride <strong>without any unnecessary risks<\/strong> ? <em>Our guided rides are made for you !<\/em><\/p>\n<\/div>\n\n<div class=\"block block-core-buttons\">\n<div class=\"wp-block-buttons is-content-justification-center is-layout-flex wp-container-core-buttons-is-layout-16018d1d wp-block-buttons-is-layout-flex\"><div class=\"block block-core-button\">\n<div class=\"wp-block-button\"><a class=\"wp-block-button__link wp-element-button\" href=\"https:\/\/la-toussuire.com\/en\/what-to-do-in-summer\/activities-on-summer\/mountain-biking-and-e-mountain-biking\/begeleide-mountainbike-tochten\/\">Guided rides <\/a><\/div>\n<\/div><\/div>\n<\/div><\/div><figure class=\"wp-block-media-text__media\"><img loading=\"lazy\" decoding=\"async\" width=\"1024\" height=\"576\" src=\"https:\/\/la-toussuire.com\/wp-content\/uploads\/\/OTToussuire_VTT_VAE_Rando_accompagnees_Galerie\u00a9OTToussuire@La_Toussuire-1024x576.jpg\" alt=\"Guided e-mountain bike ride in La Toussuire The profile photo was taken going downhill towards the hamlets, with the mountain landscape as background\" class=\"wp-image-8901 size-full\" style=\"object-position:42% 51%\" srcset=\"https:\/\/la-toussuire.com\/wp-content\/uploads\/OTToussuire_VTT_VAE_Rando_accompagnees_Galerie\u00a9OTToussuire@La_Toussuire-1024x576.jpg 1024w, https:\/\/la-toussuire.com\/wp-content\/uploads\/OTToussuire_VTT_VAE_Rando_accompagnees_Galerie\u00a9OTToussuire@La_Toussuire-300x169.jpg 300w, https:\/\/la-toussuire.com\/wp-content\/uploads\/OTToussuire_VTT_VAE_Rando_accompagnees_Galerie\u00a9OTToussuire@La_Toussuire-150x84.jpg 150w, https:\/\/la-toussuire.com\/wp-content\/uploads\/OTToussuire_VTT_VAE_Rando_accompagnees_Galerie\u00a9OTToussuire@La_Toussuire-768x432.jpg 768w, https:\/\/la-toussuire.com\/wp-content\/uploads\/OTToussuire_VTT_VAE_Rando_accompagnees_Galerie\u00a9OTToussuire@La_Toussuire-1536x864.jpg 1536w, https:\/\/la-toussuire.com\/wp-content\/uploads\/OTToussuire_VTT_VAE_Rando_accompagnees_Galerie\u00a9OTToussuire@La_Toussuire-2048x1152.jpg 2048w\" sizes=\"auto, (max-width: 1024px) 100vw, 1024px\" \/><\/figure><\/div>\n<\/div>","protected":false},"excerpt":{"rendered":"<p>Mountain biking is a great family activity, especially on an e-bike ! From 1,100 to 2,250m above sea level, many trails criss-cross the resort. In mountain pastures and villages, in the shade or in the sun, mountain biking and e-mountain biking can be enjoyed as a family or solo, but is always a great experience [&hellip;]<\/p>\n","protected":false},"author":3,"featured_media":8913,"parent":17185,"menu_order":3,"comment_status":"closed","ping_status":"closed","template":"page-template.php","meta":{"_acf_changed":false,"footnotes":""},"class_list":["post-10784","page","type-page","status-publish","has-post-thumbnail","hentry"],"acf":[],"yoast_head":"<!-- This site is optimized with the Yoast SEO plugin v27.1.1 - https:\/\/yoast.com\/product\/yoast-seo-wordpress\/ -->\n<title>Mountain biking and e-mountain biking. - La Toussuire<\/title>\n<meta name=\"description\" content=\"Discover our mountain bike and e-mountain bike trails with family or friends ! Rentals and guided rides are available in the resort shops.\" \/>\n<meta name=\"robots\" content=\"index, follow, max-snippet:-1, max-image-preview:large, max-video-preview:-1\" \/>\n<link rel=\"canonical\" href=\"https:\/\/la-toussuire.com\/en\/what-to-do-in-summer\/activities-on-summer\/mountain-biking-and-e-mountain-biking\/\" \/>\n<meta property=\"og:locale\" content=\"en_US\" \/>\n<meta property=\"og:type\" content=\"article\" \/>\n<meta property=\"og:title\" content=\"Mountain biking and e-mountain biking. - La Toussuire\" \/>\n<meta property=\"og:description\" content=\"Discover our mountain bike and e-mountain bike trails with family or friends ! Rentals and guided rides are available in the resort shops.\" \/>\n<meta property=\"og:url\" content=\"https:\/\/la-toussuire.com\/en\/what-to-do-in-summer\/activities-on-summer\/mountain-biking-and-e-mountain-biking\/\" \/>\n<meta property=\"og:site_name\" content=\"La Toussuire\" \/>\n<meta property=\"article:modified_time\" content=\"2025-05-09T13:22:40+00:00\" \/>\n<meta property=\"og:image\" content=\"https:\/\/la-toussuire.com\/wp-content\/uploads\/OTToussuire_VTT_VAE_Presentation\u00a9AlbanPernet@La_Toussuire-1.jpg\" \/>\n\t<meta property=\"og:image:width\" content=\"2400\" \/>\n\t<meta property=\"og:image:height\" content=\"1602\" \/>\n\t<meta property=\"og:image:type\" content=\"image\/jpeg\" \/>\n<meta name=\"twitter:card\" content=\"summary_large_image\" \/>\n<meta name=\"twitter:label1\" content=\"Est. reading time\" \/>\n\t<meta name=\"twitter:data1\" content=\"2 minutes\" \/>\n<script type=\"application\/ld+json\" class=\"yoast-schema-graph\">{\"@context\":\"https:\/\/schema.org\",\"@graph\":[{\"@type\":\"WebPage\",\"@id\":\"https:\/\/la-toussuire.com\/en\/what-to-do-in-summer\/activities-on-summer\/mountain-biking-and-e-mountain-biking\/\",\"url\":\"https:\/\/la-toussuire.com\/en\/what-to-do-in-summer\/activities-on-summer\/mountain-biking-and-e-mountain-biking\/\",\"name\":\"Mountain biking and e-mountain biking. - La Toussuire\",\"isPartOf\":{\"@id\":\"https:\/\/la-toussuire.com\/en\/#website\"},\"primaryImageOfPage\":{\"@id\":\"https:\/\/la-toussuire.com\/en\/what-to-do-in-summer\/activities-on-summer\/mountain-biking-and-e-mountain-biking\/#primaryimage\"},\"image\":{\"@id\":\"https:\/\/la-toussuire.com\/en\/what-to-do-in-summer\/activities-on-summer\/mountain-biking-and-e-mountain-biking\/#primaryimage\"},\"thumbnailUrl\":\"https:\/\/la-toussuire.com\/wp-content\/uploads\/OTToussuire_VTT_VAE_Presentation\u00a9AlbanPernet@La_Toussuire-1.jpg\",\"datePublished\":\"2022-09-07T12:29:01+00:00\",\"dateModified\":\"2025-05-09T13:22:40+00:00\",\"description\":\"Discover our mountain bike and e-mountain bike trails with family or friends ! Rentals and guided rides are available in the resort shops.\",\"breadcrumb\":{\"@id\":\"https:\/\/la-toussuire.com\/en\/what-to-do-in-summer\/activities-on-summer\/mountain-biking-and-e-mountain-biking\/#breadcrumb\"},\"inLanguage\":\"en-US\",\"potentialAction\":[{\"@type\":\"ReadAction\",\"target\":[\"https:\/\/la-toussuire.com\/en\/what-to-do-in-summer\/activities-on-summer\/mountain-biking-and-e-mountain-biking\/\"]}]},{\"@type\":\"ImageObject\",\"inLanguage\":\"en-US\",\"@id\":\"https:\/\/la-toussuire.com\/en\/what-to-do-in-summer\/activities-on-summer\/mountain-biking-and-e-mountain-biking\/#primaryimage\",\"url\":\"https:\/\/la-toussuire.com\/wp-content\/uploads\/OTToussuire_VTT_VAE_Presentation\u00a9AlbanPernet@La_Toussuire-1.jpg\",\"contentUrl\":\"https:\/\/la-toussuire.com\/wp-content\/uploads\/OTToussuire_VTT_VAE_Presentation\u00a9AlbanPernet@La_Toussuire-1.jpg\",\"width\":2400,\"height\":1602,\"caption\":\"E-mountain bike ride in champ P\u00e9rouze\"},{\"@type\":\"BreadcrumbList\",\"@id\":\"https:\/\/la-toussuire.com\/en\/what-to-do-in-summer\/activities-on-summer\/mountain-biking-and-e-mountain-biking\/#breadcrumb\",\"itemListElement\":[{\"@type\":\"ListItem\",\"position\":1,\"name\":\"Home\",\"item\":\"https:\/\/la-toussuire.com\/en\/\"},{\"@type\":\"ListItem\",\"position\":2,\"name\":\"I&rsquo;m having fun\",\"item\":\"https:\/\/la-toussuire.com\/en\/what-to-do-in-summer\/\"},{\"@type\":\"ListItem\",\"position\":3,\"name\":\"Our summer activities\",\"item\":\"https:\/\/la-toussuire.com\/en\/what-to-do-in-summer\/activities-on-summer\/\"},{\"@type\":\"ListItem\",\"position\":4,\"name\":\"Mountain biking and e-mountain biking.\"}]},{\"@type\":\"WebSite\",\"@id\":\"https:\/\/la-toussuire.com\/en\/#website\",\"url\":\"https:\/\/la-toussuire.com\/en\/\",\"name\":\"La Toussuire\",\"description\":\"\",\"publisher\":{\"@id\":\"https:\/\/la-toussuire.com\/en\/#organization\"},\"potentialAction\":[{\"@type\":\"SearchAction\",\"target\":{\"@type\":\"EntryPoint\",\"urlTemplate\":\"https:\/\/la-toussuire.com\/en\/?s={search_term_string}\"},\"query-input\":{\"@type\":\"PropertyValueSpecification\",\"valueRequired\":true,\"valueName\":\"search_term_string\"}}],\"inLanguage\":\"en-US\"},{\"@type\":\"Organization\",\"@id\":\"https:\/\/la-toussuire.com\/en\/#organization\",\"name\":\"La Toussuire\",\"url\":\"https:\/\/la-toussuire.com\/en\/\",\"logo\":{\"@type\":\"ImageObject\",\"inLanguage\":\"en-US\",\"@id\":\"https:\/\/la-toussuire.com\/en\/#\/schema\/logo\/image\/\",\"url\":\"https:\/\/la-toussuire.com\/wp-content\/uploads\/cropped-Nouveau-LA-TOUSSUIRE_Logo_Plan-de-travail-1-02.png\",\"contentUrl\":\"https:\/\/la-toussuire.com\/wp-content\/uploads\/cropped-Nouveau-LA-TOUSSUIRE_Logo_Plan-de-travail-1-02.png\",\"width\":591,\"height\":591,\"caption\":\"La Toussuire\"},\"image\":{\"@id\":\"https:\/\/la-toussuire.com\/en\/#\/schema\/logo\/image\/\"}}]}<\/script>\n<!-- \/ Yoast SEO plugin. -->","yoast_head_json":{"title":"Mountain biking and e-mountain biking. - La Toussuire","description":"Discover our mountain bike and e-mountain bike trails with family or friends ! Rentals and guided rides are available in the resort shops.","robots":{"index":"index","follow":"follow","max-snippet":"max-snippet:-1","max-image-preview":"max-image-preview:large","max-video-preview":"max-video-preview:-1"},"canonical":"https:\/\/la-toussuire.com\/en\/what-to-do-in-summer\/activities-on-summer\/mountain-biking-and-e-mountain-biking\/","og_locale":"en_US","og_type":"article","og_title":"Mountain biking and e-mountain biking. - La Toussuire","og_description":"Discover our mountain bike and e-mountain bike trails with family or friends ! Rentals and guided rides are available in the resort shops.","og_url":"https:\/\/la-toussuire.com\/en\/what-to-do-in-summer\/activities-on-summer\/mountain-biking-and-e-mountain-biking\/","og_site_name":"La Toussuire","article_modified_time":"2025-05-09T13:22:40+00:00","og_image":[{"width":2400,"height":1602,"url":"https:\/\/la-toussuire.com\/wp-content\/uploads\/OTToussuire_VTT_VAE_Presentation\u00a9AlbanPernet@La_Toussuire-1.jpg","type":"image\/jpeg"}],"twitter_card":"summary_large_image","twitter_misc":{"Est. reading time":"2 minutes"},"schema":{"@context":"https:\/\/schema.org","@graph":[{"@type":"WebPage","@id":"https:\/\/la-toussuire.com\/en\/what-to-do-in-summer\/activities-on-summer\/mountain-biking-and-e-mountain-biking\/","url":"https:\/\/la-toussuire.com\/en\/what-to-do-in-summer\/activities-on-summer\/mountain-biking-and-e-mountain-biking\/","name":"Mountain biking and e-mountain biking. - La Toussuire","isPartOf":{"@id":"https:\/\/la-toussuire.com\/en\/#website"},"primaryImageOfPage":{"@id":"https:\/\/la-toussuire.com\/en\/what-to-do-in-summer\/activities-on-summer\/mountain-biking-and-e-mountain-biking\/#primaryimage"},"image":{"@id":"https:\/\/la-toussuire.com\/en\/what-to-do-in-summer\/activities-on-summer\/mountain-biking-and-e-mountain-biking\/#primaryimage"},"thumbnailUrl":"https:\/\/la-toussuire.com\/wp-content\/uploads\/OTToussuire_VTT_VAE_Presentation\u00a9AlbanPernet@La_Toussuire-1.jpg","datePublished":"2022-09-07T12:29:01+00:00","dateModified":"2025-05-09T13:22:40+00:00","description":"Discover our mountain bike and e-mountain bike trails with family or friends ! Rentals and guided rides are available in the resort shops.","breadcrumb":{"@id":"https:\/\/la-toussuire.com\/en\/what-to-do-in-summer\/activities-on-summer\/mountain-biking-and-e-mountain-biking\/#breadcrumb"},"inLanguage":"en-US","potentialAction":[{"@type":"ReadAction","target":["https:\/\/la-toussuire.com\/en\/what-to-do-in-summer\/activities-on-summer\/mountain-biking-and-e-mountain-biking\/"]}]},{"@type":"ImageObject","inLanguage":"en-US","@id":"https:\/\/la-toussuire.com\/en\/what-to-do-in-summer\/activities-on-summer\/mountain-biking-and-e-mountain-biking\/#primaryimage","url":"https:\/\/la-toussuire.com\/wp-content\/uploads\/OTToussuire_VTT_VAE_Presentation\u00a9AlbanPernet@La_Toussuire-1.jpg","contentUrl":"https:\/\/la-toussuire.com\/wp-content\/uploads\/OTToussuire_VTT_VAE_Presentation\u00a9AlbanPernet@La_Toussuire-1.jpg","width":2400,"height":1602,"caption":"E-mountain bike ride in champ P\u00e9rouze"},{"@type":"BreadcrumbList","@id":"https:\/\/la-toussuire.com\/en\/what-to-do-in-summer\/activities-on-summer\/mountain-biking-and-e-mountain-biking\/#breadcrumb","itemListElement":[{"@type":"ListItem","position":1,"name":"Home","item":"https:\/\/la-toussuire.com\/en\/"},{"@type":"ListItem","position":2,"name":"I&rsquo;m having fun","item":"https:\/\/la-toussuire.com\/en\/what-to-do-in-summer\/"},{"@type":"ListItem","position":3,"name":"Our summer activities","item":"https:\/\/la-toussuire.com\/en\/what-to-do-in-summer\/activities-on-summer\/"},{"@type":"ListItem","position":4,"name":"Mountain biking and e-mountain biking."}]},{"@type":"WebSite","@id":"https:\/\/la-toussuire.com\/en\/#website","url":"https:\/\/la-toussuire.com\/en\/","name":"La Toussuire","description":"","publisher":{"@id":"https:\/\/la-toussuire.com\/en\/#organization"},"potentialAction":[{"@type":"SearchAction","target":{"@type":"EntryPoint","urlTemplate":"https:\/\/la-toussuire.com\/en\/?s={search_term_string}"},"query-input":{"@type":"PropertyValueSpecification","valueRequired":true,"valueName":"search_term_string"}}],"inLanguage":"en-US"},{"@type":"Organization","@id":"https:\/\/la-toussuire.com\/en\/#organization","name":"La Toussuire","url":"https:\/\/la-toussuire.com\/en\/","logo":{"@type":"ImageObject","inLanguage":"en-US","@id":"https:\/\/la-toussuire.com\/en\/#\/schema\/logo\/image\/","url":"https:\/\/la-toussuire.com\/wp-content\/uploads\/cropped-Nouveau-LA-TOUSSUIRE_Logo_Plan-de-travail-1-02.png","contentUrl":"https:\/\/la-toussuire.com\/wp-content\/uploads\/cropped-Nouveau-LA-TOUSSUIRE_Logo_Plan-de-travail-1-02.png","width":591,"height":591,"caption":"La Toussuire"},"image":{"@id":"https:\/\/la-toussuire.com\/en\/#\/schema\/logo\/image\/"}}]}},"_links":{"self":[{"href":"https:\/\/la-toussuire.com\/en\/wp-json\/wp\/v2\/pages\/10784","targetHints":{"allow":["GET"]}}],"collection":[{"href":"https:\/\/la-toussuire.com\/en\/wp-json\/wp\/v2\/pages"}],"about":[{"href":"https:\/\/la-toussuire.com\/en\/wp-json\/wp\/v2\/types\/page"}],"author":[{"embeddable":true,"href":"https:\/\/la-toussuire.com\/en\/wp-json\/wp\/v2\/users\/3"}],"replies":[{"embeddable":true,"href":"https:\/\/la-toussuire.com\/en\/wp-json\/wp\/v2\/comments?post=10784"}],"version-history":[{"count":5,"href":"https:\/\/la-toussuire.com\/en\/wp-json\/wp\/v2\/pages\/10784\/revisions"}],"predecessor-version":[{"id":37878,"href":"https:\/\/la-toussuire.com\/en\/wp-json\/wp\/v2\/pages\/10784\/revisions\/37878"}],"up":[{"embeddable":true,"href":"https:\/\/la-toussuire.com\/en\/wp-json\/wp\/v2\/pages\/17185"}],"wp:featuredmedia":[{"embeddable":true,"href":"https:\/\/la-toussuire.com\/en\/wp-json\/wp\/v2\/media\/8913"}],"wp:attachment":[{"href":"https:\/\/la-toussuire.com\/en\/wp-json\/wp\/v2\/media?parent=10784"}],"curies":[{"name":"wp","href":"https:\/\/api.w.org\/{rel}","templated":true}]}}