{"id":10770,"date":"2022-09-07T11:36:46","date_gmt":"2022-09-07T09:36:46","guid":{"rendered":"https:\/\/la-toussuire.com\/practical-information\/coming-to-la-toussuire\/"},"modified":"2025-10-10T13:00:21","modified_gmt":"2025-10-10T11:00:21","slug":"coming-to-la-toussuire","status":"publish","type":"page","link":"https:\/\/la-toussuire.com\/en\/practical-information\/coming-to-la-toussuire\/","title":{"rendered":"How do I get there?"},"content":{"rendered":"<div class=\"block block-core-heading\">\n<h2 class=\"wp-block-heading has-text-align-center\" id=\"acceder-a-la-toussuire-est-toujours-facile-et-pratique-pas-d-inquietude-pour-venir-jusqu-a-nous-et-de-toutes-facons-le-trajet-fait-partie-du-voyage\">Getting here is part of the journey!<\/h2>\n<\/div><div class=\"block block-core-media-text\">\n<div class=\"wp-block-media-text is-stacked-on-mobile\" style=\"grid-template-columns:54% auto\"><figure class=\"wp-block-media-text__media\"><img loading=\"lazy\" decoding=\"async\" width=\"1024\" height=\"576\" src=\"https:\/\/la-toussuire.com\/wp-content\/uploads\/\/WhatsApp-Image-2025-10-09-a-12.05.54_10e769f7-1024x576.jpg\" alt=\"\" class=\"wp-image-42019 size-full\" srcset=\"https:\/\/la-toussuire.com\/wp-content\/uploads\/WhatsApp-Image-2025-10-09-a-12.05.54_10e769f7-1024x576.jpg 1024w, https:\/\/la-toussuire.com\/wp-content\/uploads\/WhatsApp-Image-2025-10-09-a-12.05.54_10e769f7-300x169.jpg 300w, https:\/\/la-toussuire.com\/wp-content\/uploads\/WhatsApp-Image-2025-10-09-a-12.05.54_10e769f7-150x84.jpg 150w, https:\/\/la-toussuire.com\/wp-content\/uploads\/WhatsApp-Image-2025-10-09-a-12.05.54_10e769f7-768x432.jpg 768w, https:\/\/la-toussuire.com\/wp-content\/uploads\/WhatsApp-Image-2025-10-09-a-12.05.54_10e769f7-1536x864.jpg 1536w, https:\/\/la-toussuire.com\/wp-content\/uploads\/WhatsApp-Image-2025-10-09-a-12.05.54_10e769f7.jpg 1600w\" sizes=\"auto, (max-width: 1024px) 100vw, 1024px\" \/><\/figure><div class=\"wp-block-media-text__content\"><div class=\"block block-core-heading\">\n<h2 class=\"wp-block-heading has-text-align-center\">By car<\/h2>\n<\/div>\n\n<div class=\"block block-core-paragraph\">\n<p class=\"has-text-align-center\">Coming to our resort by car couldn&#8217;t be easier! Do you have any questions about the mountain law and how to adapt your driving style to snow conditions? We&#8217;ll explain everything! <\/p>\n<\/div>\n\n<div class=\"block block-core-buttons\">\n<div class=\"wp-block-buttons is-content-justification-center is-layout-flex wp-container-core-buttons-is-layout-16018d1d wp-block-buttons-is-layout-flex\"><div class=\"block block-core-button\">\n<div class=\"wp-block-button\"><a class=\"wp-block-button__link wp-element-button\" href=\"https:\/\/la-toussuire.com\/en-voiture\/\">Let&#8217;s roll !<\/a><\/div>\n<\/div><\/div>\n<\/div><\/div><\/div>\n<\/div><div class=\"block block-core-media-text\">\n<div class=\"wp-block-media-text has-media-on-the-right is-stacked-on-mobile is-image-fill-element\" style=\"grid-template-columns:auto 46%\"><div class=\"wp-block-media-text__content\"><div class=\"block block-core-heading\">\n<h2 class=\"wp-block-heading has-text-align-center\">By train <\/h2>\n<\/div>\n\n<div class=\"block block-core-paragraph\">\n<p class=\"has-text-align-center\">Travelling by train is possible! Saint-Jean-de-Maurienne station is just 25 minutes from La Toussuire. <\/p>\n<\/div>\n\n<div class=\"block block-core-buttons\">\n<div class=\"wp-block-buttons is-content-justification-center is-layout-flex wp-container-core-buttons-is-layout-16018d1d wp-block-buttons-is-layout-flex\"><div class=\"block block-core-button\">\n<div class=\"wp-block-button\"><a class=\"wp-block-button__link wp-element-button\" href=\"https:\/\/la-toussuire.com\/en-train\/\">Attention at the start<\/a><\/div>\n<\/div><\/div>\n<\/div><\/div><figure class=\"wp-block-media-text__media\"><img loading=\"lazy\" decoding=\"async\" width=\"960\" height=\"960\" src=\"https:\/\/la-toussuire.com\/wp-content\/uploads\/OTToussuire_Venir_La_Toussuire_Train\u00a9ChristianLue@La_Toussuire.jpg\" alt=\"Des voyageurs sur le quai d'une gare pr\u00e8s d'un train \u00e0 l'arriv\u00e9e. Ils ont des bagages et discutent.\" class=\"wp-image-8734 size-full\" style=\"object-position:50% 50%\" srcset=\"https:\/\/la-toussuire.com\/wp-content\/uploads\/OTToussuire_Venir_La_Toussuire_Train\u00a9ChristianLue@La_Toussuire.jpg 960w, https:\/\/la-toussuire.com\/wp-content\/uploads\/OTToussuire_Venir_La_Toussuire_Train\u00a9ChristianLue@La_Toussuire-300x300.jpg 300w, https:\/\/la-toussuire.com\/wp-content\/uploads\/OTToussuire_Venir_La_Toussuire_Train\u00a9ChristianLue@La_Toussuire-150x150.jpg 150w, https:\/\/la-toussuire.com\/wp-content\/uploads\/OTToussuire_Venir_La_Toussuire_Train\u00a9ChristianLue@La_Toussuire-768x768.jpg 768w\" sizes=\"auto, (max-width: 960px) 100vw, 960px\" \/><\/figure><\/div>\n<\/div><div class=\"block block-core-media-text\">\n<div class=\"wp-block-media-text is-stacked-on-mobile is-image-fill-element\" style=\"grid-template-columns:53% auto\"><figure class=\"wp-block-media-text__media\"><img loading=\"lazy\" decoding=\"async\" width=\"960\" height=\"960\" src=\"https:\/\/la-toussuire.com\/wp-content\/uploads\/OTToussuire_Venir_La_Toussuire_Avion\u00a9MathieuOdin@La_Toussuire.jpg\" alt=\"An airliner in a blue sky partially covered with white clouds\" class=\"wp-image-8725 size-full\" style=\"object-position:49% 62%\" srcset=\"https:\/\/la-toussuire.com\/wp-content\/uploads\/OTToussuire_Venir_La_Toussuire_Avion\u00a9MathieuOdin@La_Toussuire.jpg 960w, https:\/\/la-toussuire.com\/wp-content\/uploads\/OTToussuire_Venir_La_Toussuire_Avion\u00a9MathieuOdin@La_Toussuire-300x300.jpg 300w, https:\/\/la-toussuire.com\/wp-content\/uploads\/OTToussuire_Venir_La_Toussuire_Avion\u00a9MathieuOdin@La_Toussuire-150x150.jpg 150w, https:\/\/la-toussuire.com\/wp-content\/uploads\/OTToussuire_Venir_La_Toussuire_Avion\u00a9MathieuOdin@La_Toussuire-768x768.jpg 768w\" sizes=\"auto, (max-width: 960px) 100vw, 960px\" \/><\/figure><div class=\"wp-block-media-text__content\"><div class=\"block block-core-heading\">\n<h2 class=\"wp-block-heading has-text-align-center\">By plane <\/h2>\n<\/div>\n\n<div class=\"block block-core-paragraph\">\n<p class=\"has-text-align-center\">Several international airports are close to our resort. <\/p>\n<\/div>\n\n<div class=\"block block-core-buttons\">\n<div class=\"wp-block-buttons is-content-justification-center is-layout-flex wp-container-core-buttons-is-layout-16018d1d wp-block-buttons-is-layout-flex\"><div class=\"block block-core-button\">\n<div class=\"wp-block-button\"><a class=\"wp-block-button__link wp-element-button\" href=\"https:\/\/la-toussuire.com\/en-avion\/\">Fly away to a white paradise<\/a><\/div>\n<\/div><\/div>\n<\/div><\/div><\/div>\n<\/div><div class=\"block block-core-media-text\">\n<div class=\"wp-block-media-text has-media-on-the-right is-stacked-on-mobile is-image-fill-element\" style=\"grid-template-columns:auto 47%\"><div class=\"wp-block-media-text__content\"><div class=\"block block-core-heading\">\n<h2 class=\"wp-block-heading has-text-align-center\">By motorhome <\/h2>\n<\/div>\n\n<div class=\"block block-core-paragraph\">\n<p class=\"has-text-align-center\">Because at La Toussuire we welcome everyone. Here&#8217;s all you need to know if you want to come by motorhome. <\/p>\n<\/div>\n\n<div class=\"block block-core-buttons\">\n<div class=\"wp-block-buttons is-content-justification-center is-layout-flex wp-container-core-buttons-is-layout-16018d1d wp-block-buttons-is-layout-flex\"><div class=\"block block-core-button\">\n<div class=\"wp-block-button\"><a class=\"wp-block-button__link wp-element-button\" href=\"https:\/\/la-toussuire.com\/en-camping-car\/\">Let&#8217;s go !<\/a><\/div>\n<\/div><\/div>\n<\/div><\/div><figure class=\"wp-block-media-text__media\"><img loading=\"lazy\" decoding=\"async\" width=\"1024\" height=\"576\" src=\"https:\/\/la-toussuire.com\/wp-content\/uploads\/\/camper-2260094_1280-1024x576.jpg\" alt=\"\" class=\"wp-image-28665 size-full\" style=\"object-position:20% 48%\" srcset=\"https:\/\/la-toussuire.com\/wp-content\/uploads\/camper-2260094_1280-1024x576.jpg 1024w, https:\/\/la-toussuire.com\/wp-content\/uploads\/camper-2260094_1280-300x169.jpg 300w, https:\/\/la-toussuire.com\/wp-content\/uploads\/camper-2260094_1280-150x84.jpg 150w, https:\/\/la-toussuire.com\/wp-content\/uploads\/camper-2260094_1280-768x432.jpg 768w, https:\/\/la-toussuire.com\/wp-content\/uploads\/camper-2260094_1280.jpg 1280w\" sizes=\"auto, (max-width: 1024px) 100vw, 1024px\" \/><\/figure><\/div>\n<\/div>","protected":false},"excerpt":{"rendered":"<p>Getting here is part of the journey!<\/p>\n","protected":false},"author":2,"featured_media":41279,"parent":5870,"menu_order":1,"comment_status":"closed","ping_status":"closed","template":"page-template.php","meta":{"_acf_changed":false,"footnotes":""},"class_list":["post-10770","page","type-page","status-publish","has-post-thumbnail","hentry"],"acf":[],"yoast_head":"<!-- This site is optimized with the Yoast SEO plugin v27.1.1 - https:\/\/yoast.com\/product\/yoast-seo-wordpress\/ -->\n<title>How do I get there? - La Toussuire<\/title>\n<meta name=\"description\" content=\"How do I get to La Toussuire? By plane, train, car, station, shuttle bus, taxi or camper van - we&#039;ve got it all covered!\" \/>\n<meta name=\"robots\" content=\"index, follow, max-snippet:-1, max-image-preview:large, max-video-preview:-1\" \/>\n<link rel=\"canonical\" href=\"https:\/\/la-toussuire.com\/en\/practical-information\/coming-to-la-toussuire\/\" \/>\n<meta property=\"og:locale\" content=\"en_US\" \/>\n<meta property=\"og:type\" content=\"article\" \/>\n<meta property=\"og:title\" content=\"How do I get there? - La Toussuire\" \/>\n<meta property=\"og:description\" content=\"How do I get to La Toussuire? By plane, train, car, station, shuttle bus, taxi or camper van - we&#039;ve got it all covered!\" \/>\n<meta property=\"og:url\" content=\"https:\/\/la-toussuire.com\/en\/practical-information\/coming-to-la-toussuire\/\" \/>\n<meta property=\"og:site_name\" content=\"La Toussuire\" \/>\n<meta property=\"article:modified_time\" content=\"2025-10-10T11:00:21+00:00\" \/>\n<meta property=\"og:image\" content=\"https:\/\/la-toussuire.com\/wp-content\/uploads\/La-Toussuire-Shooting-Bowling-Luge-Fondue-6-web.jpg\" \/>\n\t<meta property=\"og:image:width\" content=\"6373\" \/>\n\t<meta property=\"og:image:height\" content=\"4249\" \/>\n\t<meta property=\"og:image:type\" content=\"image\/jpeg\" \/>\n<meta name=\"twitter:card\" content=\"summary_large_image\" \/>\n<meta name=\"twitter:label1\" content=\"Est. reading time\" \/>\n\t<meta name=\"twitter:data1\" content=\"2 minutes\" \/>\n<script type=\"application\/ld+json\" class=\"yoast-schema-graph\">{\"@context\":\"https:\/\/schema.org\",\"@graph\":[{\"@type\":\"WebPage\",\"@id\":\"https:\/\/la-toussuire.com\/en\/practical-information\/coming-to-la-toussuire\/\",\"url\":\"https:\/\/la-toussuire.com\/en\/practical-information\/coming-to-la-toussuire\/\",\"name\":\"How do I get there? - La Toussuire\",\"isPartOf\":{\"@id\":\"https:\/\/la-toussuire.com\/en\/#website\"},\"primaryImageOfPage\":{\"@id\":\"https:\/\/la-toussuire.com\/en\/practical-information\/coming-to-la-toussuire\/#primaryimage\"},\"image\":{\"@id\":\"https:\/\/la-toussuire.com\/en\/practical-information\/coming-to-la-toussuire\/#primaryimage\"},\"thumbnailUrl\":\"https:\/\/la-toussuire.com\/wp-content\/uploads\/La-Toussuire-Shooting-Bowling-Luge-Fondue-6-web.jpg\",\"datePublished\":\"2022-09-07T09:36:46+00:00\",\"dateModified\":\"2025-10-10T11:00:21+00:00\",\"description\":\"How do I get to La Toussuire? By plane, train, car, station, shuttle bus, taxi or camper van - we've got it all covered!\",\"breadcrumb\":{\"@id\":\"https:\/\/la-toussuire.com\/en\/practical-information\/coming-to-la-toussuire\/#breadcrumb\"},\"inLanguage\":\"en-US\",\"potentialAction\":[{\"@type\":\"ReadAction\",\"target\":[\"https:\/\/la-toussuire.com\/en\/practical-information\/coming-to-la-toussuire\/\"]}]},{\"@type\":\"ImageObject\",\"inLanguage\":\"en-US\",\"@id\":\"https:\/\/la-toussuire.com\/en\/practical-information\/coming-to-la-toussuire\/#primaryimage\",\"url\":\"https:\/\/la-toussuire.com\/wp-content\/uploads\/La-Toussuire-Shooting-Bowling-Luge-Fondue-6-web.jpg\",\"contentUrl\":\"https:\/\/la-toussuire.com\/wp-content\/uploads\/La-Toussuire-Shooting-Bowling-Luge-Fondue-6-web.jpg\",\"width\":6373,\"height\":4249,\"caption\":\"Aiguilles d'Arves - La Toussuire en hiver\"},{\"@type\":\"BreadcrumbList\",\"@id\":\"https:\/\/la-toussuire.com\/en\/practical-information\/coming-to-la-toussuire\/#breadcrumb\",\"itemListElement\":[{\"@type\":\"ListItem\",\"position\":1,\"name\":\"Home\",\"item\":\"https:\/\/la-toussuire.com\/en\/\"},{\"@type\":\"ListItem\",\"position\":2,\"name\":\"Useful information\",\"item\":\"https:\/\/la-toussuire.com\/en\/practical-information\/\"},{\"@type\":\"ListItem\",\"position\":3,\"name\":\"How do I get there?\"}]},{\"@type\":\"WebSite\",\"@id\":\"https:\/\/la-toussuire.com\/en\/#website\",\"url\":\"https:\/\/la-toussuire.com\/en\/\",\"name\":\"La Toussuire\",\"description\":\"\",\"publisher\":{\"@id\":\"https:\/\/la-toussuire.com\/en\/#organization\"},\"potentialAction\":[{\"@type\":\"SearchAction\",\"target\":{\"@type\":\"EntryPoint\",\"urlTemplate\":\"https:\/\/la-toussuire.com\/en\/?s={search_term_string}\"},\"query-input\":{\"@type\":\"PropertyValueSpecification\",\"valueRequired\":true,\"valueName\":\"search_term_string\"}}],\"inLanguage\":\"en-US\"},{\"@type\":\"Organization\",\"@id\":\"https:\/\/la-toussuire.com\/en\/#organization\",\"name\":\"La Toussuire\",\"url\":\"https:\/\/la-toussuire.com\/en\/\",\"logo\":{\"@type\":\"ImageObject\",\"inLanguage\":\"en-US\",\"@id\":\"https:\/\/la-toussuire.com\/en\/#\/schema\/logo\/image\/\",\"url\":\"https:\/\/la-toussuire.com\/wp-content\/uploads\/LA-TOUSSUIRE_Logo_ALT.png\",\"contentUrl\":\"https:\/\/la-toussuire.com\/wp-content\/uploads\/LA-TOUSSUIRE_Logo_ALT.png\",\"width\":557,\"height\":325,\"caption\":\"La Toussuire\"},\"image\":{\"@id\":\"https:\/\/la-toussuire.com\/en\/#\/schema\/logo\/image\/\"}}]}<\/script>\n<!-- \/ Yoast SEO plugin. -->","yoast_head_json":{"title":"How do I get there? - La Toussuire","description":"How do I get to La Toussuire? By plane, train, car, station, shuttle bus, taxi or camper van - we've got it all covered!","robots":{"index":"index","follow":"follow","max-snippet":"max-snippet:-1","max-image-preview":"max-image-preview:large","max-video-preview":"max-video-preview:-1"},"canonical":"https:\/\/la-toussuire.com\/en\/practical-information\/coming-to-la-toussuire\/","og_locale":"en_US","og_type":"article","og_title":"How do I get there? - La Toussuire","og_description":"How do I get to La Toussuire? By plane, train, car, station, shuttle bus, taxi or camper van - we've got it all covered!","og_url":"https:\/\/la-toussuire.com\/en\/practical-information\/coming-to-la-toussuire\/","og_site_name":"La Toussuire","article_modified_time":"2025-10-10T11:00:21+00:00","og_image":[{"width":6373,"height":4249,"url":"https:\/\/la-toussuire.com\/wp-content\/uploads\/La-Toussuire-Shooting-Bowling-Luge-Fondue-6-web.jpg","type":"image\/jpeg"}],"twitter_card":"summary_large_image","twitter_misc":{"Est. reading time":"2 minutes"},"schema":{"@context":"https:\/\/schema.org","@graph":[{"@type":"WebPage","@id":"https:\/\/la-toussuire.com\/en\/practical-information\/coming-to-la-toussuire\/","url":"https:\/\/la-toussuire.com\/en\/practical-information\/coming-to-la-toussuire\/","name":"How do I get there? - La Toussuire","isPartOf":{"@id":"https:\/\/la-toussuire.com\/en\/#website"},"primaryImageOfPage":{"@id":"https:\/\/la-toussuire.com\/en\/practical-information\/coming-to-la-toussuire\/#primaryimage"},"image":{"@id":"https:\/\/la-toussuire.com\/en\/practical-information\/coming-to-la-toussuire\/#primaryimage"},"thumbnailUrl":"https:\/\/la-toussuire.com\/wp-content\/uploads\/La-Toussuire-Shooting-Bowling-Luge-Fondue-6-web.jpg","datePublished":"2022-09-07T09:36:46+00:00","dateModified":"2025-10-10T11:00:21+00:00","description":"How do I get to La Toussuire? By plane, train, car, station, shuttle bus, taxi or camper van - we've got it all covered!","breadcrumb":{"@id":"https:\/\/la-toussuire.com\/en\/practical-information\/coming-to-la-toussuire\/#breadcrumb"},"inLanguage":"en-US","potentialAction":[{"@type":"ReadAction","target":["https:\/\/la-toussuire.com\/en\/practical-information\/coming-to-la-toussuire\/"]}]},{"@type":"ImageObject","inLanguage":"en-US","@id":"https:\/\/la-toussuire.com\/en\/practical-information\/coming-to-la-toussuire\/#primaryimage","url":"https:\/\/la-toussuire.com\/wp-content\/uploads\/La-Toussuire-Shooting-Bowling-Luge-Fondue-6-web.jpg","contentUrl":"https:\/\/la-toussuire.com\/wp-content\/uploads\/La-Toussuire-Shooting-Bowling-Luge-Fondue-6-web.jpg","width":6373,"height":4249,"caption":"Aiguilles d'Arves - La Toussuire en hiver"},{"@type":"BreadcrumbList","@id":"https:\/\/la-toussuire.com\/en\/practical-information\/coming-to-la-toussuire\/#breadcrumb","itemListElement":[{"@type":"ListItem","position":1,"name":"Home","item":"https:\/\/la-toussuire.com\/en\/"},{"@type":"ListItem","position":2,"name":"Useful information","item":"https:\/\/la-toussuire.com\/en\/practical-information\/"},{"@type":"ListItem","position":3,"name":"How do I get there?"}]},{"@type":"WebSite","@id":"https:\/\/la-toussuire.com\/en\/#website","url":"https:\/\/la-toussuire.com\/en\/","name":"La Toussuire","description":"","publisher":{"@id":"https:\/\/la-toussuire.com\/en\/#organization"},"potentialAction":[{"@type":"SearchAction","target":{"@type":"EntryPoint","urlTemplate":"https:\/\/la-toussuire.com\/en\/?s={search_term_string}"},"query-input":{"@type":"PropertyValueSpecification","valueRequired":true,"valueName":"search_term_string"}}],"inLanguage":"en-US"},{"@type":"Organization","@id":"https:\/\/la-toussuire.com\/en\/#organization","name":"La Toussuire","url":"https:\/\/la-toussuire.com\/en\/","logo":{"@type":"ImageObject","inLanguage":"en-US","@id":"https:\/\/la-toussuire.com\/en\/#\/schema\/logo\/image\/","url":"https:\/\/la-toussuire.com\/wp-content\/uploads\/LA-TOUSSUIRE_Logo_ALT.png","contentUrl":"https:\/\/la-toussuire.com\/wp-content\/uploads\/LA-TOUSSUIRE_Logo_ALT.png","width":557,"height":325,"caption":"La Toussuire"},"image":{"@id":"https:\/\/la-toussuire.com\/en\/#\/schema\/logo\/image\/"}}]}},"_links":{"self":[{"href":"https:\/\/la-toussuire.com\/en\/wp-json\/wp\/v2\/pages\/10770","targetHints":{"allow":["GET"]}}],"collection":[{"href":"https:\/\/la-toussuire.com\/en\/wp-json\/wp\/v2\/pages"}],"about":[{"href":"https:\/\/la-toussuire.com\/en\/wp-json\/wp\/v2\/types\/page"}],"author":[{"embeddable":true,"href":"https:\/\/la-toussuire.com\/en\/wp-json\/wp\/v2\/users\/2"}],"replies":[{"embeddable":true,"href":"https:\/\/la-toussuire.com\/en\/wp-json\/wp\/v2\/comments?post=10770"}],"version-history":[{"count":5,"href":"https:\/\/la-toussuire.com\/en\/wp-json\/wp\/v2\/pages\/10770\/revisions"}],"predecessor-version":[{"id":42033,"href":"https:\/\/la-toussuire.com\/en\/wp-json\/wp\/v2\/pages\/10770\/revisions\/42033"}],"up":[{"embeddable":true,"href":"https:\/\/la-toussuire.com\/en\/wp-json\/wp\/v2\/pages\/5870"}],"wp:featuredmedia":[{"embeddable":true,"href":"https:\/\/la-toussuire.com\/en\/wp-json\/wp\/v2\/media\/41279"}],"wp:attachment":[{"href":"https:\/\/la-toussuire.com\/en\/wp-json\/wp\/v2\/media?parent=10770"}],"curies":[{"name":"wp","href":"https:\/\/api.w.org\/{rel}","templated":true}]}}