{"id":10737,"date":"2022-09-07T09:52:04","date_gmt":"2022-09-07T07:52:04","guid":{"rendered":"https:\/\/la-toussuire.com\/what-to-do-in-summer\/explore-our-mountains\/"},"modified":"2024-06-14T11:37:05","modified_gmt":"2024-06-14T09:37:05","slug":"explore-our-mountains","status":"publish","type":"page","link":"https:\/\/la-toussuire.com\/en\/what-to-do-in-summer\/explore-our-mountains\/","title":{"rendered":"Explore our mountains"},"content":{"rendered":"<div class=\"block block-core-heading\">\n<h2 class=\"wp-block-heading\">So many things to do ! <\/h2>\n<\/div><div class=\"block block-core-paragraph\">\n<p>Do you feel like spending some time in the mountains <strong>unwinding<\/strong>, <strong>clearing your mind<\/strong> and <em>(re)<\/em><strong>discovering<\/strong> yourself ? You&#8217;re in the right place\u2026There are so many things <strong>to do<\/strong> and <strong>see<\/strong> in La Toussuire. <em>What do you feel like doing today ?<\/em> A <strong>stroll<\/strong>? a <strong>ride<\/strong>? or a <strong>run<\/strong>&#8230; <\/p>\n<\/div><div class=\"block block-core-paragraph\">\n<p><em>Whatever you feel like doing, there&#8217;s something for you in our beautiful mountains&#8230;<\/em><\/p>\n<\/div><div class=\"block block-core-media-text\">\n<div class=\"wp-block-media-text alignwide is-stacked-on-mobile is-image-fill\"><figure class=\"wp-block-media-text__media\" style=\"background-image:url(https:\/\/la-toussuire.com\/wp-content\/uploads\/\/OTToussuire_Randonnee_Presentation\u00a9AlbanPernet@La_Toussuire-1024x683.jpg);background-position:68% 50%\"><img loading=\"lazy\" decoding=\"async\" width=\"1024\" height=\"683\" src=\"https:\/\/la-toussuire.com\/wp-content\/uploads\/\/OTToussuire_Randonnee_Presentation\u00a9AlbanPernet@La_Toussuire-1024x683.jpg\" alt=\"Family hiking in the mountain pastures of La Toussuire with a mountainous landscape in the background\" class=\"wp-image-9003 size-full\" srcset=\"https:\/\/la-toussuire.com\/wp-content\/uploads\/OTToussuire_Randonnee_Presentation\u00a9AlbanPernet@La_Toussuire-1024x683.jpg 1024w, https:\/\/la-toussuire.com\/wp-content\/uploads\/OTToussuire_Randonnee_Presentation\u00a9AlbanPernet@La_Toussuire-300x200.jpg 300w, https:\/\/la-toussuire.com\/wp-content\/uploads\/OTToussuire_Randonnee_Presentation\u00a9AlbanPernet@La_Toussuire-150x100.jpg 150w, https:\/\/la-toussuire.com\/wp-content\/uploads\/OTToussuire_Randonnee_Presentation\u00a9AlbanPernet@La_Toussuire-768x512.jpg 768w, https:\/\/la-toussuire.com\/wp-content\/uploads\/OTToussuire_Randonnee_Presentation\u00a9AlbanPernet@La_Toussuire-1536x1024.jpg 1536w, https:\/\/la-toussuire.com\/wp-content\/uploads\/OTToussuire_Randonnee_Presentation\u00a9AlbanPernet@La_Toussuire-2048x1365.jpg 2048w\" sizes=\"auto, (max-width: 1024px) 100vw, 1024px\" \/><\/figure><div class=\"wp-block-media-text__content\"><div class=\"block block-core-heading\">\n<h2 class=\"wp-block-heading\" id=\"balades-et-randonnees\">Walks and Hikes<\/h2>\n<\/div>\n\n<div class=\"block block-core-paragraph\">\n<p>From short, <strong>easy walks<\/strong>, through the Gold Medal <strong>orienteering route<\/strong>, to <strong>long day hikes<\/strong>, solo or with a companion, <em>you are bound to find what you like among our wide range of hikes.<\/em> <\/p>\n<\/div>\n\n<div class=\"block block-core-buttons\">\n<div class=\"wp-block-buttons is-layout-flex wp-block-buttons-is-layout-flex\"><div class=\"block block-core-button\">\n<div class=\"wp-block-button\"><a class=\"wp-block-button__link\" href=\"https:\/\/la-toussuire.com\/que-faire-a-la-toussuire\/explorez-nos-montagnes\/randonnees\/\">Put your shoes on and let&#8217;s go !<\/a><\/div>\n<\/div><\/div>\n<\/div><\/div><\/div>\n<\/div><div class=\"block block-core-media-text\">\n<div class=\"wp-block-media-text alignwide has-media-on-the-right is-stacked-on-mobile is-image-fill\"><figure class=\"wp-block-media-text__media\" style=\"background-image:url(https:\/\/la-toussuire.com\/wp-content\/uploads\/\/OTToussuire_Trail_Mizuno_Presentation\u00a9AlbanPernet@La_Toussuire-1-1024x683.jpg);background-position:50% 50%\"><img loading=\"lazy\" decoding=\"async\" width=\"1024\" height=\"683\" src=\"https:\/\/la-toussuire.com\/wp-content\/uploads\/\/OTToussuire_Trail_Mizuno_Presentation\u00a9AlbanPernet@La_Toussuire-1-1024x683.jpg\" alt=\"Photo en contre plong\u00e9e d'une sportive en pleine course de trail avec un gros plan sur les chaussures Mizuno\" class=\"wp-image-8937 size-full\" srcset=\"https:\/\/la-toussuire.com\/wp-content\/uploads\/OTToussuire_Trail_Mizuno_Presentation\u00a9AlbanPernet@La_Toussuire-1-1024x683.jpg 1024w, https:\/\/la-toussuire.com\/wp-content\/uploads\/OTToussuire_Trail_Mizuno_Presentation\u00a9AlbanPernet@La_Toussuire-1-300x200.jpg 300w, https:\/\/la-toussuire.com\/wp-content\/uploads\/OTToussuire_Trail_Mizuno_Presentation\u00a9AlbanPernet@La_Toussuire-1-150x100.jpg 150w, https:\/\/la-toussuire.com\/wp-content\/uploads\/OTToussuire_Trail_Mizuno_Presentation\u00a9AlbanPernet@La_Toussuire-1-768x512.jpg 768w, https:\/\/la-toussuire.com\/wp-content\/uploads\/OTToussuire_Trail_Mizuno_Presentation\u00a9AlbanPernet@La_Toussuire-1-1536x1024.jpg 1536w, https:\/\/la-toussuire.com\/wp-content\/uploads\/OTToussuire_Trail_Mizuno_Presentation\u00a9AlbanPernet@La_Toussuire-1-2048x1365.jpg 2048w\" sizes=\"auto, (max-width: 1024px) 100vw, 1024px\" \/><\/figure><div class=\"wp-block-media-text__content\"><div class=\"block block-core-heading\">\n<h2 class=\"wp-block-heading\" id=\"trail\">Trail running<\/h2>\n<\/div>\n\n<div class=\"block block-core-paragraph\">\n<p>More and more people are into this particularly <strong>intense<\/strong> sport. Our resort is <strong>especially suited<\/strong> to trail running : <em>with its soft alpine pastures, varied terrain and breathtaking panoramas.<\/em> We spend a lot of time and energy creating and marking trails, in our resort and beyond. <em><strong>You are bound to enjoy them !<\/strong><\/em><\/p>\n<\/div>\n\n<div class=\"block block-core-buttons\">\n<div class=\"wp-block-buttons is-layout-flex wp-block-buttons-is-layout-flex\"><div class=\"block block-core-button\">\n<div class=\"wp-block-button\"><a class=\"wp-block-button__link\" href=\"https:\/\/la-toussuire.com\/que-faire-a-la-toussuire\/explorez-nos-montagnes\/trail\/\">Go on, surpass yourself<\/a><\/div>\n<\/div><\/div>\n<\/div><\/div><\/div>\n<\/div><div class=\"block block-core-media-text\">\n<div class=\"wp-block-media-text alignwide is-stacked-on-mobile is-image-fill\"><figure class=\"wp-block-media-text__media\" style=\"background-image:url(https:\/\/la-toussuire.com\/wp-content\/uploads\/OTToussuire_VTT_VAE_Galerie\u00a9AlbanPernet@La_Toussuire.jpg);background-position:44% 50%\"><img loading=\"lazy\" decoding=\"async\" width=\"1024\" height=\"612\" src=\"https:\/\/la-toussuire.com\/wp-content\/uploads\/OTToussuire_VTT_VAE_Galerie\u00a9AlbanPernet@La_Toussuire.jpg\" alt=\"Photo prise en \u00e9t\u00e9 en pleine journ\u00e9e avec un couple de VTTiste autour du Lac de l'Eriscal. Le couple est cote \u00e0 cote sur leurs VTT dans les graviers\" class=\"wp-image-8906 size-full\" srcset=\"https:\/\/la-toussuire.com\/wp-content\/uploads\/OTToussuire_VTT_VAE_Galerie\u00a9AlbanPernet@La_Toussuire.jpg 1024w, https:\/\/la-toussuire.com\/wp-content\/uploads\/OTToussuire_VTT_VAE_Galerie\u00a9AlbanPernet@La_Toussuire-300x179.jpg 300w, https:\/\/la-toussuire.com\/wp-content\/uploads\/OTToussuire_VTT_VAE_Galerie\u00a9AlbanPernet@La_Toussuire-150x90.jpg 150w, https:\/\/la-toussuire.com\/wp-content\/uploads\/OTToussuire_VTT_VAE_Galerie\u00a9AlbanPernet@La_Toussuire-768x459.jpg 768w\" sizes=\"auto, (max-width: 1024px) 100vw, 1024px\" \/><\/figure><div class=\"wp-block-media-text__content\"><div class=\"block block-core-heading\">\n<h2 class=\"wp-block-heading\" id=\"vtt-vttae\">Mountain biking and e-mountain biking.<\/h2>\n<\/div>\n\n<div class=\"block block-core-paragraph\">\n<p>La Toussuire&#8217;s setting is ideal for <strong>mountain biking.<\/strong> Our <em>low-level pastures<\/em> ensure <strong>fun<\/strong> without the need for intensive training. <em>Do take note : don&#8217;t forget the trails leading to the hamlets below the resort, save your e-mountain bike battery for the ride up!<\/em><\/p>\n<\/div>\n\n<div class=\"block block-core-buttons\">\n<div class=\"wp-block-buttons is-layout-flex wp-block-buttons-is-layout-flex\"><div class=\"block block-core-button\">\n<div class=\"wp-block-button\"><a class=\"wp-block-button__link\" href=\"https:\/\/la-toussuire.com\/que-faire-a-la-toussuire\/explorez-nos-montagnes\/vtt-vttae\/\" target=\"_blank\" rel=\"noreferrer noopener\">Explore the area<\/a><\/div>\n<\/div><\/div>\n<\/div><\/div><\/div>\n<\/div><div class=\"block block-core-media-text\">\n<div class=\"wp-block-media-text alignwide has-media-on-the-right is-stacked-on-mobile is-image-fill\"><figure class=\"wp-block-media-text__media\" style=\"background-image:url(https:\/\/la-toussuire.com\/wp-content\/uploads\/\/OTToussuire_Cyclisme_Galerie\u00a9OTToussuire@La_Toussuire-683x1024.jpg);background-position:50% 86%\"><img loading=\"lazy\" decoding=\"async\" width=\"683\" height=\"1024\" src=\"https:\/\/la-toussuire.com\/wp-content\/uploads\/\/OTToussuire_Cyclisme_Galerie\u00a9OTToussuire@La_Toussuire-683x1024.jpg\" alt=\"Quatre cyclistes dans un virage de la mont\u00e9e de la Toussuire en train de se disputer la victoire. En arri\u00e8re plan nous pouvons observer les Aiguilles d'Arves et le Mont Charvin\" class=\"wp-image-9015 size-full\" srcset=\"https:\/\/la-toussuire.com\/wp-content\/uploads\/OTToussuire_Cyclisme_Galerie\u00a9OTToussuire@La_Toussuire-683x1024.jpg 683w, https:\/\/la-toussuire.com\/wp-content\/uploads\/OTToussuire_Cyclisme_Galerie\u00a9OTToussuire@La_Toussuire-200x300.jpg 200w, https:\/\/la-toussuire.com\/wp-content\/uploads\/OTToussuire_Cyclisme_Galerie\u00a9OTToussuire@La_Toussuire-100x150.jpg 100w, https:\/\/la-toussuire.com\/wp-content\/uploads\/OTToussuire_Cyclisme_Galerie\u00a9OTToussuire@La_Toussuire-768x1152.jpg 768w, https:\/\/la-toussuire.com\/wp-content\/uploads\/OTToussuire_Cyclisme_Galerie\u00a9OTToussuire@La_Toussuire-1024x1536.jpg 1024w, https:\/\/la-toussuire.com\/wp-content\/uploads\/OTToussuire_Cyclisme_Galerie\u00a9OTToussuire@La_Toussuire-1365x2048.jpg 1365w, https:\/\/la-toussuire.com\/wp-content\/uploads\/OTToussuire_Cyclisme_Galerie\u00a9OTToussuire@La_Toussuire-scaled.jpg 1707w\" sizes=\"auto, (max-width: 683px) 100vw, 683px\" \/><\/figure><div class=\"wp-block-media-text__content\"><div class=\"block block-core-heading\">\n<h2 class=\"wp-block-heading\" id=\"cyclisme\">Cyclism<\/h2>\n<\/div>\n\n<div class=\"block block-core-paragraph\">\n<p>At the heart of <strong>the largest cycling area in the world\u00a9<\/strong>, in a valley with the largest mountain passes in Europe, amidst the most iconic sections of the Tour de France, La Toussuire is the ideal base camp for <strong>cyclists who love extreme climbs.<\/strong> <\/p>\n<\/div>\n\n<div class=\"block block-core-paragraph\">\n<p>We <strong>participate in<\/strong>, <strong>sponsor<\/strong> and <strong>support<\/strong> the numerous competitions that regularly take place in our area. Our August climb, on the 1st Sunday of the month, is famous and well attended. <em>Our champions criss-cross local roads to train and excel. <\/em><\/p>\n<\/div>\n\n<div class=\"block block-core-paragraph\">\n<p>Discover our great passion !<\/p>\n<\/div>\n\n<div class=\"block block-core-buttons\">\n<div class=\"wp-block-buttons is-layout-flex wp-block-buttons-is-layout-flex\"><div class=\"block block-core-button\">\n<div class=\"wp-block-button\"><a class=\"wp-block-button__link\" href=\"https:\/\/la-toussuire.com\/que-faire-a-la-toussuire\/explorez-nos-montagnes\/cyclisme\/\" target=\"_blank\" rel=\"noreferrer noopener\">Climbing the peaks<\/a><\/div>\n<\/div><\/div>\n<\/div><\/div><\/div>\n<\/div>","protected":false},"excerpt":{"rendered":"<p>So many things to do ! Do you feel like spending some time in the mountains unwinding, clearing your mind and (re)discovering yourself ? You&#8217;re in the right place\u2026There are so many things to do and see in La Toussuire. What do you feel like doing today ? A stroll? a ride? or a run&#8230; [&hellip;]<\/p>\n","protected":false},"author":3,"featured_media":8465,"parent":5866,"menu_order":3,"comment_status":"closed","ping_status":"closed","template":"page-template.php","meta":{"_acf_changed":false,"footnotes":""},"class_list":["post-10737","page","type-page","status-publish","has-post-thumbnail","hentry"],"acf":[],"yoast_head":"<!-- This site is optimized with the Yoast SEO plugin v27.1.1 - https:\/\/yoast.com\/product\/yoast-seo-wordpress\/ -->\n<title>Explore our mountains - La Toussuire<\/title>\n<meta name=\"description\" content=\"Take advantage of the summer to rediscover yourself ! We offer spaces for all sports: Hiking, Trail running, mountain biking &amp; e-mountain biking, Cycling !\" \/>\n<meta name=\"robots\" content=\"index, follow, max-snippet:-1, max-image-preview:large, max-video-preview:-1\" \/>\n<link rel=\"canonical\" href=\"https:\/\/la-toussuire.com\/en\/what-to-do-in-summer\/explore-our-mountains\/\" \/>\n<meta property=\"og:locale\" content=\"en_US\" \/>\n<meta property=\"og:type\" content=\"article\" \/>\n<meta property=\"og:title\" content=\"Explore our mountains - La Toussuire\" \/>\n<meta property=\"og:description\" content=\"Take advantage of the summer to rediscover yourself ! We offer spaces for all sports: Hiking, Trail running, mountain biking &amp; e-mountain biking, Cycling !\" \/>\n<meta property=\"og:url\" content=\"https:\/\/la-toussuire.com\/en\/what-to-do-in-summer\/explore-our-mountains\/\" \/>\n<meta property=\"og:site_name\" content=\"La Toussuire\" \/>\n<meta property=\"article:modified_time\" content=\"2024-06-14T09:37:05+00:00\" \/>\n<meta property=\"og:image\" content=\"https:\/\/la-toussuire.com\/wp-content\/uploads\/OTToussuire_Explorez_nos_Montagnes_Trail_Presentation\u00a9AlbanPernet@La_Toussuire.jpg\" \/>\n\t<meta property=\"og:image:width\" content=\"2300\" \/>\n\t<meta property=\"og:image:height\" content=\"1533\" \/>\n\t<meta property=\"og:image:type\" content=\"image\/jpeg\" \/>\n<meta name=\"twitter:card\" content=\"summary_large_image\" \/>\n<meta name=\"twitter:label1\" content=\"Est. reading time\" \/>\n\t<meta name=\"twitter:data1\" content=\"3 minutes\" \/>\n<script type=\"application\/ld+json\" class=\"yoast-schema-graph\">{\"@context\":\"https:\/\/schema.org\",\"@graph\":[{\"@type\":\"WebPage\",\"@id\":\"https:\/\/la-toussuire.com\/en\/what-to-do-in-summer\/explore-our-mountains\/\",\"url\":\"https:\/\/la-toussuire.com\/en\/what-to-do-in-summer\/explore-our-mountains\/\",\"name\":\"Explore our mountains - La Toussuire\",\"isPartOf\":{\"@id\":\"https:\/\/la-toussuire.com\/en\/#website\"},\"primaryImageOfPage\":{\"@id\":\"https:\/\/la-toussuire.com\/en\/what-to-do-in-summer\/explore-our-mountains\/#primaryimage\"},\"image\":{\"@id\":\"https:\/\/la-toussuire.com\/en\/what-to-do-in-summer\/explore-our-mountains\/#primaryimage\"},\"thumbnailUrl\":\"https:\/\/la-toussuire.com\/wp-content\/uploads\/OTToussuire_Explorez_nos_Montagnes_Trail_Presentation\u00a9AlbanPernet@La_Toussuire.jpg\",\"datePublished\":\"2022-09-07T07:52:04+00:00\",\"dateModified\":\"2024-06-14T09:37:05+00:00\",\"description\":\"Take advantage of the summer to rediscover yourself ! We offer spaces for all sports: Hiking, Trail running, mountain biking & e-mountain biking, Cycling !\",\"breadcrumb\":{\"@id\":\"https:\/\/la-toussuire.com\/en\/what-to-do-in-summer\/explore-our-mountains\/#breadcrumb\"},\"inLanguage\":\"en-US\",\"potentialAction\":[{\"@type\":\"ReadAction\",\"target\":[\"https:\/\/la-toussuire.com\/en\/what-to-do-in-summer\/explore-our-mountains\/\"]}]},{\"@type\":\"ImageObject\",\"inLanguage\":\"en-US\",\"@id\":\"https:\/\/la-toussuire.com\/en\/what-to-do-in-summer\/explore-our-mountains\/#primaryimage\",\"url\":\"https:\/\/la-toussuire.com\/wp-content\/uploads\/OTToussuire_Explorez_nos_Montagnes_Trail_Presentation\u00a9AlbanPernet@La_Toussuire.jpg\",\"contentUrl\":\"https:\/\/la-toussuire.com\/wp-content\/uploads\/OTToussuire_Explorez_nos_Montagnes_Trail_Presentation\u00a9AlbanPernet@La_Toussuire.jpg\",\"width\":2300,\"height\":1533,\"caption\":\"Trail runner going up 3 Croix hill\"},{\"@type\":\"BreadcrumbList\",\"@id\":\"https:\/\/la-toussuire.com\/en\/what-to-do-in-summer\/explore-our-mountains\/#breadcrumb\",\"itemListElement\":[{\"@type\":\"ListItem\",\"position\":1,\"name\":\"Home\",\"item\":\"https:\/\/la-toussuire.com\/en\/\"},{\"@type\":\"ListItem\",\"position\":2,\"name\":\"I&rsquo;m having fun\",\"item\":\"https:\/\/la-toussuire.com\/en\/what-to-do-in-summer\/\"},{\"@type\":\"ListItem\",\"position\":3,\"name\":\"Explore our mountains\"}]},{\"@type\":\"WebSite\",\"@id\":\"https:\/\/la-toussuire.com\/en\/#website\",\"url\":\"https:\/\/la-toussuire.com\/en\/\",\"name\":\"La Toussuire\",\"description\":\"\",\"publisher\":{\"@id\":\"https:\/\/la-toussuire.com\/en\/#organization\"},\"potentialAction\":[{\"@type\":\"SearchAction\",\"target\":{\"@type\":\"EntryPoint\",\"urlTemplate\":\"https:\/\/la-toussuire.com\/en\/?s={search_term_string}\"},\"query-input\":{\"@type\":\"PropertyValueSpecification\",\"valueRequired\":true,\"valueName\":\"search_term_string\"}}],\"inLanguage\":\"en-US\"},{\"@type\":\"Organization\",\"@id\":\"https:\/\/la-toussuire.com\/en\/#organization\",\"name\":\"La Toussuire\",\"url\":\"https:\/\/la-toussuire.com\/en\/\",\"logo\":{\"@type\":\"ImageObject\",\"inLanguage\":\"en-US\",\"@id\":\"https:\/\/la-toussuire.com\/en\/#\/schema\/logo\/image\/\",\"url\":\"https:\/\/la-toussuire.com\/wp-content\/uploads\/cropped-Nouveau-LA-TOUSSUIRE_Logo_Plan-de-travail-1-02.png\",\"contentUrl\":\"https:\/\/la-toussuire.com\/wp-content\/uploads\/cropped-Nouveau-LA-TOUSSUIRE_Logo_Plan-de-travail-1-02.png\",\"width\":591,\"height\":591,\"caption\":\"La Toussuire\"},\"image\":{\"@id\":\"https:\/\/la-toussuire.com\/en\/#\/schema\/logo\/image\/\"}}]}<\/script>\n<!-- \/ Yoast SEO plugin. -->","yoast_head_json":{"title":"Explore our mountains - La Toussuire","description":"Take advantage of the summer to rediscover yourself ! We offer spaces for all sports: Hiking, Trail running, mountain biking & e-mountain biking, Cycling !","robots":{"index":"index","follow":"follow","max-snippet":"max-snippet:-1","max-image-preview":"max-image-preview:large","max-video-preview":"max-video-preview:-1"},"canonical":"https:\/\/la-toussuire.com\/en\/what-to-do-in-summer\/explore-our-mountains\/","og_locale":"en_US","og_type":"article","og_title":"Explore our mountains - La Toussuire","og_description":"Take advantage of the summer to rediscover yourself ! We offer spaces for all sports: Hiking, Trail running, mountain biking & e-mountain biking, Cycling !","og_url":"https:\/\/la-toussuire.com\/en\/what-to-do-in-summer\/explore-our-mountains\/","og_site_name":"La Toussuire","article_modified_time":"2024-06-14T09:37:05+00:00","og_image":[{"width":2300,"height":1533,"url":"https:\/\/la-toussuire.com\/wp-content\/uploads\/OTToussuire_Explorez_nos_Montagnes_Trail_Presentation\u00a9AlbanPernet@La_Toussuire.jpg","type":"image\/jpeg"}],"twitter_card":"summary_large_image","twitter_misc":{"Est. reading time":"3 minutes"},"schema":{"@context":"https:\/\/schema.org","@graph":[{"@type":"WebPage","@id":"https:\/\/la-toussuire.com\/en\/what-to-do-in-summer\/explore-our-mountains\/","url":"https:\/\/la-toussuire.com\/en\/what-to-do-in-summer\/explore-our-mountains\/","name":"Explore our mountains - La Toussuire","isPartOf":{"@id":"https:\/\/la-toussuire.com\/en\/#website"},"primaryImageOfPage":{"@id":"https:\/\/la-toussuire.com\/en\/what-to-do-in-summer\/explore-our-mountains\/#primaryimage"},"image":{"@id":"https:\/\/la-toussuire.com\/en\/what-to-do-in-summer\/explore-our-mountains\/#primaryimage"},"thumbnailUrl":"https:\/\/la-toussuire.com\/wp-content\/uploads\/OTToussuire_Explorez_nos_Montagnes_Trail_Presentation\u00a9AlbanPernet@La_Toussuire.jpg","datePublished":"2022-09-07T07:52:04+00:00","dateModified":"2024-06-14T09:37:05+00:00","description":"Take advantage of the summer to rediscover yourself ! We offer spaces for all sports: Hiking, Trail running, mountain biking & e-mountain biking, Cycling !","breadcrumb":{"@id":"https:\/\/la-toussuire.com\/en\/what-to-do-in-summer\/explore-our-mountains\/#breadcrumb"},"inLanguage":"en-US","potentialAction":[{"@type":"ReadAction","target":["https:\/\/la-toussuire.com\/en\/what-to-do-in-summer\/explore-our-mountains\/"]}]},{"@type":"ImageObject","inLanguage":"en-US","@id":"https:\/\/la-toussuire.com\/en\/what-to-do-in-summer\/explore-our-mountains\/#primaryimage","url":"https:\/\/la-toussuire.com\/wp-content\/uploads\/OTToussuire_Explorez_nos_Montagnes_Trail_Presentation\u00a9AlbanPernet@La_Toussuire.jpg","contentUrl":"https:\/\/la-toussuire.com\/wp-content\/uploads\/OTToussuire_Explorez_nos_Montagnes_Trail_Presentation\u00a9AlbanPernet@La_Toussuire.jpg","width":2300,"height":1533,"caption":"Trail runner going up 3 Croix hill"},{"@type":"BreadcrumbList","@id":"https:\/\/la-toussuire.com\/en\/what-to-do-in-summer\/explore-our-mountains\/#breadcrumb","itemListElement":[{"@type":"ListItem","position":1,"name":"Home","item":"https:\/\/la-toussuire.com\/en\/"},{"@type":"ListItem","position":2,"name":"I&rsquo;m having fun","item":"https:\/\/la-toussuire.com\/en\/what-to-do-in-summer\/"},{"@type":"ListItem","position":3,"name":"Explore our mountains"}]},{"@type":"WebSite","@id":"https:\/\/la-toussuire.com\/en\/#website","url":"https:\/\/la-toussuire.com\/en\/","name":"La Toussuire","description":"","publisher":{"@id":"https:\/\/la-toussuire.com\/en\/#organization"},"potentialAction":[{"@type":"SearchAction","target":{"@type":"EntryPoint","urlTemplate":"https:\/\/la-toussuire.com\/en\/?s={search_term_string}"},"query-input":{"@type":"PropertyValueSpecification","valueRequired":true,"valueName":"search_term_string"}}],"inLanguage":"en-US"},{"@type":"Organization","@id":"https:\/\/la-toussuire.com\/en\/#organization","name":"La Toussuire","url":"https:\/\/la-toussuire.com\/en\/","logo":{"@type":"ImageObject","inLanguage":"en-US","@id":"https:\/\/la-toussuire.com\/en\/#\/schema\/logo\/image\/","url":"https:\/\/la-toussuire.com\/wp-content\/uploads\/cropped-Nouveau-LA-TOUSSUIRE_Logo_Plan-de-travail-1-02.png","contentUrl":"https:\/\/la-toussuire.com\/wp-content\/uploads\/cropped-Nouveau-LA-TOUSSUIRE_Logo_Plan-de-travail-1-02.png","width":591,"height":591,"caption":"La Toussuire"},"image":{"@id":"https:\/\/la-toussuire.com\/en\/#\/schema\/logo\/image\/"}}]}},"_links":{"self":[{"href":"https:\/\/la-toussuire.com\/en\/wp-json\/wp\/v2\/pages\/10737","targetHints":{"allow":["GET"]}}],"collection":[{"href":"https:\/\/la-toussuire.com\/en\/wp-json\/wp\/v2\/pages"}],"about":[{"href":"https:\/\/la-toussuire.com\/en\/wp-json\/wp\/v2\/types\/page"}],"author":[{"embeddable":true,"href":"https:\/\/la-toussuire.com\/en\/wp-json\/wp\/v2\/users\/3"}],"replies":[{"embeddable":true,"href":"https:\/\/la-toussuire.com\/en\/wp-json\/wp\/v2\/comments?post=10737"}],"version-history":[{"count":5,"href":"https:\/\/la-toussuire.com\/en\/wp-json\/wp\/v2\/pages\/10737\/revisions"}],"predecessor-version":[{"id":31916,"href":"https:\/\/la-toussuire.com\/en\/wp-json\/wp\/v2\/pages\/10737\/revisions\/31916"}],"up":[{"embeddable":true,"href":"https:\/\/la-toussuire.com\/en\/wp-json\/wp\/v2\/pages\/5866"}],"wp:featuredmedia":[{"embeddable":true,"href":"https:\/\/la-toussuire.com\/en\/wp-json\/wp\/v2\/media\/8465"}],"wp:attachment":[{"href":"https:\/\/la-toussuire.com\/en\/wp-json\/wp\/v2\/media?parent=10737"}],"curies":[{"name":"wp","href":"https:\/\/api.w.org\/{rel}","templated":true}]}}