{"id":10706,"date":"2022-09-06T15:55:48","date_gmt":"2022-09-06T13:55:48","guid":{"rendered":"https:\/\/la-toussuire.com\/what-to-do-in-summer\/wellness\/spa-and-wellness-areas\/"},"modified":"2024-10-08T15:30:44","modified_gmt":"2024-10-08T13:30:44","slug":"spa-and-wellness-areas","status":"publish","type":"page","link":"https:\/\/la-toussuire.com\/en\/what-to-do-in-summer\/wellness\/spa-and-wellness-areas\/","title":{"rendered":"Spas, wellness and swimming pools"},"content":{"rendered":"<div class=\"block block-core-heading\">\n<h2 class=\"wp-block-heading has-text-align-center\">Take some time for yourself&#8230;<\/h2>\n<\/div>\n\n<div class=\"block block-core-paragraph\">\n<p class=\"has-text-align-center\">A holiday in the mountains can be <strong>tiring<\/strong> ! So, for those families who need to <strong>relax<\/strong>, we have you covered\u2026 <em>With massages, jacuzzi, and spas to choose from, you won&#8217;t want to leave!<\/em><\/p>\n<\/div>\n\n<div class=\"block block-lba-apidae-selection\"><!--BEGIN ITEMS APIDAE -->\r\n    <div class=\"selection-mode-selector\" data-selection=\"118006\">\r\n        <ul>\r\n            <li><a href=\"#selection-grid\" class=\"active\">Grid view<\/a><\/li>\r\n            <li><a href=\"#selection-map\">Map view<\/a><\/li>\r\n        <\/ul>\r\n    <\/div>\r\n    <div id=\"selection-grid\" style=\"display: block;\">\r\n\r\n        <!--BEGIN FILTER -->\r\n                <!--BEGIN FILTER -->\r\n\r\n        <div id=\"selection-grid\" class=\"selection-mode-default\">\r\n                            <div class=\"card 0-3pieces\">\r\n                    <div class=\"row\">\r\n                        <div class=\"col-md-3\">\r\n                                                        <img decoding=\"async\" src=\"https:\/\/static.apidae-tourisme.com\/filestore\/objets-touristiques\/images\/216\/63\/11288536-diaporama.jpg\" class=\"w-100\" alt=\"Image IMG-20211018-WA0042_62272799716959\">\r\n                        <\/div>\r\n                        <div class=\"col-md-9\">\r\n                            <div class=\"card-block px-1\">\r\n                                <h2 class=\"card-title\">\r\n                                    <a href=\"https:\/\/la-toussuire.com\/en\/details\/rooftop-des-anges-jacuzzi-en-altitude-5952969-Fr\/\">&#8220;Rooftop des Anges&#8221; &#8211; Jacuzzi en altitude<\/a>\r\n                                <\/h2>\r\n                                <p class=\"classement\"><\/p>\r\n                                <p class=\"card-text\">Le Rooftop des Anges vous propose un moment inoubliable \u00e0 2225m d&#8217;altitude!<\/p>\r\n                                <p class=\"labels\"><\/p>\r\n                            <\/div>\r\n                            <a href=\"https:\/\/la-toussuire.com\/en\/details\/rooftop-des-anges-jacuzzi-en-altitude-5952969-Fr\/\" class=\"btn\">View more<\/a>\r\n                        <\/div>\r\n                    <\/div>\r\n                <\/div>\r\n                            <div class=\"card 0-3pieces\">\r\n                    <div class=\"row\">\r\n                        <div class=\"col-md-3\">\r\n                                                            <div class=\"pictos\">\r\n                                    <span class=\"label-soins\" title=\"Soins esth\u00e9tiques\">Soins esth\u00e9tiques<\/span><span class=\"label-massages\" title=\"Massages \/ Modelages\">Massages \/ Modelages<\/span><span class=\"label-cheque_vacances\" title=\"Ch\u00e8que-Vacances Classic\">Ch\u00e8que-Vacances Classic<\/span>                                <\/div>\r\n                                                        <img decoding=\"async\" src=\"https:\/\/static.apidae-tourisme.com\/filestore\/objets-touristiques\/images\/54\/198\/8767030-diaporama.jpg\" class=\"w-100\" alt=\"Image 4-cgh-lalpaga--piscine-c-foudimages-28-1_1105\">\r\n                        <\/div>\r\n                        <div class=\"col-md-9\">\r\n                            <div class=\"card-block px-1\">\r\n                                <h2 class=\"card-title\">\r\n                                    <a href=\"https:\/\/la-toussuire.com\/en\/details\/spa-daltitude-o-des-cimes-residence-cgh-lalpaga-5668016-Fr\/\">Spa d\u2019altitude \u00d4 des Cimes \u2013 R\u00e9sidence CGH L&#8217;Alpaga<\/a>\r\n                                <\/h2>\r\n                                <p class=\"classement\"><\/p>\r\n                                <p class=\"card-text\">Apr\u00e8s l\u2019effort, le r\u00e9confort vous attend dans votre spa \u00d4 des Cimes L&#8217;Alpaga aux allures d\u2019enchantement avec ses 4 cabines de soins pour une infinie palette de relaxation ! D\u00e9couvrez les bienfaits d\u2019un soin ou d\u2019un massage, visage et\/ou corps.<\/p>\r\n                                <p class=\"labels\"><\/p>\r\n                            <\/div>\r\n                            <a href=\"https:\/\/la-toussuire.com\/en\/details\/spa-daltitude-o-des-cimes-residence-cgh-lalpaga-5668016-Fr\/\" class=\"btn\">View more<\/a>\r\n                        <\/div>\r\n                    <\/div>\r\n                <\/div>\r\n                            <div class=\"card 0-3pieces\">\r\n                    <div class=\"row\">\r\n                        <div class=\"col-md-3\">\r\n                                                        <img decoding=\"async\" src=\"https:\/\/static.apidae-tourisme.com\/filestore\/objets-touristiques\/images\/154\/215\/3331994-diaporama.jpg\" class=\"w-100\" alt=\"Image 5027-0063\">\r\n                        <\/div>\r\n                        <div class=\"col-md-9\">\r\n                            <div class=\"card-block px-1\">\r\n                                <h2 class=\"card-title\">\r\n                                    <a href=\"https:\/\/la-toussuire.com\/en\/details\/spa-et-espace-detente-du-chalet-hotel-le-beausoleil-the-originals-relais-4872244-Fr\/\">Spa et Espace d\u00e9tente du Chalet H\u00f4tel Le Beausoleil, The Originals Relais<\/a>\r\n                                <\/h2>\r\n                                <p class=\"classement\"><\/p>\r\n                                <p class=\"card-text\">Au c\u0153ur des Alpes, sur le plateau de La Toussuire, le Spa Beausoleil vous invite \u00e0 d\u00e9couvrir ses diff\u00e9rents soins aux huiles essentielles bio.<\/p>\r\n                                <p class=\"labels\"><\/p>\r\n                            <\/div>\r\n                            <a href=\"https:\/\/la-toussuire.com\/en\/details\/spa-et-espace-detente-du-chalet-hotel-le-beausoleil-the-originals-relais-4872244-Fr\/\" class=\"btn\">View more<\/a>\r\n                        <\/div>\r\n                    <\/div>\r\n                <\/div>\r\n                            <div class=\"card 0-3pieces\">\r\n                    <div class=\"row\">\r\n                        <div class=\"col-md-3\">\r\n                                                            <div class=\"pictos\">\r\n                                    <span class=\"label-massages\" title=\"Massages \/ Modelages\">Massages \/ Modelages<\/span>                                <\/div>\r\n                                                        <img decoding=\"async\" src=\"https:\/\/static.apidae-tourisme.com\/filestore\/objets-touristiques\/images\/63\/128\/26902591-diaporama.png\" class=\"w-100\" alt=\"Image Photo ok APIDAE (18)\">\r\n                        <\/div>\r\n                        <div class=\"col-md-9\">\r\n                            <div class=\"card-block px-1\">\r\n                                <h2 class=\"card-title\">\r\n                                    <a href=\"https:\/\/la-toussuire.com\/en\/details\/spa-et-espace-detente-les-soldanelles-4861982-Fr\/\">Spa et Espace d\u00e9tente Les Soldanelles<\/a>\r\n                                <\/h2>\r\n                                <p class=\"classement\"><\/p>\r\n                                <p class=\"card-text\">Pour le bien-\u00eatre du corps et de l&#8217;esprit, venez profiter de l&#8217;espace d\u00e9tente de l&#8217;h\u00f4tel des Soldanelles.<\/p>\r\n                                <p class=\"labels\"><\/p>\r\n                            <\/div>\r\n                            <a href=\"https:\/\/la-toussuire.com\/en\/details\/spa-et-espace-detente-les-soldanelles-4861982-Fr\/\" class=\"btn\">View more<\/a>\r\n                        <\/div>\r\n                    <\/div>\r\n                <\/div>\r\n                    <\/div>\r\n    <\/div>\r\n    <div id=\"selection-map\" class=\"selection-mode-map\" style=\"display: none;\">\r\n        <div class=\"map\" id=\"MapContainerListe\"><\/div>\r\n    <\/div>\r\n<!--END ITEMS APIDAE -->\r\n\r\n<!--BEGIN PAGINATOR -->\r\n<!--BEGIN PAGINATOR --><\/div>\n\n<div class=\"block block-core-heading\">\n<h2 class=\"wp-block-heading has-text-align-center\">Swimming pools<\/h2>\n<\/div>\n\n<div class=\"block block-lba-apidae-selection\"><!--BEGIN ITEMS APIDAE -->\r\n    <div class=\"selection-mode-selector\" data-selection=\"171770\">\r\n        <ul>\r\n            <li><a href=\"#selection-grid\" class=\"active\">Grid view<\/a><\/li>\r\n            <li><a href=\"#selection-map\">Map view<\/a><\/li>\r\n        <\/ul>\r\n    <\/div>\r\n    <div id=\"selection-grid\" style=\"display: block;\">\r\n\r\n        <!--BEGIN FILTER -->\r\n                <!--BEGIN FILTER -->\r\n\r\n        <div id=\"selection-grid\" class=\"selection-mode-default\">\r\n                            <div class=\"card 0-3pieces\">\r\n                    <div class=\"row\">\r\n                        <div class=\"col-md-3\">\r\n                                                            <div class=\"pictos\">\r\n                                    <span class=\"label-parking_prive\" title=\"Private parking\">Private parking<\/span><span class=\"label-massages\" title=\"Massages\">Massages<\/span><span class=\"label-cheque_vacances\" title=\"Travellers Cheque\">Travellers Cheque<\/span>                                <\/div>\r\n                                                        <img decoding=\"async\" src=\"https:\/\/static.apidae-tourisme.com\/filestore\/objets-touristiques\/images\/238\/28\/31792366-diaporama.png\" class=\"w-100\" alt=\"Image Photo ok APIDAE (7)\">\r\n                        <\/div>\r\n                        <div class=\"col-md-9\">\r\n                            <div class=\"card-block px-1\">\r\n                                <h2 class=\"card-title\">\r\n                                    <a href=\"https:\/\/la-toussuire.com\/en\/details\/soldanelles-swimming-pool-336857-En\/\">Soldanelles&#8217; Swimming pool<\/a>\r\n                                <\/h2>\r\n                                <p class=\"classement\"><\/p>\r\n                                <p class=\"card-text\">Heated pool and covered in winter, open in summer. Swimming lessons ans aquagym.<\/p>\r\n                                <p class=\"labels\"><\/p>\r\n                            <\/div>\r\n                            <a href=\"https:\/\/la-toussuire.com\/en\/details\/soldanelles-swimming-pool-336857-En\/\" class=\"btn\">View more<\/a>\r\n                        <\/div>\r\n                    <\/div>\r\n                <\/div>\r\n                            <div class=\"card 0-3pieces\">\r\n                    <div class=\"row\">\r\n                        <div class=\"col-md-3\">\r\n                                                            <div class=\"pictos\">\r\n                                    <span class=\"label-soins\" title=\"Beauty treatments\">Beauty treatments<\/span><span class=\"label-massages\" title=\"Massages\">Massages<\/span><span class=\"label-cheque_vacances\" title=\"Travellers Cheque\">Travellers Cheque<\/span>                                <\/div>\r\n                                                        <img decoding=\"async\" src=\"https:\/\/static.apidae-tourisme.com\/filestore\/objets-touristiques\/images\/54\/198\/8767030-diaporama.jpg\" class=\"w-100\" alt=\"Image 4-cgh-lalpaga--piscine-c-foudimages-28-1_1105\">\r\n                        <\/div>\r\n                        <div class=\"col-md-9\">\r\n                            <div class=\"card-block px-1\">\r\n                                <h2 class=\"card-title\">\r\n                                    <a href=\"https:\/\/la-toussuire.com\/en\/details\/o-des-cimes-mountain-spa-residence-cgh-lalpaga-5668016-En\/\">\u00d4 des Cimes mountain spa &#8211; R\u00e9sidence CGH L&#8217;Alpaga<\/a>\r\n                                <\/h2>\r\n                                <p class=\"classement\"><\/p>\r\n                                <p class=\"card-text\">After the effort, comfort awaits you in your enchanting \u00d4 des Cimes L&#8217;Alpaga spa with its 4 treatment cabins for an infinite range of relaxation! Discover the benefits of a facial and\/or body treatment or massage.<\/p>\r\n                                <p class=\"labels\"><\/p>\r\n                            <\/div>\r\n                            <a href=\"https:\/\/la-toussuire.com\/en\/details\/o-des-cimes-mountain-spa-residence-cgh-lalpaga-5668016-En\/\" class=\"btn\">View more<\/a>\r\n                        <\/div>\r\n                    <\/div>\r\n                <\/div>\r\n                    <\/div>\r\n    <\/div>\r\n    <div id=\"selection-map\" class=\"selection-mode-map\" style=\"display: none;\">\r\n        <div class=\"map\" id=\"MapContainerListe\"><\/div>\r\n    <\/div>\r\n<!--END ITEMS APIDAE -->\r\n\r\n<!--BEGIN PAGINATOR -->\r\n<!--BEGIN PAGINATOR --><\/div>","protected":false},"excerpt":{"rendered":"<p>Take some time for yourself&#8230; A holiday in the mountains can be tiring ! So, for those families who need to relax, we have you covered\u2026 With massages, jacuzzi, and spas to choose from, you won&#8217;t want to leave! Swimming pools<\/p>\n","protected":false},"author":3,"featured_media":8820,"parent":10688,"menu_order":2,"comment_status":"closed","ping_status":"closed","template":"page-template.php","meta":{"_acf_changed":false,"footnotes":""},"class_list":["post-10706","page","type-page","status-publish","has-post-thumbnail","hentry"],"acf":[],"yoast_head":"<!-- This site is optimized with the Yoast SEO plugin v27.1.1 - https:\/\/yoast.com\/product\/yoast-seo-wordpress\/ -->\n<title>Spas, wellness and swimming pools - La Toussuire<\/title>\n<meta name=\"description\" content=\"After a day of activities, enjoy La Toussuire&#039;s wellness and spa establishments ! We have a wide range of options for you to relax according to your desires\" \/>\n<meta name=\"robots\" content=\"index, follow, max-snippet:-1, max-image-preview:large, max-video-preview:-1\" \/>\n<link rel=\"canonical\" href=\"https:\/\/la-toussuire.com\/en\/what-to-do-in-summer\/wellness\/spa-and-wellness-areas\/\" \/>\n<meta property=\"og:locale\" content=\"en_US\" \/>\n<meta property=\"og:type\" content=\"article\" \/>\n<meta property=\"og:title\" content=\"Spas, wellness and swimming pools - La Toussuire\" \/>\n<meta property=\"og:description\" content=\"After a day of activities, enjoy La Toussuire&#039;s wellness and spa establishments ! We have a wide range of options for you to relax according to your desires\" \/>\n<meta property=\"og:url\" content=\"https:\/\/la-toussuire.com\/en\/what-to-do-in-summer\/wellness\/spa-and-wellness-areas\/\" \/>\n<meta property=\"og:site_name\" content=\"La Toussuire\" \/>\n<meta property=\"article:modified_time\" content=\"2024-10-08T13:30:44+00:00\" \/>\n<meta property=\"og:image\" content=\"https:\/\/la-toussuire.com\/wp-content\/uploads\/OTToussuire_Bien_Etre_Spas_Presentation\u00a9AlbanPernet@La_Toussuire.jpg\" \/>\n\t<meta property=\"og:image:width\" content=\"2300\" \/>\n\t<meta property=\"og:image:height\" content=\"1533\" \/>\n\t<meta property=\"og:image:type\" content=\"image\/jpeg\" \/>\n<meta name=\"twitter:card\" content=\"summary_large_image\" \/>\n<meta name=\"twitter:label1\" content=\"Est. reading time\" \/>\n\t<meta name=\"twitter:data1\" content=\"1 minute\" \/>\n<script type=\"application\/ld+json\" class=\"yoast-schema-graph\">{\"@context\":\"https:\/\/schema.org\",\"@graph\":[{\"@type\":\"WebPage\",\"@id\":\"https:\/\/la-toussuire.com\/en\/what-to-do-in-summer\/wellness\/spa-and-wellness-areas\/\",\"url\":\"https:\/\/la-toussuire.com\/en\/what-to-do-in-summer\/wellness\/spa-and-wellness-areas\/\",\"name\":\"Spas, wellness and swimming pools - La Toussuire\",\"isPartOf\":{\"@id\":\"https:\/\/la-toussuire.com\/en\/#website\"},\"primaryImageOfPage\":{\"@id\":\"https:\/\/la-toussuire.com\/en\/what-to-do-in-summer\/wellness\/spa-and-wellness-areas\/#primaryimage\"},\"image\":{\"@id\":\"https:\/\/la-toussuire.com\/en\/what-to-do-in-summer\/wellness\/spa-and-wellness-areas\/#primaryimage\"},\"thumbnailUrl\":\"https:\/\/la-toussuire.com\/wp-content\/uploads\/OTToussuire_Bien_Etre_Spas_Presentation\u00a9AlbanPernet@La_Toussuire.jpg\",\"datePublished\":\"2022-09-06T13:55:48+00:00\",\"dateModified\":\"2024-10-08T13:30:44+00:00\",\"description\":\"After a day of activities, enjoy La Toussuire's wellness and spa establishments ! We have a wide range of options for you to relax according to your desires\",\"breadcrumb\":{\"@id\":\"https:\/\/la-toussuire.com\/en\/what-to-do-in-summer\/wellness\/spa-and-wellness-areas\/#breadcrumb\"},\"inLanguage\":\"en-US\",\"potentialAction\":[{\"@type\":\"ReadAction\",\"target\":[\"https:\/\/la-toussuire.com\/en\/what-to-do-in-summer\/wellness\/spa-and-wellness-areas\/\"]}]},{\"@type\":\"ImageObject\",\"inLanguage\":\"en-US\",\"@id\":\"https:\/\/la-toussuire.com\/en\/what-to-do-in-summer\/wellness\/spa-and-wellness-areas\/#primaryimage\",\"url\":\"https:\/\/la-toussuire.com\/wp-content\/uploads\/OTToussuire_Bien_Etre_Spas_Presentation\u00a9AlbanPernet@La_Toussuire.jpg\",\"contentUrl\":\"https:\/\/la-toussuire.com\/wp-content\/uploads\/OTToussuire_Bien_Etre_Spas_Presentation\u00a9AlbanPernet@La_Toussuire.jpg\",\"width\":2300,\"height\":1533,\"caption\":\"Wellness spa\"},{\"@type\":\"BreadcrumbList\",\"@id\":\"https:\/\/la-toussuire.com\/en\/what-to-do-in-summer\/wellness\/spa-and-wellness-areas\/#breadcrumb\",\"itemListElement\":[{\"@type\":\"ListItem\",\"position\":1,\"name\":\"Home\",\"item\":\"https:\/\/la-toussuire.com\/en\/\"},{\"@type\":\"ListItem\",\"position\":2,\"name\":\"I&#8217;m having fun\",\"item\":\"https:\/\/la-toussuire.com\/en\/what-to-do-in-summer\/\"},{\"@type\":\"ListItem\",\"position\":3,\"name\":\"Wellness\",\"item\":\"https:\/\/la-toussuire.com\/en\/what-to-do-in-summer\/wellness\/\"},{\"@type\":\"ListItem\",\"position\":4,\"name\":\"Spas, wellness and swimming pools\"}]},{\"@type\":\"WebSite\",\"@id\":\"https:\/\/la-toussuire.com\/en\/#website\",\"url\":\"https:\/\/la-toussuire.com\/en\/\",\"name\":\"La Toussuire\",\"description\":\"\",\"publisher\":{\"@id\":\"https:\/\/la-toussuire.com\/en\/#organization\"},\"potentialAction\":[{\"@type\":\"SearchAction\",\"target\":{\"@type\":\"EntryPoint\",\"urlTemplate\":\"https:\/\/la-toussuire.com\/en\/?s={search_term_string}\"},\"query-input\":{\"@type\":\"PropertyValueSpecification\",\"valueRequired\":true,\"valueName\":\"search_term_string\"}}],\"inLanguage\":\"en-US\"},{\"@type\":\"Organization\",\"@id\":\"https:\/\/la-toussuire.com\/en\/#organization\",\"name\":\"La Toussuire\",\"url\":\"https:\/\/la-toussuire.com\/en\/\",\"logo\":{\"@type\":\"ImageObject\",\"inLanguage\":\"en-US\",\"@id\":\"https:\/\/la-toussuire.com\/en\/#\/schema\/logo\/image\/\",\"url\":\"https:\/\/la-toussuire.com\/wp-content\/uploads\/LA-TOUSSUIRE_Logo_ALT.png\",\"contentUrl\":\"https:\/\/la-toussuire.com\/wp-content\/uploads\/LA-TOUSSUIRE_Logo_ALT.png\",\"width\":557,\"height\":325,\"caption\":\"La Toussuire\"},\"image\":{\"@id\":\"https:\/\/la-toussuire.com\/en\/#\/schema\/logo\/image\/\"}}]}<\/script>\n<!-- \/ Yoast SEO plugin. -->","yoast_head_json":{"title":"Spas, wellness and swimming pools - La Toussuire","description":"After a day of activities, enjoy La Toussuire's wellness and spa establishments ! We have a wide range of options for you to relax according to your desires","robots":{"index":"index","follow":"follow","max-snippet":"max-snippet:-1","max-image-preview":"max-image-preview:large","max-video-preview":"max-video-preview:-1"},"canonical":"https:\/\/la-toussuire.com\/en\/what-to-do-in-summer\/wellness\/spa-and-wellness-areas\/","og_locale":"en_US","og_type":"article","og_title":"Spas, wellness and swimming pools - La Toussuire","og_description":"After a day of activities, enjoy La Toussuire's wellness and spa establishments ! We have a wide range of options for you to relax according to your desires","og_url":"https:\/\/la-toussuire.com\/en\/what-to-do-in-summer\/wellness\/spa-and-wellness-areas\/","og_site_name":"La Toussuire","article_modified_time":"2024-10-08T13:30:44+00:00","og_image":[{"width":2300,"height":1533,"url":"https:\/\/la-toussuire.com\/wp-content\/uploads\/OTToussuire_Bien_Etre_Spas_Presentation\u00a9AlbanPernet@La_Toussuire.jpg","type":"image\/jpeg"}],"twitter_card":"summary_large_image","twitter_misc":{"Est. reading time":"1 minute"},"schema":{"@context":"https:\/\/schema.org","@graph":[{"@type":"WebPage","@id":"https:\/\/la-toussuire.com\/en\/what-to-do-in-summer\/wellness\/spa-and-wellness-areas\/","url":"https:\/\/la-toussuire.com\/en\/what-to-do-in-summer\/wellness\/spa-and-wellness-areas\/","name":"Spas, wellness and swimming pools - La Toussuire","isPartOf":{"@id":"https:\/\/la-toussuire.com\/en\/#website"},"primaryImageOfPage":{"@id":"https:\/\/la-toussuire.com\/en\/what-to-do-in-summer\/wellness\/spa-and-wellness-areas\/#primaryimage"},"image":{"@id":"https:\/\/la-toussuire.com\/en\/what-to-do-in-summer\/wellness\/spa-and-wellness-areas\/#primaryimage"},"thumbnailUrl":"https:\/\/la-toussuire.com\/wp-content\/uploads\/OTToussuire_Bien_Etre_Spas_Presentation\u00a9AlbanPernet@La_Toussuire.jpg","datePublished":"2022-09-06T13:55:48+00:00","dateModified":"2024-10-08T13:30:44+00:00","description":"After a day of activities, enjoy La Toussuire's wellness and spa establishments ! We have a wide range of options for you to relax according to your desires","breadcrumb":{"@id":"https:\/\/la-toussuire.com\/en\/what-to-do-in-summer\/wellness\/spa-and-wellness-areas\/#breadcrumb"},"inLanguage":"en-US","potentialAction":[{"@type":"ReadAction","target":["https:\/\/la-toussuire.com\/en\/what-to-do-in-summer\/wellness\/spa-and-wellness-areas\/"]}]},{"@type":"ImageObject","inLanguage":"en-US","@id":"https:\/\/la-toussuire.com\/en\/what-to-do-in-summer\/wellness\/spa-and-wellness-areas\/#primaryimage","url":"https:\/\/la-toussuire.com\/wp-content\/uploads\/OTToussuire_Bien_Etre_Spas_Presentation\u00a9AlbanPernet@La_Toussuire.jpg","contentUrl":"https:\/\/la-toussuire.com\/wp-content\/uploads\/OTToussuire_Bien_Etre_Spas_Presentation\u00a9AlbanPernet@La_Toussuire.jpg","width":2300,"height":1533,"caption":"Wellness spa"},{"@type":"BreadcrumbList","@id":"https:\/\/la-toussuire.com\/en\/what-to-do-in-summer\/wellness\/spa-and-wellness-areas\/#breadcrumb","itemListElement":[{"@type":"ListItem","position":1,"name":"Home","item":"https:\/\/la-toussuire.com\/en\/"},{"@type":"ListItem","position":2,"name":"I&#8217;m having fun","item":"https:\/\/la-toussuire.com\/en\/what-to-do-in-summer\/"},{"@type":"ListItem","position":3,"name":"Wellness","item":"https:\/\/la-toussuire.com\/en\/what-to-do-in-summer\/wellness\/"},{"@type":"ListItem","position":4,"name":"Spas, wellness and swimming pools"}]},{"@type":"WebSite","@id":"https:\/\/la-toussuire.com\/en\/#website","url":"https:\/\/la-toussuire.com\/en\/","name":"La Toussuire","description":"","publisher":{"@id":"https:\/\/la-toussuire.com\/en\/#organization"},"potentialAction":[{"@type":"SearchAction","target":{"@type":"EntryPoint","urlTemplate":"https:\/\/la-toussuire.com\/en\/?s={search_term_string}"},"query-input":{"@type":"PropertyValueSpecification","valueRequired":true,"valueName":"search_term_string"}}],"inLanguage":"en-US"},{"@type":"Organization","@id":"https:\/\/la-toussuire.com\/en\/#organization","name":"La Toussuire","url":"https:\/\/la-toussuire.com\/en\/","logo":{"@type":"ImageObject","inLanguage":"en-US","@id":"https:\/\/la-toussuire.com\/en\/#\/schema\/logo\/image\/","url":"https:\/\/la-toussuire.com\/wp-content\/uploads\/LA-TOUSSUIRE_Logo_ALT.png","contentUrl":"https:\/\/la-toussuire.com\/wp-content\/uploads\/LA-TOUSSUIRE_Logo_ALT.png","width":557,"height":325,"caption":"La Toussuire"},"image":{"@id":"https:\/\/la-toussuire.com\/en\/#\/schema\/logo\/image\/"}}]}},"_links":{"self":[{"href":"https:\/\/la-toussuire.com\/en\/wp-json\/wp\/v2\/pages\/10706","targetHints":{"allow":["GET"]}}],"collection":[{"href":"https:\/\/la-toussuire.com\/en\/wp-json\/wp\/v2\/pages"}],"about":[{"href":"https:\/\/la-toussuire.com\/en\/wp-json\/wp\/v2\/types\/page"}],"author":[{"embeddable":true,"href":"https:\/\/la-toussuire.com\/en\/wp-json\/wp\/v2\/users\/3"}],"replies":[{"embeddable":true,"href":"https:\/\/la-toussuire.com\/en\/wp-json\/wp\/v2\/comments?post=10706"}],"version-history":[{"count":5,"href":"https:\/\/la-toussuire.com\/en\/wp-json\/wp\/v2\/pages\/10706\/revisions"}],"predecessor-version":[{"id":34015,"href":"https:\/\/la-toussuire.com\/en\/wp-json\/wp\/v2\/pages\/10706\/revisions\/34015"}],"up":[{"embeddable":true,"href":"https:\/\/la-toussuire.com\/en\/wp-json\/wp\/v2\/pages\/10688"}],"wp:featuredmedia":[{"embeddable":true,"href":"https:\/\/la-toussuire.com\/en\/wp-json\/wp\/v2\/media\/8820"}],"wp:attachment":[{"href":"https:\/\/la-toussuire.com\/en\/wp-json\/wp\/v2\/media?parent=10706"}],"curies":[{"name":"wp","href":"https:\/\/api.w.org\/{rel}","templated":true}]}}