{"id":10657,"date":"2022-09-05T16:49:52","date_gmt":"2022-09-05T14:49:52","guid":{"rendered":"https:\/\/la-toussuire.com\/what-to-do-in-summer\/calendar-and-events\/"},"modified":"2026-04-08T16:28:10","modified_gmt":"2026-04-08T14:28:10","slug":"calendar-and-events","status":"publish","type":"page","link":"https:\/\/la-toussuire.com\/en\/what-to-do-in-summer\/calendar-and-events\/","title":{"rendered":"Agenda"},"content":{"rendered":"<div class=\"block block-core-heading\">\n<h2 class=\"wp-block-heading has-text-align-center\">So many things are happening&#8230; <\/h2>\n<\/div><div class=\"block block-core-paragraph\">\n<p class=\"has-text-align-center\">Whether you&#8217;re looking for <strong>family<\/strong>, <strong>sports <\/strong>or <strong>relaxation <\/strong>activities, or <strong>theme weeks<\/strong> to mark the seasons, there&#8217;s never a dull moment at La Toussuire!<em> We&#8217;ll let you find out?<\/em><\/p>\n<\/div><div class=\"block block-core-media-text align-wrap align-wrap-wide\">\n<div class=\"wp-block-media-text alignwide is-stacked-on-mobile is-image-fill-element\"><figure class=\"wp-block-media-text__media\"><img loading=\"lazy\" decoding=\"async\" width=\"1024\" height=\"684\" src=\"https:\/\/la-toussuire.com\/wp-content\/uploads\/\/APernet-OTToussuire-web-090823-371-1024x684.jpg\" alt=\"Photo prise de jour en \u00e9t\u00e9 en format paysage. Nous pouvons voir une famille en train de jouer \u00e0 une partie de m\u00f6lkky dans l'herbe. C'est la m\u00e8re qui tire sur les quilles plusieurs d'entre elles sont en train de tomber au sol.\" class=\"wp-image-30457 size-full\" style=\"object-position:50% 50%\" srcset=\"https:\/\/la-toussuire.com\/wp-content\/uploads\/APernet-OTToussuire-web-090823-371-1024x684.jpg 1024w, https:\/\/la-toussuire.com\/wp-content\/uploads\/APernet-OTToussuire-web-090823-371-300x200.jpg 300w, https:\/\/la-toussuire.com\/wp-content\/uploads\/APernet-OTToussuire-web-090823-371-150x100.jpg 150w, https:\/\/la-toussuire.com\/wp-content\/uploads\/APernet-OTToussuire-web-090823-371-768x513.jpg 768w, https:\/\/la-toussuire.com\/wp-content\/uploads\/APernet-OTToussuire-web-090823-371.jpg 1080w\" sizes=\"auto, (max-width: 1024px) 100vw, 1024px\" \/><\/figure><div class=\"wp-block-media-text__content\"><div class=\"block block-core-heading\">\n<h2 class=\"wp-block-heading has-text-align-center\" id=\"agenda-saison\">Programme of events <\/h2>\n<\/div>\n\n<div class=\"block block-core-paragraph\">\n<p class=\"has-text-align-center\">What could be better than a <strong>programme <\/strong>listing everything that&#8217;s going to be happening in La Toussuire when you&#8217;re there?<\/p>\n<\/div>\n\n<div class=\"block block-core-buttons\">\n<div class=\"wp-block-buttons is-content-justification-center is-layout-flex wp-container-core-buttons-is-layout-16018d1d wp-block-buttons-is-layout-flex\"><div class=\"block block-core-button\">\n<div class=\"wp-block-button\"><a class=\"wp-block-button__link wp-element-button\" href=\"https:\/\/la-toussuire.com\/en\/what-to-do-in-summer\/calendar-and-events\/programme\/\">Who wants the programme ?<\/a><\/div>\n<\/div><\/div>\n<\/div><\/div><\/div>\n<\/div><div class=\"block block-core-media-text align-wrap align-wrap-wide\">\n<div class=\"wp-block-media-text alignwide has-media-on-the-right is-stacked-on-mobile is-image-fill-element\"><div class=\"wp-block-media-text__content\"><div class=\"block block-core-heading\">\n<h2 class=\"wp-block-heading has-text-align-center\" id=\"animations\">Events programme <\/h2>\n<\/div>\n\n<div class=\"block block-core-paragraph\">\n<p class=\"has-text-align-center\"><strong>Make an appointment with our entertainment offer !<\/strong><\/p>\n<\/div>\n\n<div class=\"block block-core-paragraph\">\n<p class=\"has-text-align-center\">All the information and events are in this section !<\/p>\n<\/div>\n\n<div class=\"block block-core-buttons\">\n<div class=\"wp-block-buttons is-content-justification-center is-layout-flex wp-container-core-buttons-is-layout-16018d1d wp-block-buttons-is-layout-flex\"><div class=\"block block-core-button\">\n<div class=\"wp-block-button\"><a class=\"wp-block-button__link wp-element-button\" href=\"https:\/\/la-toussuire.com\/en\/what-to-do-in-summer\/calendar-and-events\/agenda-toussuire\/\">Dates for your diaries<\/a><\/div>\n<\/div><\/div>\n<\/div><\/div><figure class=\"wp-block-media-text__media\"><img loading=\"lazy\" decoding=\"async\" width=\"1024\" height=\"684\" src=\"https:\/\/la-toussuire.com\/wp-content\/uploads\/\/OTToussuire_Agenda_et_Evenement_Festival_Spectacle_est_dans_la_rue_Galerie@Dom@La_Toussuire-1024x684.jpg\" alt=\"Photo prise de nuit dans la rue verte. Il s'agit d'un spectacle du Festival &quot;Le Spectacle est dans la rue&quot; o\u00f9 nous pouvons voir trois artistes en pleine performance de cirque devant du public\" class=\"wp-image-8054 size-full\" style=\"object-position:50% 50%\" srcset=\"https:\/\/la-toussuire.com\/wp-content\/uploads\/OTToussuire_Agenda_et_Evenement_Festival_Spectacle_est_dans_la_rue_Galerie@Dom@La_Toussuire-1024x684.jpg 1024w, https:\/\/la-toussuire.com\/wp-content\/uploads\/OTToussuire_Agenda_et_Evenement_Festival_Spectacle_est_dans_la_rue_Galerie@Dom@La_Toussuire-300x200.jpg 300w, https:\/\/la-toussuire.com\/wp-content\/uploads\/OTToussuire_Agenda_et_Evenement_Festival_Spectacle_est_dans_la_rue_Galerie@Dom@La_Toussuire-150x100.jpg 150w, https:\/\/la-toussuire.com\/wp-content\/uploads\/OTToussuire_Agenda_et_Evenement_Festival_Spectacle_est_dans_la_rue_Galerie@Dom@La_Toussuire-768x513.jpg 768w, https:\/\/la-toussuire.com\/wp-content\/uploads\/OTToussuire_Agenda_et_Evenement_Festival_Spectacle_est_dans_la_rue_Galerie@Dom@La_Toussuire.jpg 1227w\" sizes=\"auto, (max-width: 1024px) 100vw, 1024px\" \/><\/figure><\/div>\n<\/div><div class=\"block block-core-media-text align-wrap align-wrap-wide\">\n<div class=\"wp-block-media-text alignwide is-stacked-on-mobile is-image-fill-element\"><figure class=\"wp-block-media-text__media\"><img loading=\"lazy\" decoding=\"async\" width=\"1024\" height=\"576\" src=\"https:\/\/la-toussuire.com\/wp-content\/uploads\/\/DSC09835-compressed-1024x576.jpg\" alt=\"Photo paysage feu d'artifice\" class=\"wp-image-45640 size-full\" style=\"object-position:49% 45%\" srcset=\"https:\/\/la-toussuire.com\/wp-content\/uploads\/DSC09835-compressed-1024x576.jpg 1024w, https:\/\/la-toussuire.com\/wp-content\/uploads\/DSC09835-compressed-300x169.jpg 300w, https:\/\/la-toussuire.com\/wp-content\/uploads\/DSC09835-compressed-150x84.jpg 150w, https:\/\/la-toussuire.com\/wp-content\/uploads\/DSC09835-compressed-768x432.jpg 768w, https:\/\/la-toussuire.com\/wp-content\/uploads\/DSC09835-compressed-1536x864.jpg 1536w, https:\/\/la-toussuire.com\/wp-content\/uploads\/DSC09835-compressed-2048x1152.jpg 2048w\" sizes=\"auto, (max-width: 1024px) 100vw, 1024px\" \/><\/figure><div class=\"wp-block-media-text__content\"><div class=\"block block-core-heading\">\n<h2 class=\"wp-block-heading has-text-align-center\" id=\"programmes-semaines\">Events<\/h2>\n<\/div>\n\n<div class=\"block block-core-paragraph\">\n<p class=\"has-text-align-center\">La Toussuire is a well-known resort in the world of <strong>events<\/strong>, offering visitors <strong>unique and timeless experiences<\/strong>. <em>From sports and family events to themed weeks that punctuate the seasons,<\/em> La Toussuire has one watchword: <strong>have fun.<\/strong><\/p>\n<\/div>\n\n<div class=\"block block-core-buttons\">\n<div class=\"wp-block-buttons is-content-justification-center is-layout-flex wp-container-core-buttons-is-layout-16018d1d wp-block-buttons-is-layout-flex\"><div class=\"block block-core-button\">\n<div class=\"wp-block-button\"><a class=\"wp-block-button__link wp-element-button\" href=\"https:\/\/la-toussuire.com\/en\/what-to-do-in-summer\/calendar-and-events\/events\/\">Shall we take a look ?<\/a><\/div>\n<\/div><\/div>\n<\/div><\/div><\/div>\n<\/div><div class=\"block block-core-paragraph\">\n<p><\/p>\n<\/div>","protected":false},"excerpt":{"rendered":"<p>So many things are happening&#8230; Whether you&#8217;re looking for family, sports or relaxation activities, or theme weeks to mark the seasons, there&#8217;s never a dull moment at La Toussuire! We&#8217;ll let you find out?<\/p>\n","protected":false},"author":3,"featured_media":30523,"parent":5866,"menu_order":1,"comment_status":"closed","ping_status":"closed","template":"page-template.php","meta":{"_acf_changed":false,"footnotes":""},"class_list":["post-10657","page","type-page","status-publish","has-post-thumbnail","hentry"],"acf":[],"yoast_head":"<!-- This site is optimized with the Yoast SEO plugin v27.1.1 - https:\/\/yoast.com\/product\/yoast-seo-wordpress\/ -->\n<title>Agenda - La Toussuire<\/title>\n<meta name=\"description\" content=\"A carefully curated programme for your stay ! With our range of themed weeks and events, there is no time to be bored !\" \/>\n<meta name=\"robots\" content=\"index, follow, max-snippet:-1, max-image-preview:large, max-video-preview:-1\" \/>\n<link rel=\"canonical\" href=\"https:\/\/la-toussuire.com\/en\/what-to-do-in-summer\/calendar-and-events\/\" \/>\n<meta property=\"og:locale\" content=\"en_US\" \/>\n<meta property=\"og:type\" content=\"article\" \/>\n<meta property=\"og:title\" content=\"Agenda - La Toussuire\" \/>\n<meta property=\"og:description\" content=\"A carefully curated programme for your stay ! With our range of themed weeks and events, there is no time to be bored !\" \/>\n<meta property=\"og:url\" content=\"https:\/\/la-toussuire.com\/en\/what-to-do-in-summer\/calendar-and-events\/\" \/>\n<meta property=\"og:site_name\" content=\"La Toussuire\" \/>\n<meta property=\"article:modified_time\" content=\"2026-04-08T14:28:10+00:00\" \/>\n<meta property=\"og:image\" content=\"https:\/\/la-toussuire.com\/wp-content\/uploads\/434203495_739237031669614_3256165972326616210_n.jpg\" \/>\n\t<meta property=\"og:image:width\" content=\"2048\" \/>\n\t<meta property=\"og:image:height\" content=\"1153\" \/>\n\t<meta property=\"og:image:type\" content=\"image\/jpeg\" \/>\n<meta name=\"twitter:card\" content=\"summary_large_image\" \/>\n<meta name=\"twitter:label1\" content=\"Est. reading time\" \/>\n\t<meta name=\"twitter:data1\" content=\"2 minutes\" \/>\n<script type=\"application\/ld+json\" class=\"yoast-schema-graph\">{\"@context\":\"https:\/\/schema.org\",\"@graph\":[{\"@type\":\"WebPage\",\"@id\":\"https:\/\/la-toussuire.com\/en\/what-to-do-in-summer\/calendar-and-events\/\",\"url\":\"https:\/\/la-toussuire.com\/en\/what-to-do-in-summer\/calendar-and-events\/\",\"name\":\"Agenda - La Toussuire\",\"isPartOf\":{\"@id\":\"https:\/\/la-toussuire.com\/en\/#website\"},\"primaryImageOfPage\":{\"@id\":\"https:\/\/la-toussuire.com\/en\/what-to-do-in-summer\/calendar-and-events\/#primaryimage\"},\"image\":{\"@id\":\"https:\/\/la-toussuire.com\/en\/what-to-do-in-summer\/calendar-and-events\/#primaryimage\"},\"thumbnailUrl\":\"https:\/\/la-toussuire.com\/wp-content\/uploads\/434203495_739237031669614_3256165972326616210_n.jpg\",\"datePublished\":\"2022-09-05T14:49:52+00:00\",\"dateModified\":\"2026-04-08T14:28:10+00:00\",\"description\":\"A carefully curated programme for your stay ! With our range of themed weeks and events, there is no time to be bored !\",\"breadcrumb\":{\"@id\":\"https:\/\/la-toussuire.com\/en\/what-to-do-in-summer\/calendar-and-events\/#breadcrumb\"},\"inLanguage\":\"en-US\",\"potentialAction\":[{\"@type\":\"ReadAction\",\"target\":[\"https:\/\/la-toussuire.com\/en\/what-to-do-in-summer\/calendar-and-events\/\"]}]},{\"@type\":\"ImageObject\",\"inLanguage\":\"en-US\",\"@id\":\"https:\/\/la-toussuire.com\/en\/what-to-do-in-summer\/calendar-and-events\/#primaryimage\",\"url\":\"https:\/\/la-toussuire.com\/wp-content\/uploads\/434203495_739237031669614_3256165972326616210_n.jpg\",\"contentUrl\":\"https:\/\/la-toussuire.com\/wp-content\/uploads\/434203495_739237031669614_3256165972326616210_n.jpg\",\"width\":2048,\"height\":1153,\"caption\":\"Color Run \u00e0 La Toussuire\"},{\"@type\":\"BreadcrumbList\",\"@id\":\"https:\/\/la-toussuire.com\/en\/what-to-do-in-summer\/calendar-and-events\/#breadcrumb\",\"itemListElement\":[{\"@type\":\"ListItem\",\"position\":1,\"name\":\"Home\",\"item\":\"https:\/\/la-toussuire.com\/en\/\"},{\"@type\":\"ListItem\",\"position\":2,\"name\":\"I&rsquo;m having fun\",\"item\":\"https:\/\/la-toussuire.com\/en\/what-to-do-in-summer\/\"},{\"@type\":\"ListItem\",\"position\":3,\"name\":\"Agenda\"}]},{\"@type\":\"WebSite\",\"@id\":\"https:\/\/la-toussuire.com\/en\/#website\",\"url\":\"https:\/\/la-toussuire.com\/en\/\",\"name\":\"La Toussuire\",\"description\":\"\",\"publisher\":{\"@id\":\"https:\/\/la-toussuire.com\/en\/#organization\"},\"potentialAction\":[{\"@type\":\"SearchAction\",\"target\":{\"@type\":\"EntryPoint\",\"urlTemplate\":\"https:\/\/la-toussuire.com\/en\/?s={search_term_string}\"},\"query-input\":{\"@type\":\"PropertyValueSpecification\",\"valueRequired\":true,\"valueName\":\"search_term_string\"}}],\"inLanguage\":\"en-US\"},{\"@type\":\"Organization\",\"@id\":\"https:\/\/la-toussuire.com\/en\/#organization\",\"name\":\"La Toussuire\",\"url\":\"https:\/\/la-toussuire.com\/en\/\",\"logo\":{\"@type\":\"ImageObject\",\"inLanguage\":\"en-US\",\"@id\":\"https:\/\/la-toussuire.com\/en\/#\/schema\/logo\/image\/\",\"url\":\"https:\/\/la-toussuire.com\/wp-content\/uploads\/cropped-Nouveau-LA-TOUSSUIRE_Logo_Plan-de-travail-1-02.png\",\"contentUrl\":\"https:\/\/la-toussuire.com\/wp-content\/uploads\/cropped-Nouveau-LA-TOUSSUIRE_Logo_Plan-de-travail-1-02.png\",\"width\":591,\"height\":591,\"caption\":\"La Toussuire\"},\"image\":{\"@id\":\"https:\/\/la-toussuire.com\/en\/#\/schema\/logo\/image\/\"}}]}<\/script>\n<!-- \/ Yoast SEO plugin. -->","yoast_head_json":{"title":"Agenda - La Toussuire","description":"A carefully curated programme for your stay ! With our range of themed weeks and events, there is no time to be bored !","robots":{"index":"index","follow":"follow","max-snippet":"max-snippet:-1","max-image-preview":"max-image-preview:large","max-video-preview":"max-video-preview:-1"},"canonical":"https:\/\/la-toussuire.com\/en\/what-to-do-in-summer\/calendar-and-events\/","og_locale":"en_US","og_type":"article","og_title":"Agenda - La Toussuire","og_description":"A carefully curated programme for your stay ! With our range of themed weeks and events, there is no time to be bored !","og_url":"https:\/\/la-toussuire.com\/en\/what-to-do-in-summer\/calendar-and-events\/","og_site_name":"La Toussuire","article_modified_time":"2026-04-08T14:28:10+00:00","og_image":[{"width":2048,"height":1153,"url":"https:\/\/la-toussuire.com\/wp-content\/uploads\/434203495_739237031669614_3256165972326616210_n.jpg","type":"image\/jpeg"}],"twitter_card":"summary_large_image","twitter_misc":{"Est. reading time":"2 minutes"},"schema":{"@context":"https:\/\/schema.org","@graph":[{"@type":"WebPage","@id":"https:\/\/la-toussuire.com\/en\/what-to-do-in-summer\/calendar-and-events\/","url":"https:\/\/la-toussuire.com\/en\/what-to-do-in-summer\/calendar-and-events\/","name":"Agenda - La Toussuire","isPartOf":{"@id":"https:\/\/la-toussuire.com\/en\/#website"},"primaryImageOfPage":{"@id":"https:\/\/la-toussuire.com\/en\/what-to-do-in-summer\/calendar-and-events\/#primaryimage"},"image":{"@id":"https:\/\/la-toussuire.com\/en\/what-to-do-in-summer\/calendar-and-events\/#primaryimage"},"thumbnailUrl":"https:\/\/la-toussuire.com\/wp-content\/uploads\/434203495_739237031669614_3256165972326616210_n.jpg","datePublished":"2022-09-05T14:49:52+00:00","dateModified":"2026-04-08T14:28:10+00:00","description":"A carefully curated programme for your stay ! With our range of themed weeks and events, there is no time to be bored !","breadcrumb":{"@id":"https:\/\/la-toussuire.com\/en\/what-to-do-in-summer\/calendar-and-events\/#breadcrumb"},"inLanguage":"en-US","potentialAction":[{"@type":"ReadAction","target":["https:\/\/la-toussuire.com\/en\/what-to-do-in-summer\/calendar-and-events\/"]}]},{"@type":"ImageObject","inLanguage":"en-US","@id":"https:\/\/la-toussuire.com\/en\/what-to-do-in-summer\/calendar-and-events\/#primaryimage","url":"https:\/\/la-toussuire.com\/wp-content\/uploads\/434203495_739237031669614_3256165972326616210_n.jpg","contentUrl":"https:\/\/la-toussuire.com\/wp-content\/uploads\/434203495_739237031669614_3256165972326616210_n.jpg","width":2048,"height":1153,"caption":"Color Run \u00e0 La Toussuire"},{"@type":"BreadcrumbList","@id":"https:\/\/la-toussuire.com\/en\/what-to-do-in-summer\/calendar-and-events\/#breadcrumb","itemListElement":[{"@type":"ListItem","position":1,"name":"Home","item":"https:\/\/la-toussuire.com\/en\/"},{"@type":"ListItem","position":2,"name":"I&rsquo;m having fun","item":"https:\/\/la-toussuire.com\/en\/what-to-do-in-summer\/"},{"@type":"ListItem","position":3,"name":"Agenda"}]},{"@type":"WebSite","@id":"https:\/\/la-toussuire.com\/en\/#website","url":"https:\/\/la-toussuire.com\/en\/","name":"La Toussuire","description":"","publisher":{"@id":"https:\/\/la-toussuire.com\/en\/#organization"},"potentialAction":[{"@type":"SearchAction","target":{"@type":"EntryPoint","urlTemplate":"https:\/\/la-toussuire.com\/en\/?s={search_term_string}"},"query-input":{"@type":"PropertyValueSpecification","valueRequired":true,"valueName":"search_term_string"}}],"inLanguage":"en-US"},{"@type":"Organization","@id":"https:\/\/la-toussuire.com\/en\/#organization","name":"La Toussuire","url":"https:\/\/la-toussuire.com\/en\/","logo":{"@type":"ImageObject","inLanguage":"en-US","@id":"https:\/\/la-toussuire.com\/en\/#\/schema\/logo\/image\/","url":"https:\/\/la-toussuire.com\/wp-content\/uploads\/cropped-Nouveau-LA-TOUSSUIRE_Logo_Plan-de-travail-1-02.png","contentUrl":"https:\/\/la-toussuire.com\/wp-content\/uploads\/cropped-Nouveau-LA-TOUSSUIRE_Logo_Plan-de-travail-1-02.png","width":591,"height":591,"caption":"La Toussuire"},"image":{"@id":"https:\/\/la-toussuire.com\/en\/#\/schema\/logo\/image\/"}}]}},"_links":{"self":[{"href":"https:\/\/la-toussuire.com\/en\/wp-json\/wp\/v2\/pages\/10657","targetHints":{"allow":["GET"]}}],"collection":[{"href":"https:\/\/la-toussuire.com\/en\/wp-json\/wp\/v2\/pages"}],"about":[{"href":"https:\/\/la-toussuire.com\/en\/wp-json\/wp\/v2\/types\/page"}],"author":[{"embeddable":true,"href":"https:\/\/la-toussuire.com\/en\/wp-json\/wp\/v2\/users\/3"}],"replies":[{"embeddable":true,"href":"https:\/\/la-toussuire.com\/en\/wp-json\/wp\/v2\/comments?post=10657"}],"version-history":[{"count":9,"href":"https:\/\/la-toussuire.com\/en\/wp-json\/wp\/v2\/pages\/10657\/revisions"}],"predecessor-version":[{"id":46091,"href":"https:\/\/la-toussuire.com\/en\/wp-json\/wp\/v2\/pages\/10657\/revisions\/46091"}],"up":[{"embeddable":true,"href":"https:\/\/la-toussuire.com\/en\/wp-json\/wp\/v2\/pages\/5866"}],"wp:featuredmedia":[{"embeddable":true,"href":"https:\/\/la-toussuire.com\/en\/wp-json\/wp\/v2\/media\/30523"}],"wp:attachment":[{"href":"https:\/\/la-toussuire.com\/en\/wp-json\/wp\/v2\/media?parent=10657"}],"curies":[{"name":"wp","href":"https:\/\/api.w.org\/{rel}","templated":true}]}}