{"id":10428,"date":"2022-08-12T14:06:47","date_gmt":"2022-08-12T12:06:47","guid":{"rendered":"https:\/\/la-toussuire.com\/discover-la-toussuire\/resort-champions\/girl-power-the-current-generation\/lou-covarel\/"},"modified":"2022-08-12T14:06:48","modified_gmt":"2022-08-12T12:06:48","slug":"lou-covarel","status":"publish","type":"page","link":"https:\/\/la-toussuire.com\/en\/discover-la-toussuire\/resort-champions\/girl-power-the-current-generation\/lou-covarel\/","title":{"rendered":"Lou Covarel"},"content":{"rendered":"<div class=\"block block-core-media-text\">\n<div class=\"wp-block-media-text alignwide is-stacked-on-mobile\"><figure class=\"wp-block-media-text__media\"><img loading=\"lazy\" decoding=\"async\" width=\"584\" height=\"840\" src=\"https:\/\/la-toussuire.com\/wp-content\/uploads\/OTToussuire_Champions_Girl_Power_Lou_Covarel\u00a9LouCovarel@La_Toussuire.jpg\" alt=\"Portrait photo of Lou in Western outfit and her horse during competition\" class=\"wp-image-8151 size-full\" srcset=\"https:\/\/la-toussuire.com\/wp-content\/uploads\/OTToussuire_Champions_Girl_Power_Lou_Covarel\u00a9LouCovarel@La_Toussuire.jpg 584w, https:\/\/la-toussuire.com\/wp-content\/uploads\/OTToussuire_Champions_Girl_Power_Lou_Covarel\u00a9LouCovarel@La_Toussuire-209x300.jpg 209w, https:\/\/la-toussuire.com\/wp-content\/uploads\/OTToussuire_Champions_Girl_Power_Lou_Covarel\u00a9LouCovarel@La_Toussuire-104x150.jpg 104w\" sizes=\"auto, (max-width: 584px) 100vw, 584px\" \/><\/figure><div class=\"wp-block-media-text__content\"><div class=\"block block-core-paragraph\">\n<p><strong>Lou Covarel<\/strong> is the youngest among the group of La Toussuire local champions.<\/p>\n<\/div>\n\n<div class=\"block block-core-paragraph\">\n<p>She is just 16 years old, and practices <strong>western<\/strong> <strong>riding.<\/strong> Her discipline is Reining, an &#8220;American style&#8221; of riding focused on horse training.<\/p>\n<\/div>\n\n<div class=\"block block-core-paragraph\">\n<p>Different exercises are to be performed during competition : <em>alternating large slow circles and small fast circles, spins, stops and roll backs, walking backwards, and changes in footing.<\/em><\/p>\n<\/div>\n\n<div class=\"block block-core-paragraph\">\n<p>The goal is to give the impression that the horse is performing by itself and with ease. The reality is, of course, quite different, which is where the symbiosis between rider and horse comes into play.<\/p>\n<\/div>\n\n<div class=\"block block-core-paragraph\">\n<p>Lou rides a Quarter Horse going by the name of Big Chex Olena. Two new recruits are being apprenticed to take over.<\/p>\n<\/div><\/div><\/div>\n<\/div><div class=\"block block-core-media-text\">\n<div class=\"wp-block-media-text alignwide has-media-on-the-right is-stacked-on-mobile\"><figure class=\"wp-block-media-text__media\"><img loading=\"lazy\" decoding=\"async\" width=\"576\" height=\"888\" src=\"https:\/\/la-toussuire.com\/wp-content\/uploads\/OTToussuire_Champions_Girl_Power_Lou_Covarel_Galerie\u00a9LouCovarel@La_Toussuire.jpg\" alt=\"Portrait photo taken during 2017 French championships. Lou, facing the camera and wearing a Western outfit, is riding her horse and looking very focused.\" class=\"wp-image-8145 size-full\" srcset=\"https:\/\/la-toussuire.com\/wp-content\/uploads\/OTToussuire_Champions_Girl_Power_Lou_Covarel_Galerie\u00a9LouCovarel@La_Toussuire.jpg 576w, https:\/\/la-toussuire.com\/wp-content\/uploads\/OTToussuire_Champions_Girl_Power_Lou_Covarel_Galerie\u00a9LouCovarel@La_Toussuire-195x300.jpg 195w, https:\/\/la-toussuire.com\/wp-content\/uploads\/OTToussuire_Champions_Girl_Power_Lou_Covarel_Galerie\u00a9LouCovarel@La_Toussuire-97x150.jpg 97w\" sizes=\"auto, (max-width: 576px) 100vw, 576px\" \/><\/figure><div class=\"wp-block-media-text__content\"><div class=\"block block-core-paragraph\">\n<p>Lou is a very <strong>calm<\/strong> young girl who does not partake in any specific kind of training, except for her weekly sessions of classic riding in a local horse-riding centre, and competitive skiing in winter. Currently studying for her CGEH professional baccalaureate (with a specialisation in equestrian business management), Lou studies part-time while completing her apprenticeship at the Lumbin horse-riding centre, where she has been training since beginning competition.<\/p>\n<\/div><\/div><\/div>\n<\/div><div class=\"block block-core-media-text\">\n<div class=\"wp-block-media-text alignwide is-stacked-on-mobile\"><figure class=\"wp-block-media-text__media\"><img loading=\"lazy\" decoding=\"async\" width=\"960\" height=\"619\" src=\"https:\/\/la-toussuire.com\/wp-content\/uploads\/OTToussuire_Champions_Girl_Power_Lou_Covarel_Presentation\u00a9LouCovarel@La_Toussuire.jpg\" alt=\"Photo de Lou Covarel avec son \u00e9quipe. La photo est prise \u00e0 la fin d'une comp\u00e9tition avec les troph\u00e9es et nous pouvons voir Lou sur son cheval, de profil et en tenue de western\" class=\"wp-image-8148 size-full\" srcset=\"https:\/\/la-toussuire.com\/wp-content\/uploads\/OTToussuire_Champions_Girl_Power_Lou_Covarel_Presentation\u00a9LouCovarel@La_Toussuire.jpg 960w, https:\/\/la-toussuire.com\/wp-content\/uploads\/OTToussuire_Champions_Girl_Power_Lou_Covarel_Presentation\u00a9LouCovarel@La_Toussuire-300x193.jpg 300w, https:\/\/la-toussuire.com\/wp-content\/uploads\/OTToussuire_Champions_Girl_Power_Lou_Covarel_Presentation\u00a9LouCovarel@La_Toussuire-150x97.jpg 150w, https:\/\/la-toussuire.com\/wp-content\/uploads\/OTToussuire_Champions_Girl_Power_Lou_Covarel_Presentation\u00a9LouCovarel@La_Toussuire-768x495.jpg 768w\" sizes=\"auto, (max-width: 960px) 100vw, 960px\" \/><\/figure><div class=\"wp-block-media-text__content\"><div class=\"block block-core-paragraph\">\n<p>She already has an impressive record for her age :<\/p>\n<\/div>\n\n<div class=\"block block-core-paragraph\">\n<p>Member of the <strong>French team.<\/strong><\/p>\n<\/div>\n\n<div class=\"block block-core-paragraph\">\n<p><strong>6-time French champion<\/strong>, including once in the Rookie category (amateur adults and children combined category).<\/p>\n<\/div>\n\n<div class=\"block block-core-paragraph\">\n<p><strong>Top five in the junior ranking of the International Equestrian Federation.<\/strong><\/p>\n<\/div>\n\n<div class=\"block block-core-paragraph\">\n<p>She is also a <strong>3 times in a row winner of the high points<\/strong> loop (national points ranking) in her age category.<\/p>\n<\/div>\n\n<div class=\"block block-core-paragraph\">\n<p>This is certainly only the beginning of a great competitive record !<\/p>\n<\/div><\/div><\/div>\n<\/div><div class=\"block block-core-media-text\">\n<div class=\"wp-block-media-text alignwide has-media-on-the-right is-stacked-on-mobile is-image-fill\"><figure class=\"wp-block-media-text__media\" style=\"background-image:url(https:\/\/la-toussuire.com\/wp-content\/uploads\/OTToussuire_Champions_Girl_Power_Lou_Covarel_Arceville\u00a9LouCovarel@La_Toussuire-1024x683.jpeg);background-position:70% 48%\"><img loading=\"lazy\" decoding=\"async\" width=\"1024\" height=\"683\" src=\"https:\/\/la-toussuire.com\/wp-content\/uploads\/OTToussuire_Champions_Girl_Power_Lou_Covarel_Arceville\u00a9LouCovarel@La_Toussuire-1024x683.jpeg\" alt=\"Lou Covarel en pleine comp\u00e9tition d'\u00e9quitation Western avec son cheval\" class=\"wp-image-10011 size-full\" srcset=\"https:\/\/la-toussuire.com\/wp-content\/uploads\/OTToussuire_Champions_Girl_Power_Lou_Covarel_Arceville\u00a9LouCovarel@La_Toussuire-1024x683.jpeg 1024w, https:\/\/la-toussuire.com\/wp-content\/uploads\/OTToussuire_Champions_Girl_Power_Lou_Covarel_Arceville\u00a9LouCovarel@La_Toussuire-300x200.jpeg 300w, https:\/\/la-toussuire.com\/wp-content\/uploads\/OTToussuire_Champions_Girl_Power_Lou_Covarel_Arceville\u00a9LouCovarel@La_Toussuire-150x100.jpeg 150w, https:\/\/la-toussuire.com\/wp-content\/uploads\/OTToussuire_Champions_Girl_Power_Lou_Covarel_Arceville\u00a9LouCovarel@La_Toussuire-768x512.jpeg 768w, https:\/\/la-toussuire.com\/wp-content\/uploads\/OTToussuire_Champions_Girl_Power_Lou_Covarel_Arceville\u00a9LouCovarel@La_Toussuire.jpeg 1440w\" sizes=\"auto, (max-width: 1024px) 100vw, 1024px\" \/><\/figure><div class=\"wp-block-media-text__content\"><div class=\"block block-core-paragraph\">\n<p class=\"has-large-font-size\">2022<\/p>\n<\/div>\n\n<div class=\"block block-core-paragraph\">\n<p><strong>Mai Mooslargues (Alsace)<\/strong><\/p>\n<\/div>\n\n<div class=\"block block-core-paragraph\">\n<p>2nd of youth 14\/18<\/p>\n<\/div>\n\n<div class=\"block block-core-paragraph\">\n<p>3 rd of youth 14\/18<\/p>\n<\/div>\n\n<div class=\"block block-core-paragraph\">\n<p>3rd of the novice horse open<\/p>\n<\/div>\n\n<div class=\"block block-core-paragraph\">\n<p>4th intermediate non pro <\/p>\n<\/div>\n\n<div class=\"block block-core-paragraph\">\n<p><strong>Juin au Bo Ranch (Fontainebleau)<\/strong><\/p>\n<\/div>\n\n<div class=\"block block-core-paragraph\">\n<p>1st youth 14\/18<\/p>\n<\/div>\n\n<div class=\"block block-core-paragraph\">\n<p>5th place in non pro level 2 maturity and top ten non pro level 4 maturity<\/p>\n<\/div>\n\n<div class=\"block block-core-paragraph\">\n<p>Top ten non pro \/ intermediate non pro<\/p>\n<\/div><\/div><\/div>\n<\/div>","protected":false},"excerpt":{"rendered":"<p>Lou Covarel is the youngest among the group of La Toussuire local champions. She is just 16 years old, and practices western riding. Her discipline is Reining, an &#8220;American style&#8221; of riding focused on horse training. Different exercises are to be performed during competition : alternating large slow circles and small fast circles, spins, stops [&hellip;]<\/p>\n","protected":false},"author":2,"featured_media":10011,"parent":10327,"menu_order":5,"comment_status":"closed","ping_status":"closed","template":"page-template.php","meta":{"_acf_changed":false,"footnotes":""},"class_list":["post-10428","page","type-page","status-publish","has-post-thumbnail","hentry"],"acf":[],"yoast_head":"<!-- This site is optimized with the Yoast SEO plugin v27.1.1 - https:\/\/yoast.com\/product\/yoast-seo-wordpress\/ -->\n<title>Lou Covarel - La Toussuire<\/title>\n<meta name=\"description\" content=\"Lou Covarel is a western horse-riding champion in the Reining discipline, and also practices competitive alpine skiing\" \/>\n<meta name=\"robots\" content=\"index, follow, max-snippet:-1, max-image-preview:large, max-video-preview:-1\" \/>\n<link rel=\"canonical\" href=\"https:\/\/la-toussuire.com\/en\/discover-la-toussuire\/resort-champions\/girl-power-the-current-generation\/lou-covarel\/\" \/>\n<meta property=\"og:locale\" content=\"en_US\" \/>\n<meta property=\"og:type\" content=\"article\" \/>\n<meta property=\"og:title\" content=\"Lou Covarel - La Toussuire\" \/>\n<meta property=\"og:description\" content=\"Lou Covarel is a western horse-riding champion in the Reining discipline, and also practices competitive alpine skiing\" \/>\n<meta property=\"og:url\" content=\"https:\/\/la-toussuire.com\/en\/discover-la-toussuire\/resort-champions\/girl-power-the-current-generation\/lou-covarel\/\" \/>\n<meta property=\"og:site_name\" content=\"La Toussuire\" \/>\n<meta property=\"article:modified_time\" content=\"2022-08-12T12:06:48+00:00\" \/>\n<meta property=\"og:image\" content=\"https:\/\/la-toussuire.com\/wp-content\/uploads\/OTToussuire_Champions_Girl_Power_Lou_Covarel_Arceville\u00a9LouCovarel@La_Toussuire.jpeg\" \/>\n\t<meta property=\"og:image:width\" content=\"1440\" \/>\n\t<meta property=\"og:image:height\" content=\"960\" \/>\n\t<meta property=\"og:image:type\" content=\"image\/jpeg\" \/>\n<meta name=\"twitter:card\" content=\"summary_large_image\" \/>\n<meta name=\"twitter:label1\" content=\"Est. reading time\" \/>\n\t<meta name=\"twitter:data1\" content=\"2 minutes\" \/>\n<script type=\"application\/ld+json\" class=\"yoast-schema-graph\">{\"@context\":\"https:\/\/schema.org\",\"@graph\":[{\"@type\":\"WebPage\",\"@id\":\"https:\/\/la-toussuire.com\/en\/discover-la-toussuire\/resort-champions\/girl-power-the-current-generation\/lou-covarel\/\",\"url\":\"https:\/\/la-toussuire.com\/en\/discover-la-toussuire\/resort-champions\/girl-power-the-current-generation\/lou-covarel\/\",\"name\":\"Lou Covarel - La Toussuire\",\"isPartOf\":{\"@id\":\"https:\/\/la-toussuire.com\/en\/#website\"},\"primaryImageOfPage\":{\"@id\":\"https:\/\/la-toussuire.com\/en\/discover-la-toussuire\/resort-champions\/girl-power-the-current-generation\/lou-covarel\/#primaryimage\"},\"image\":{\"@id\":\"https:\/\/la-toussuire.com\/en\/discover-la-toussuire\/resort-champions\/girl-power-the-current-generation\/lou-covarel\/#primaryimage\"},\"thumbnailUrl\":\"https:\/\/la-toussuire.com\/wp-content\/uploads\/OTToussuire_Champions_Girl_Power_Lou_Covarel_Arceville\u00a9LouCovarel@La_Toussuire.jpeg\",\"datePublished\":\"2022-08-12T12:06:47+00:00\",\"dateModified\":\"2022-08-12T12:06:48+00:00\",\"description\":\"Lou Covarel is a western horse-riding champion in the Reining discipline, and also practices competitive alpine skiing\",\"breadcrumb\":{\"@id\":\"https:\/\/la-toussuire.com\/en\/discover-la-toussuire\/resort-champions\/girl-power-the-current-generation\/lou-covarel\/#breadcrumb\"},\"inLanguage\":\"en-US\",\"potentialAction\":[{\"@type\":\"ReadAction\",\"target\":[\"https:\/\/la-toussuire.com\/en\/discover-la-toussuire\/resort-champions\/girl-power-the-current-generation\/lou-covarel\/\"]}]},{\"@type\":\"ImageObject\",\"inLanguage\":\"en-US\",\"@id\":\"https:\/\/la-toussuire.com\/en\/discover-la-toussuire\/resort-champions\/girl-power-the-current-generation\/lou-covarel\/#primaryimage\",\"url\":\"https:\/\/la-toussuire.com\/wp-content\/uploads\/OTToussuire_Champions_Girl_Power_Lou_Covarel_Arceville\u00a9LouCovarel@La_Toussuire.jpeg\",\"contentUrl\":\"https:\/\/la-toussuire.com\/wp-content\/uploads\/OTToussuire_Champions_Girl_Power_Lou_Covarel_Arceville\u00a9LouCovarel@La_Toussuire.jpeg\",\"width\":1440,\"height\":960,\"caption\":\"Lou Covarel\"},{\"@type\":\"BreadcrumbList\",\"@id\":\"https:\/\/la-toussuire.com\/en\/discover-la-toussuire\/resort-champions\/girl-power-the-current-generation\/lou-covarel\/#breadcrumb\",\"itemListElement\":[{\"@type\":\"ListItem\",\"position\":1,\"name\":\"Home\",\"item\":\"https:\/\/la-toussuire.com\/en\/\"},{\"@type\":\"ListItem\",\"position\":2,\"name\":\"I&#8217;m exploring\",\"item\":\"https:\/\/la-toussuire.com\/en\/discover-la-toussuire\/\"},{\"@type\":\"ListItem\",\"position\":3,\"name\":\"Our champions\",\"item\":\"https:\/\/la-toussuire.com\/en\/discover-la-toussuire\/resort-champions\/\"},{\"@type\":\"ListItem\",\"position\":4,\"name\":\"GIRL POWER = The current generation\",\"item\":\"https:\/\/la-toussuire.com\/en\/discover-la-toussuire\/resort-champions\/girl-power-the-current-generation\/\"},{\"@type\":\"ListItem\",\"position\":5,\"name\":\"Lou Covarel\"}]},{\"@type\":\"WebSite\",\"@id\":\"https:\/\/la-toussuire.com\/en\/#website\",\"url\":\"https:\/\/la-toussuire.com\/en\/\",\"name\":\"La Toussuire\",\"description\":\"\",\"publisher\":{\"@id\":\"https:\/\/la-toussuire.com\/en\/#organization\"},\"potentialAction\":[{\"@type\":\"SearchAction\",\"target\":{\"@type\":\"EntryPoint\",\"urlTemplate\":\"https:\/\/la-toussuire.com\/en\/?s={search_term_string}\"},\"query-input\":{\"@type\":\"PropertyValueSpecification\",\"valueRequired\":true,\"valueName\":\"search_term_string\"}}],\"inLanguage\":\"en-US\"},{\"@type\":\"Organization\",\"@id\":\"https:\/\/la-toussuire.com\/en\/#organization\",\"name\":\"La Toussuire\",\"url\":\"https:\/\/la-toussuire.com\/en\/\",\"logo\":{\"@type\":\"ImageObject\",\"inLanguage\":\"en-US\",\"@id\":\"https:\/\/la-toussuire.com\/en\/#\/schema\/logo\/image\/\",\"url\":\"https:\/\/la-toussuire.com\/wp-content\/uploads\/cropped-Nouveau-LA-TOUSSUIRE_Logo_Plan-de-travail-1-02.png\",\"contentUrl\":\"https:\/\/la-toussuire.com\/wp-content\/uploads\/cropped-Nouveau-LA-TOUSSUIRE_Logo_Plan-de-travail-1-02.png\",\"width\":591,\"height\":591,\"caption\":\"La Toussuire\"},\"image\":{\"@id\":\"https:\/\/la-toussuire.com\/en\/#\/schema\/logo\/image\/\"}}]}<\/script>\n<!-- \/ Yoast SEO plugin. -->","yoast_head_json":{"title":"Lou Covarel - La Toussuire","description":"Lou Covarel is a western horse-riding champion in the Reining discipline, and also practices competitive alpine skiing","robots":{"index":"index","follow":"follow","max-snippet":"max-snippet:-1","max-image-preview":"max-image-preview:large","max-video-preview":"max-video-preview:-1"},"canonical":"https:\/\/la-toussuire.com\/en\/discover-la-toussuire\/resort-champions\/girl-power-the-current-generation\/lou-covarel\/","og_locale":"en_US","og_type":"article","og_title":"Lou Covarel - La Toussuire","og_description":"Lou Covarel is a western horse-riding champion in the Reining discipline, and also practices competitive alpine skiing","og_url":"https:\/\/la-toussuire.com\/en\/discover-la-toussuire\/resort-champions\/girl-power-the-current-generation\/lou-covarel\/","og_site_name":"La Toussuire","article_modified_time":"2022-08-12T12:06:48+00:00","og_image":[{"width":1440,"height":960,"url":"https:\/\/la-toussuire.com\/wp-content\/uploads\/OTToussuire_Champions_Girl_Power_Lou_Covarel_Arceville\u00a9LouCovarel@La_Toussuire.jpeg","type":"image\/jpeg"}],"twitter_card":"summary_large_image","twitter_misc":{"Est. reading time":"2 minutes"},"schema":{"@context":"https:\/\/schema.org","@graph":[{"@type":"WebPage","@id":"https:\/\/la-toussuire.com\/en\/discover-la-toussuire\/resort-champions\/girl-power-the-current-generation\/lou-covarel\/","url":"https:\/\/la-toussuire.com\/en\/discover-la-toussuire\/resort-champions\/girl-power-the-current-generation\/lou-covarel\/","name":"Lou Covarel - La Toussuire","isPartOf":{"@id":"https:\/\/la-toussuire.com\/en\/#website"},"primaryImageOfPage":{"@id":"https:\/\/la-toussuire.com\/en\/discover-la-toussuire\/resort-champions\/girl-power-the-current-generation\/lou-covarel\/#primaryimage"},"image":{"@id":"https:\/\/la-toussuire.com\/en\/discover-la-toussuire\/resort-champions\/girl-power-the-current-generation\/lou-covarel\/#primaryimage"},"thumbnailUrl":"https:\/\/la-toussuire.com\/wp-content\/uploads\/OTToussuire_Champions_Girl_Power_Lou_Covarel_Arceville\u00a9LouCovarel@La_Toussuire.jpeg","datePublished":"2022-08-12T12:06:47+00:00","dateModified":"2022-08-12T12:06:48+00:00","description":"Lou Covarel is a western horse-riding champion in the Reining discipline, and also practices competitive alpine skiing","breadcrumb":{"@id":"https:\/\/la-toussuire.com\/en\/discover-la-toussuire\/resort-champions\/girl-power-the-current-generation\/lou-covarel\/#breadcrumb"},"inLanguage":"en-US","potentialAction":[{"@type":"ReadAction","target":["https:\/\/la-toussuire.com\/en\/discover-la-toussuire\/resort-champions\/girl-power-the-current-generation\/lou-covarel\/"]}]},{"@type":"ImageObject","inLanguage":"en-US","@id":"https:\/\/la-toussuire.com\/en\/discover-la-toussuire\/resort-champions\/girl-power-the-current-generation\/lou-covarel\/#primaryimage","url":"https:\/\/la-toussuire.com\/wp-content\/uploads\/OTToussuire_Champions_Girl_Power_Lou_Covarel_Arceville\u00a9LouCovarel@La_Toussuire.jpeg","contentUrl":"https:\/\/la-toussuire.com\/wp-content\/uploads\/OTToussuire_Champions_Girl_Power_Lou_Covarel_Arceville\u00a9LouCovarel@La_Toussuire.jpeg","width":1440,"height":960,"caption":"Lou Covarel"},{"@type":"BreadcrumbList","@id":"https:\/\/la-toussuire.com\/en\/discover-la-toussuire\/resort-champions\/girl-power-the-current-generation\/lou-covarel\/#breadcrumb","itemListElement":[{"@type":"ListItem","position":1,"name":"Home","item":"https:\/\/la-toussuire.com\/en\/"},{"@type":"ListItem","position":2,"name":"I&#8217;m exploring","item":"https:\/\/la-toussuire.com\/en\/discover-la-toussuire\/"},{"@type":"ListItem","position":3,"name":"Our champions","item":"https:\/\/la-toussuire.com\/en\/discover-la-toussuire\/resort-champions\/"},{"@type":"ListItem","position":4,"name":"GIRL POWER = The current generation","item":"https:\/\/la-toussuire.com\/en\/discover-la-toussuire\/resort-champions\/girl-power-the-current-generation\/"},{"@type":"ListItem","position":5,"name":"Lou Covarel"}]},{"@type":"WebSite","@id":"https:\/\/la-toussuire.com\/en\/#website","url":"https:\/\/la-toussuire.com\/en\/","name":"La Toussuire","description":"","publisher":{"@id":"https:\/\/la-toussuire.com\/en\/#organization"},"potentialAction":[{"@type":"SearchAction","target":{"@type":"EntryPoint","urlTemplate":"https:\/\/la-toussuire.com\/en\/?s={search_term_string}"},"query-input":{"@type":"PropertyValueSpecification","valueRequired":true,"valueName":"search_term_string"}}],"inLanguage":"en-US"},{"@type":"Organization","@id":"https:\/\/la-toussuire.com\/en\/#organization","name":"La Toussuire","url":"https:\/\/la-toussuire.com\/en\/","logo":{"@type":"ImageObject","inLanguage":"en-US","@id":"https:\/\/la-toussuire.com\/en\/#\/schema\/logo\/image\/","url":"https:\/\/la-toussuire.com\/wp-content\/uploads\/cropped-Nouveau-LA-TOUSSUIRE_Logo_Plan-de-travail-1-02.png","contentUrl":"https:\/\/la-toussuire.com\/wp-content\/uploads\/cropped-Nouveau-LA-TOUSSUIRE_Logo_Plan-de-travail-1-02.png","width":591,"height":591,"caption":"La Toussuire"},"image":{"@id":"https:\/\/la-toussuire.com\/en\/#\/schema\/logo\/image\/"}}]}},"_links":{"self":[{"href":"https:\/\/la-toussuire.com\/en\/wp-json\/wp\/v2\/pages\/10428","targetHints":{"allow":["GET"]}}],"collection":[{"href":"https:\/\/la-toussuire.com\/en\/wp-json\/wp\/v2\/pages"}],"about":[{"href":"https:\/\/la-toussuire.com\/en\/wp-json\/wp\/v2\/types\/page"}],"author":[{"embeddable":true,"href":"https:\/\/la-toussuire.com\/en\/wp-json\/wp\/v2\/users\/2"}],"replies":[{"embeddable":true,"href":"https:\/\/la-toussuire.com\/en\/wp-json\/wp\/v2\/comments?post=10428"}],"version-history":[{"count":1,"href":"https:\/\/la-toussuire.com\/en\/wp-json\/wp\/v2\/pages\/10428\/revisions"}],"predecessor-version":[{"id":10429,"href":"https:\/\/la-toussuire.com\/en\/wp-json\/wp\/v2\/pages\/10428\/revisions\/10429"}],"up":[{"embeddable":true,"href":"https:\/\/la-toussuire.com\/en\/wp-json\/wp\/v2\/pages\/10327"}],"wp:featuredmedia":[{"embeddable":true,"href":"https:\/\/la-toussuire.com\/en\/wp-json\/wp\/v2\/media\/10011"}],"wp:attachment":[{"href":"https:\/\/la-toussuire.com\/en\/wp-json\/wp\/v2\/media?parent=10428"}],"curies":[{"name":"wp","href":"https:\/\/api.w.org\/{rel}","templated":true}]}}