{"id":10392,"date":"2022-08-12T11:05:32","date_gmt":"2022-08-12T09:05:32","guid":{"rendered":"https:\/\/la-toussuire.com\/discover-la-toussuire\/resort-champions\/girl-power-the-current-generation\/lena-bonnel\/"},"modified":"2022-08-12T12:54:00","modified_gmt":"2022-08-12T10:54:00","slug":"lena-bonnel","status":"publish","type":"page","link":"https:\/\/la-toussuire.com\/en\/discover-la-toussuire\/resort-champions\/girl-power-the-current-generation\/lena-bonnel\/","title":{"rendered":"L\u00e9na Bonnel"},"content":{"rendered":"<div class=\"block block-core-media-text\">\n<div class=\"wp-block-media-text alignwide is-stacked-on-mobile\"><figure class=\"wp-block-media-text__media\"><img loading=\"lazy\" decoding=\"async\" width=\"804\" height=\"604\" src=\"https:\/\/la-toussuire.com\/wp-content\/uploads\/OTToussuire_Champions_Girl_Power_Lena_Bonnel_Medaille\u00a9LenaBonnel@La_Toussuire.jpg\" alt=\"Portrait de L\u00e9na Bonnel \u00e0 la Toussuire qui porte fi\u00e8rement sa m\u00e9daille d'or autour de son cou et ses skis dans sa main\" class=\"wp-image-8222 size-full\" srcset=\"https:\/\/la-toussuire.com\/wp-content\/uploads\/OTToussuire_Champions_Girl_Power_Lena_Bonnel_Medaille\u00a9LenaBonnel@La_Toussuire.jpg 804w, https:\/\/la-toussuire.com\/wp-content\/uploads\/OTToussuire_Champions_Girl_Power_Lena_Bonnel_Medaille\u00a9LenaBonnel@La_Toussuire-300x225.jpg 300w, https:\/\/la-toussuire.com\/wp-content\/uploads\/OTToussuire_Champions_Girl_Power_Lena_Bonnel_Medaille\u00a9LenaBonnel@La_Toussuire-150x113.jpg 150w, https:\/\/la-toussuire.com\/wp-content\/uploads\/OTToussuire_Champions_Girl_Power_Lena_Bonnel_Medaille\u00a9LenaBonnel@La_Toussuire-768x577.jpg 768w\" sizes=\"auto, (max-width: 804px) 100vw, 804px\" \/><\/figure><div class=\"wp-block-media-text__content\"><div class=\"block block-core-paragraph\">\n<p>L\u00e9na Bonnel (born in 1996) competes in <strong>ski mountaineering<\/strong>, a high-level sport where the combination of mind and body is paramount. After excellent results in youth competitions, she started a promising career as an adult competitor. <\/p>\n<\/div>\n\n<div class=\"block block-core-paragraph\">\n<p><a href=\"https:\/\/la-toussuire.com\/en\/discover-la-toussuire\/resort-champions\/our-inspirational-champions\/\" target=\"_blank\" rel=\"noreferrer noopener\">Lionel&#8217;s<\/a> daughter, <a href=\"https:\/\/la-toussuire.com\/decouvrez-la-station\/les-ambassadeurs-de-la-station\/girl-power-la-generation-actuelle\/candice-bonnel\/\" target=\"_blank\" rel=\"noreferrer noopener\">Candice&#8217;s<\/a> sister and <a href=\"https:\/\/la-toussuire.com\/en\/discover-la-toussuire\/resort-champions\/girl-power-the-current-generation\/lorna-bonnel\/\" target=\"_blank\" rel=\"noreferrer noopener\">Lorna&#8217;s<\/a> cousin, she is following the path laid out by her prestigious athletic family, and has been collecting medals since 2019.<\/p>\n<\/div>\n\n<div class=\"block block-core-paragraph\">\n<p><strong>She already boasts a great record !<\/strong><\/p>\n<\/div>\n\n<div class=\"block block-core-paragraph\">\n<p>After completing a bachelor&#8217;s in sports studies in 2019, she joined the Grenoble School of Physiotherapy.<\/p>\n<\/div>\n\n<div class=\"block block-core-paragraph\">\n<p>Follow her on social networks : <a href=\"https:\/\/www.facebook.com\/bonnellena\/\">Facebook<\/a><a href=\"https:\/\/www.instagram.com\/lena_bonnel\/?hl=fr\">Instagram<\/a><\/p>\n<\/div><\/div><\/div>\n<\/div><div class=\"block block-core-media-text\">\n<div class=\"wp-block-media-text alignwide has-media-on-the-right is-stacked-on-mobile\"><figure class=\"wp-block-media-text__media\"><img loading=\"lazy\" decoding=\"async\" width=\"942\" height=\"948\" src=\"https:\/\/la-toussuire.com\/wp-content\/uploads\/OTToussuire_Champions_Girl_Power_Lena_Bonnel_Galerie\u00a9Skimostats@La_Toussuire.jpg\" alt=\"Portrait de la skieuse L\u00e9na Bonnel en tenue de ski alpinisme. L\u00e9na sourit \u00e0 l'objectif apr\u00e8s avoir franchi la ligne d'arriv\u00e9e\" class=\"wp-image-8182 size-full\" srcset=\"https:\/\/la-toussuire.com\/wp-content\/uploads\/OTToussuire_Champions_Girl_Power_Lena_Bonnel_Galerie\u00a9Skimostats@La_Toussuire.jpg 942w, https:\/\/la-toussuire.com\/wp-content\/uploads\/OTToussuire_Champions_Girl_Power_Lena_Bonnel_Galerie\u00a9Skimostats@La_Toussuire-298x300.jpg 298w, https:\/\/la-toussuire.com\/wp-content\/uploads\/OTToussuire_Champions_Girl_Power_Lena_Bonnel_Galerie\u00a9Skimostats@La_Toussuire-150x150.jpg 150w, https:\/\/la-toussuire.com\/wp-content\/uploads\/OTToussuire_Champions_Girl_Power_Lena_Bonnel_Galerie\u00a9Skimostats@La_Toussuire-768x773.jpg 768w\" sizes=\"auto, (max-width: 942px) 100vw, 942px\" \/><\/figure><div class=\"wp-block-media-text__content\"><div class=\"block block-core-heading\">\n<h2 class=\"wp-block-heading\">Her record <\/h2>\n<\/div>\n\n<div class=\"block block-core-heading\">\n<h2 class=\"wp-block-heading\"><strong>2021<\/strong><\/h2>\n<\/div>\n\n<div class=\"block block-core-paragraph\">\n<p>*French <strong>champion<\/strong> of Sprint, and Team champion with Candice. French vice-champion in Individual events<\/p>\n<\/div>\n\n<div class=\"block block-core-paragraph\">\n<p>* World relay <strong>vice-champion<\/strong> with Axelle Mollaret and Emily Harrop <\/p>\n<\/div>\n\n<div class=\"block block-core-paragraph\">\n<p>* First podium in the World Cup : <strong>3rd<\/strong> in Sprint <\/p>\n<\/div>\n\n<div class=\"block block-core-paragraph\">\n<p>* ranked <strong>4th<\/strong> worldwide in sprint, and <strong>11th<\/strong> Overall. <\/p>\n<\/div><\/div><\/div>\n<\/div><div class=\"block block-core-media-text\">\n<div class=\"wp-block-media-text alignwide is-stacked-on-mobile\" style=\"grid-template-columns:54% auto\"><figure class=\"wp-block-media-text__media\"><img loading=\"lazy\" decoding=\"async\" width=\"666\" height=\"1024\" src=\"https:\/\/la-toussuire.com\/wp-content\/uploads\/OTToussuire_Champions_Girl_Power_Lena_Bonnel\u00a9LenaBonnel@La_Toussuire.jpg\" alt=\"Photo vertical de L\u00e9na Bonnel dans une journ\u00e9e d'hiver \u00e0 la Toussuire. L\u00e9na est au premier plan avec son \u00e9quipement de ski de randonn\u00e9e et nous pouvons voir la Toussuire et les Aiguilles d'Arves enneig\u00e9s au second plan\" class=\"wp-image-8225 size-full\" srcset=\"https:\/\/la-toussuire.com\/wp-content\/uploads\/OTToussuire_Champions_Girl_Power_Lena_Bonnel\u00a9LenaBonnel@La_Toussuire.jpg 666w, https:\/\/la-toussuire.com\/wp-content\/uploads\/OTToussuire_Champions_Girl_Power_Lena_Bonnel\u00a9LenaBonnel@La_Toussuire-195x300.jpg 195w, https:\/\/la-toussuire.com\/wp-content\/uploads\/OTToussuire_Champions_Girl_Power_Lena_Bonnel\u00a9LenaBonnel@La_Toussuire-98x150.jpg 98w\" sizes=\"auto, (max-width: 666px) 100vw, 666px\" \/><\/figure><div class=\"wp-block-media-text__content\"><div class=\"block block-core-heading\">\n<h2 class=\"wp-block-heading\"><strong>2019 &amp; 2020 :<\/strong><\/h2>\n<\/div>\n\n<div class=\"block block-core-paragraph\">\n<p>* Trail running : <strong>2nd<\/strong> in the summer Pierra menta<\/p>\n<\/div>\n\n<div class=\"block block-core-paragraph\">\n<p>* <strong>11th<\/strong> overall in the World Cup<\/p>\n<\/div>\n\n<div class=\"block block-core-paragraph\">\n<p>* French Sprint <strong>Champion<\/strong>, Senior category<\/p>\n<\/div>\n\n<div class=\"block block-core-paragraph\">\n<p>* Sprint World <strong>Champion<\/strong>, Espoir category (5th Senior) on 10 March 2019 in Villars-sur-Ollon, Switzerland.<\/p>\n<\/div>\n\n<div class=\"block block-core-paragraph\">\n<p>* World relay <strong>champion<\/strong> (senior), 16 March 2019, in Villars-sur-Ollon, Switzerland.<\/p>\n<\/div>\n\n<div class=\"block block-core-paragraph\">\n<p>* <strong>Vice world champion<\/strong>, Espoir category, individual race event, 12 March 2019, Villars-sur-Ollon, Switzerland.<\/p>\n<\/div>\n\n<div class=\"block block-core-paragraph\">\n<p>* French <strong>champion<\/strong> (senior) in team event<\/p>\n<\/div>\n\n<div class=\"block block-core-paragraph\">\n<p>* French <strong>vice-champion<\/strong> (espoir) in individual and sprint events.<\/p>\n<\/div>\n\n<div class=\"block block-core-heading\">\n<h2 class=\"wp-block-heading\"><strong>2018:<\/strong><\/h2>\n<\/div>\n\n<div class=\"block block-core-paragraph\">\n<p>* French <strong>Champion Espoir<\/strong>, Sprint, 7 January 2018, Sauze<\/p>\n<\/div>\n\n<div class=\"block block-core-paragraph\">\n<p>* French <strong>champion<\/strong> (Espoir), Individual event, 14 January, Aussois, Maurienne<\/p>\n<\/div>\n\n<div class=\"block block-core-paragraph\">\n<p>* <strong>3rd<\/strong> (Senior) in the scratch event behind Laetitia Roux and Axelle Mollaret, two references in the field.<\/p>\n<\/div>\n\n<div class=\"block block-core-paragraph\">\n<p>She finished <strong>3rd<\/strong> (espoir category) in the individual World Cup events in Puy St Vincent, early February 2018<\/p>\n<\/div>\n\n<div class=\"block block-core-heading\">\n<h2 class=\"wp-block-heading\"><strong>2017 :<\/strong><\/h2>\n<\/div>\n\n<div class=\"block block-core-heading\">\n<h2 class=\"wp-block-heading\">World Vice-Champion ( category) in Sprint, Piancavallo (Italy).<\/h2>\n<\/div>\n\n<div class=\"block block-core-paragraph\">\n<p>Record (Junior category) : <br\/>* European <strong>Champion<\/strong>, Individual Race event<br\/>* European <strong>Vice-Champion<\/strong>, Sprint<br\/>* French <strong>Champion<\/strong> in Individual, Sprint and Team events<br\/>* <strong>3 World Cup victories<\/strong> <\/p>\n<\/div><\/div><\/div>\n<\/div>","protected":false},"excerpt":{"rendered":"<p>L\u00e9na Bonnel (born in 1996) competes in ski mountaineering, a high-level sport where the combination of mind and body is paramount. After excellent results in youth competitions, she started a promising career as an adult competitor. Lionel&#8217;s daughter, Candice&#8217;s sister and Lorna&#8217;s cousin, she is following the path laid out by her prestigious athletic family, [&hellip;]<\/p>\n","protected":false},"author":2,"featured_media":8228,"parent":10327,"menu_order":2,"comment_status":"closed","ping_status":"closed","template":"page-template.php","meta":{"_acf_changed":false,"footnotes":""},"class_list":["post-10392","page","type-page","status-publish","has-post-thumbnail","hentry"],"acf":[],"yoast_head":"<!-- This site is optimized with the Yoast SEO plugin v27.1.1 - https:\/\/yoast.com\/product\/yoast-seo-wordpress\/ -->\n<title>L\u00e9na Bonnel - La Toussuire<\/title>\n<meta name=\"description\" content=\"L\u00e9na Bonnel, trail runner and alpine skier (skimo), sprint French and world champion. Ski mountaineering\" \/>\n<meta name=\"robots\" content=\"index, follow, max-snippet:-1, max-image-preview:large, max-video-preview:-1\" \/>\n<link rel=\"canonical\" href=\"https:\/\/la-toussuire.com\/en\/discover-la-toussuire\/resort-champions\/girl-power-the-current-generation\/lena-bonnel\/\" \/>\n<meta property=\"og:locale\" content=\"en_US\" \/>\n<meta property=\"og:type\" content=\"article\" \/>\n<meta property=\"og:title\" content=\"L\u00e9na Bonnel - La Toussuire\" \/>\n<meta property=\"og:description\" content=\"L\u00e9na Bonnel, trail runner and alpine skier (skimo), sprint French and world champion. Ski mountaineering\" \/>\n<meta property=\"og:url\" content=\"https:\/\/la-toussuire.com\/en\/discover-la-toussuire\/resort-champions\/girl-power-the-current-generation\/lena-bonnel\/\" \/>\n<meta property=\"og:site_name\" content=\"La Toussuire\" \/>\n<meta property=\"article:modified_time\" content=\"2022-08-12T10:54:00+00:00\" \/>\n<meta property=\"og:image\" content=\"https:\/\/la-toussuire.com\/wp-content\/uploads\/OTToussuire_Champions_Toussuire_Lena_Bonnel_Presentation\u00a9LenaBonnel@La_Toussuire.jpg.jpg\" \/>\n\t<meta property=\"og:image:width\" content=\"1024\" \/>\n\t<meta property=\"og:image:height\" content=\"576\" \/>\n\t<meta property=\"og:image:type\" content=\"image\/jpeg\" \/>\n<meta name=\"twitter:card\" content=\"summary_large_image\" \/>\n<meta name=\"twitter:label1\" content=\"Est. reading time\" \/>\n\t<meta name=\"twitter:data1\" content=\"1 minute\" \/>\n<script type=\"application\/ld+json\" class=\"yoast-schema-graph\">{\"@context\":\"https:\/\/schema.org\",\"@graph\":[{\"@type\":\"WebPage\",\"@id\":\"https:\/\/la-toussuire.com\/en\/discover-la-toussuire\/resort-champions\/girl-power-the-current-generation\/lena-bonnel\/\",\"url\":\"https:\/\/la-toussuire.com\/en\/discover-la-toussuire\/resort-champions\/girl-power-the-current-generation\/lena-bonnel\/\",\"name\":\"L\u00e9na Bonnel - La Toussuire\",\"isPartOf\":{\"@id\":\"https:\/\/la-toussuire.com\/en\/#website\"},\"primaryImageOfPage\":{\"@id\":\"https:\/\/la-toussuire.com\/en\/discover-la-toussuire\/resort-champions\/girl-power-the-current-generation\/lena-bonnel\/#primaryimage\"},\"image\":{\"@id\":\"https:\/\/la-toussuire.com\/en\/discover-la-toussuire\/resort-champions\/girl-power-the-current-generation\/lena-bonnel\/#primaryimage\"},\"thumbnailUrl\":\"https:\/\/la-toussuire.com\/wp-content\/uploads\/OTToussuire_Champions_Toussuire_Lena_Bonnel_Presentation\u00a9LenaBonnel@La_Toussuire.jpg.jpg\",\"datePublished\":\"2022-08-12T09:05:32+00:00\",\"dateModified\":\"2022-08-12T10:54:00+00:00\",\"description\":\"L\u00e9na Bonnel, trail runner and alpine skier (skimo), sprint French and world champion. Ski mountaineering\",\"breadcrumb\":{\"@id\":\"https:\/\/la-toussuire.com\/en\/discover-la-toussuire\/resort-champions\/girl-power-the-current-generation\/lena-bonnel\/#breadcrumb\"},\"inLanguage\":\"en-US\",\"potentialAction\":[{\"@type\":\"ReadAction\",\"target\":[\"https:\/\/la-toussuire.com\/en\/discover-la-toussuire\/resort-champions\/girl-power-the-current-generation\/lena-bonnel\/\"]}]},{\"@type\":\"ImageObject\",\"inLanguage\":\"en-US\",\"@id\":\"https:\/\/la-toussuire.com\/en\/discover-la-toussuire\/resort-champions\/girl-power-the-current-generation\/lena-bonnel\/#primaryimage\",\"url\":\"https:\/\/la-toussuire.com\/wp-content\/uploads\/OTToussuire_Champions_Toussuire_Lena_Bonnel_Presentation\u00a9LenaBonnel@La_Toussuire.jpg.jpg\",\"contentUrl\":\"https:\/\/la-toussuire.com\/wp-content\/uploads\/OTToussuire_Champions_Toussuire_Lena_Bonnel_Presentation\u00a9LenaBonnel@La_Toussuire.jpg.jpg\",\"width\":1024,\"height\":576,\"caption\":\"L\u00e9na Bonnel\"},{\"@type\":\"BreadcrumbList\",\"@id\":\"https:\/\/la-toussuire.com\/en\/discover-la-toussuire\/resort-champions\/girl-power-the-current-generation\/lena-bonnel\/#breadcrumb\",\"itemListElement\":[{\"@type\":\"ListItem\",\"position\":1,\"name\":\"Home\",\"item\":\"https:\/\/la-toussuire.com\/en\/\"},{\"@type\":\"ListItem\",\"position\":2,\"name\":\"I&#8217;m exploring\",\"item\":\"https:\/\/la-toussuire.com\/en\/discover-la-toussuire\/\"},{\"@type\":\"ListItem\",\"position\":3,\"name\":\"Our champions\",\"item\":\"https:\/\/la-toussuire.com\/en\/discover-la-toussuire\/resort-champions\/\"},{\"@type\":\"ListItem\",\"position\":4,\"name\":\"GIRL POWER = The current generation\",\"item\":\"https:\/\/la-toussuire.com\/en\/discover-la-toussuire\/resort-champions\/girl-power-the-current-generation\/\"},{\"@type\":\"ListItem\",\"position\":5,\"name\":\"L\u00e9na Bonnel\"}]},{\"@type\":\"WebSite\",\"@id\":\"https:\/\/la-toussuire.com\/en\/#website\",\"url\":\"https:\/\/la-toussuire.com\/en\/\",\"name\":\"La Toussuire\",\"description\":\"\",\"publisher\":{\"@id\":\"https:\/\/la-toussuire.com\/en\/#organization\"},\"potentialAction\":[{\"@type\":\"SearchAction\",\"target\":{\"@type\":\"EntryPoint\",\"urlTemplate\":\"https:\/\/la-toussuire.com\/en\/?s={search_term_string}\"},\"query-input\":{\"@type\":\"PropertyValueSpecification\",\"valueRequired\":true,\"valueName\":\"search_term_string\"}}],\"inLanguage\":\"en-US\"},{\"@type\":\"Organization\",\"@id\":\"https:\/\/la-toussuire.com\/en\/#organization\",\"name\":\"La Toussuire\",\"url\":\"https:\/\/la-toussuire.com\/en\/\",\"logo\":{\"@type\":\"ImageObject\",\"inLanguage\":\"en-US\",\"@id\":\"https:\/\/la-toussuire.com\/en\/#\/schema\/logo\/image\/\",\"url\":\"https:\/\/la-toussuire.com\/wp-content\/uploads\/cropped-Nouveau-LA-TOUSSUIRE_Logo_Plan-de-travail-1-02.png\",\"contentUrl\":\"https:\/\/la-toussuire.com\/wp-content\/uploads\/cropped-Nouveau-LA-TOUSSUIRE_Logo_Plan-de-travail-1-02.png\",\"width\":591,\"height\":591,\"caption\":\"La Toussuire\"},\"image\":{\"@id\":\"https:\/\/la-toussuire.com\/en\/#\/schema\/logo\/image\/\"}}]}<\/script>\n<!-- \/ Yoast SEO plugin. -->","yoast_head_json":{"title":"L\u00e9na Bonnel - La Toussuire","description":"L\u00e9na Bonnel, trail runner and alpine skier (skimo), sprint French and world champion. Ski mountaineering","robots":{"index":"index","follow":"follow","max-snippet":"max-snippet:-1","max-image-preview":"max-image-preview:large","max-video-preview":"max-video-preview:-1"},"canonical":"https:\/\/la-toussuire.com\/en\/discover-la-toussuire\/resort-champions\/girl-power-the-current-generation\/lena-bonnel\/","og_locale":"en_US","og_type":"article","og_title":"L\u00e9na Bonnel - La Toussuire","og_description":"L\u00e9na Bonnel, trail runner and alpine skier (skimo), sprint French and world champion. Ski mountaineering","og_url":"https:\/\/la-toussuire.com\/en\/discover-la-toussuire\/resort-champions\/girl-power-the-current-generation\/lena-bonnel\/","og_site_name":"La Toussuire","article_modified_time":"2022-08-12T10:54:00+00:00","og_image":[{"width":1024,"height":576,"url":"https:\/\/la-toussuire.com\/wp-content\/uploads\/OTToussuire_Champions_Toussuire_Lena_Bonnel_Presentation\u00a9LenaBonnel@La_Toussuire.jpg.jpg","type":"image\/jpeg"}],"twitter_card":"summary_large_image","twitter_misc":{"Est. reading time":"1 minute"},"schema":{"@context":"https:\/\/schema.org","@graph":[{"@type":"WebPage","@id":"https:\/\/la-toussuire.com\/en\/discover-la-toussuire\/resort-champions\/girl-power-the-current-generation\/lena-bonnel\/","url":"https:\/\/la-toussuire.com\/en\/discover-la-toussuire\/resort-champions\/girl-power-the-current-generation\/lena-bonnel\/","name":"L\u00e9na Bonnel - La Toussuire","isPartOf":{"@id":"https:\/\/la-toussuire.com\/en\/#website"},"primaryImageOfPage":{"@id":"https:\/\/la-toussuire.com\/en\/discover-la-toussuire\/resort-champions\/girl-power-the-current-generation\/lena-bonnel\/#primaryimage"},"image":{"@id":"https:\/\/la-toussuire.com\/en\/discover-la-toussuire\/resort-champions\/girl-power-the-current-generation\/lena-bonnel\/#primaryimage"},"thumbnailUrl":"https:\/\/la-toussuire.com\/wp-content\/uploads\/OTToussuire_Champions_Toussuire_Lena_Bonnel_Presentation\u00a9LenaBonnel@La_Toussuire.jpg.jpg","datePublished":"2022-08-12T09:05:32+00:00","dateModified":"2022-08-12T10:54:00+00:00","description":"L\u00e9na Bonnel, trail runner and alpine skier (skimo), sprint French and world champion. Ski mountaineering","breadcrumb":{"@id":"https:\/\/la-toussuire.com\/en\/discover-la-toussuire\/resort-champions\/girl-power-the-current-generation\/lena-bonnel\/#breadcrumb"},"inLanguage":"en-US","potentialAction":[{"@type":"ReadAction","target":["https:\/\/la-toussuire.com\/en\/discover-la-toussuire\/resort-champions\/girl-power-the-current-generation\/lena-bonnel\/"]}]},{"@type":"ImageObject","inLanguage":"en-US","@id":"https:\/\/la-toussuire.com\/en\/discover-la-toussuire\/resort-champions\/girl-power-the-current-generation\/lena-bonnel\/#primaryimage","url":"https:\/\/la-toussuire.com\/wp-content\/uploads\/OTToussuire_Champions_Toussuire_Lena_Bonnel_Presentation\u00a9LenaBonnel@La_Toussuire.jpg.jpg","contentUrl":"https:\/\/la-toussuire.com\/wp-content\/uploads\/OTToussuire_Champions_Toussuire_Lena_Bonnel_Presentation\u00a9LenaBonnel@La_Toussuire.jpg.jpg","width":1024,"height":576,"caption":"L\u00e9na Bonnel"},{"@type":"BreadcrumbList","@id":"https:\/\/la-toussuire.com\/en\/discover-la-toussuire\/resort-champions\/girl-power-the-current-generation\/lena-bonnel\/#breadcrumb","itemListElement":[{"@type":"ListItem","position":1,"name":"Home","item":"https:\/\/la-toussuire.com\/en\/"},{"@type":"ListItem","position":2,"name":"I&#8217;m exploring","item":"https:\/\/la-toussuire.com\/en\/discover-la-toussuire\/"},{"@type":"ListItem","position":3,"name":"Our champions","item":"https:\/\/la-toussuire.com\/en\/discover-la-toussuire\/resort-champions\/"},{"@type":"ListItem","position":4,"name":"GIRL POWER = The current generation","item":"https:\/\/la-toussuire.com\/en\/discover-la-toussuire\/resort-champions\/girl-power-the-current-generation\/"},{"@type":"ListItem","position":5,"name":"L\u00e9na Bonnel"}]},{"@type":"WebSite","@id":"https:\/\/la-toussuire.com\/en\/#website","url":"https:\/\/la-toussuire.com\/en\/","name":"La Toussuire","description":"","publisher":{"@id":"https:\/\/la-toussuire.com\/en\/#organization"},"potentialAction":[{"@type":"SearchAction","target":{"@type":"EntryPoint","urlTemplate":"https:\/\/la-toussuire.com\/en\/?s={search_term_string}"},"query-input":{"@type":"PropertyValueSpecification","valueRequired":true,"valueName":"search_term_string"}}],"inLanguage":"en-US"},{"@type":"Organization","@id":"https:\/\/la-toussuire.com\/en\/#organization","name":"La Toussuire","url":"https:\/\/la-toussuire.com\/en\/","logo":{"@type":"ImageObject","inLanguage":"en-US","@id":"https:\/\/la-toussuire.com\/en\/#\/schema\/logo\/image\/","url":"https:\/\/la-toussuire.com\/wp-content\/uploads\/cropped-Nouveau-LA-TOUSSUIRE_Logo_Plan-de-travail-1-02.png","contentUrl":"https:\/\/la-toussuire.com\/wp-content\/uploads\/cropped-Nouveau-LA-TOUSSUIRE_Logo_Plan-de-travail-1-02.png","width":591,"height":591,"caption":"La Toussuire"},"image":{"@id":"https:\/\/la-toussuire.com\/en\/#\/schema\/logo\/image\/"}}]}},"_links":{"self":[{"href":"https:\/\/la-toussuire.com\/en\/wp-json\/wp\/v2\/pages\/10392","targetHints":{"allow":["GET"]}}],"collection":[{"href":"https:\/\/la-toussuire.com\/en\/wp-json\/wp\/v2\/pages"}],"about":[{"href":"https:\/\/la-toussuire.com\/en\/wp-json\/wp\/v2\/types\/page"}],"author":[{"embeddable":true,"href":"https:\/\/la-toussuire.com\/en\/wp-json\/wp\/v2\/users\/2"}],"replies":[{"embeddable":true,"href":"https:\/\/la-toussuire.com\/en\/wp-json\/wp\/v2\/comments?post=10392"}],"version-history":[{"count":3,"href":"https:\/\/la-toussuire.com\/en\/wp-json\/wp\/v2\/pages\/10392\/revisions"}],"predecessor-version":[{"id":10420,"href":"https:\/\/la-toussuire.com\/en\/wp-json\/wp\/v2\/pages\/10392\/revisions\/10420"}],"up":[{"embeddable":true,"href":"https:\/\/la-toussuire.com\/en\/wp-json\/wp\/v2\/pages\/10327"}],"wp:featuredmedia":[{"embeddable":true,"href":"https:\/\/la-toussuire.com\/en\/wp-json\/wp\/v2\/media\/8228"}],"wp:attachment":[{"href":"https:\/\/la-toussuire.com\/en\/wp-json\/wp\/v2\/media?parent=10392"}],"curies":[{"name":"wp","href":"https:\/\/api.w.org\/{rel}","templated":true}]}}