{"id":10335,"date":"2022-08-11T17:14:58","date_gmt":"2022-08-11T15:14:58","guid":{"rendered":"https:\/\/la-toussuire.com\/skiing-and-sliding\/les-sybelles-skiing-area\/josephine-la-toussuire-ambassador-for-sybelles\/"},"modified":"2022-08-11T17:14:58","modified_gmt":"2022-08-11T15:14:58","slug":"josephine-la-toussuire-ambassador-for-sybelles","status":"publish","type":"page","link":"https:\/\/la-toussuire.com\/en\/skiing-and-sliding\/les-sybelles-skiing-area\/josephine-la-toussuire-ambassador-for-sybelles\/","title":{"rendered":"Jos\u00e9phine, La Toussuire Ambassador for Sybelles."},"content":{"rendered":"<div class=\"block block-core-media-text\">\n<div class=\"wp-block-media-text alignwide is-stacked-on-mobile\"><figure class=\"wp-block-media-text__media\"><img loading=\"lazy\" decoding=\"async\" width=\"1024\" height=\"683\" src=\"https:\/\/la-toussuire.com\/wp-content\/uploads\/OTToussuire_Espace_Pro_Emplois_Josephine_Galerie\u00a9DavidMalacrida@La_Toussuire.jpg\" alt=\"Jos\u00e9phine Rol, l'ambassadrice de La Toussuire pour Les Sybelles pose devant un paysage de montagnes enneig\u00e9es. La station en arri\u00e8re plan.\" class=\"wp-image-8101 size-full\" srcset=\"https:\/\/la-toussuire.com\/wp-content\/uploads\/OTToussuire_Espace_Pro_Emplois_Josephine_Galerie\u00a9DavidMalacrida@La_Toussuire.jpg 1024w, https:\/\/la-toussuire.com\/wp-content\/uploads\/OTToussuire_Espace_Pro_Emplois_Josephine_Galerie\u00a9DavidMalacrida@La_Toussuire-300x200.jpg 300w, https:\/\/la-toussuire.com\/wp-content\/uploads\/OTToussuire_Espace_Pro_Emplois_Josephine_Galerie\u00a9DavidMalacrida@La_Toussuire-150x100.jpg 150w, https:\/\/la-toussuire.com\/wp-content\/uploads\/OTToussuire_Espace_Pro_Emplois_Josephine_Galerie\u00a9DavidMalacrida@La_Toussuire-768x512.jpg 768w\" sizes=\"auto, (max-width: 1024px) 100vw, 1024px\" \/><\/figure><div class=\"wp-block-media-text__content\"><div class=\"block block-core-paragraph\">\n<p>Jos\u00e9phine Rol, a La Toussuire native, is our <strong>media<\/strong> representative for Sybelles skiing area. A dance <strong>teacher<\/strong> in Saint-Jean-de-Maurienne and professional <strong>dancer<\/strong> (modern jazz, street jazz, and contemporary dance), she loves to <strong>ski<\/strong>, <strong>hike<\/strong>, and <strong>try<\/strong> out all sorts of activities, and above all, is in <strong>love<\/strong> with the mountains. Chances are you will come across her on a slope or a trail. <em>She&#8217;s sure to be open for a chat and sharing some of her suggestions with you.<\/em><\/p>\n<\/div><\/div><\/div>\n<\/div><div class=\"block block-core-embed\">\n<figure class=\"wp-block-embed is-type-video is-provider-youtube wp-block-embed-youtube wp-embed-aspect-16-9 wp-has-aspect-ratio\"><div class=\"wp-block-embed__wrapper\">\n<iframe title=\"LaBelleInterview : Vivez des instants magiques \u00e0 @La Toussuire \u2728\" width=\"640\" height=\"360\" data-requires-vendor-consent=\"Youtube\" data-src=\"https:\/\/www.youtube.com\/embed\/LOEWihQoz2Q?feature=oembed\" frameborder=\"0\" allow=\"accelerometer; autoplay; clipboard-write; encrypted-media; gyroscope; picture-in-picture; web-share\" referrerpolicy=\"strict-origin-when-cross-origin\" allowfullscreen><\/iframe>\n<\/div><\/figure>\n<\/div><div class=\"block block-core-embed\">\n<figure class=\"wp-block-embed is-type-video is-provider-youtube wp-block-embed-youtube wp-embed-aspect-16-9 wp-has-aspect-ratio\"><div class=\"wp-block-embed__wrapper\">\n<iframe title=\"Domaine des Sybelles : du ski et du fun\" width=\"640\" height=\"360\" data-requires-vendor-consent=\"Youtube\" data-src=\"https:\/\/www.youtube.com\/embed\/nd5K8cbn29s?feature=oembed\" frameborder=\"0\" allow=\"accelerometer; autoplay; clipboard-write; encrypted-media; gyroscope; picture-in-picture; web-share\" referrerpolicy=\"strict-origin-when-cross-origin\" allowfullscreen><\/iframe>\n<\/div><\/figure>\n<\/div><div class=\"block block-core-embed\">\n<figure class=\"wp-block-embed is-type-video is-provider-youtube wp-block-embed-youtube wp-embed-aspect-16-9 wp-has-aspect-ratio\"><div class=\"wp-block-embed__wrapper\">\n<iframe title=\"#labelleinterview Jos\u00e9phine et La Toussuire\" width=\"640\" height=\"360\" data-requires-vendor-consent=\"Youtube\" data-src=\"https:\/\/www.youtube.com\/embed\/A7UYtgy3HgY?feature=oembed\" frameborder=\"0\" allow=\"accelerometer; autoplay; clipboard-write; encrypted-media; gyroscope; picture-in-picture; web-share\" referrerpolicy=\"strict-origin-when-cross-origin\" allowfullscreen><\/iframe>\n<\/div><\/figure>\n<\/div>","protected":false},"excerpt":{"rendered":"<p>Jos\u00e9phine Rol, a La Toussuire native, is our media representative for Sybelles skiing area. A dance teacher in Saint-Jean-de-Maurienne and professional dancer (modern jazz, street jazz, and contemporary dance), she loves to ski, hike, and try out all sorts of activities, and above all, is in love with the mountains. Chances are you will come [&hellip;]<\/p>\n","protected":false},"author":2,"featured_media":8094,"parent":10215,"menu_order":6,"comment_status":"closed","ping_status":"closed","template":"page-template.php","meta":{"_acf_changed":false,"footnotes":""},"class_list":["post-10335","page","type-page","status-publish","has-post-thumbnail","hentry"],"acf":[],"yoast_head":"<!-- This site is optimized with the Yoast SEO plugin v27.1.1 - https:\/\/yoast.com\/product\/yoast-seo-wordpress\/ -->\n<title>Jos\u00e9phine, La Toussuire Ambassador for Sybelles. - La Toussuire<\/title>\n<meta name=\"description\" content=\"Jos\u00e9phine is La Toussuire&#039;s ambassador to the Sybelles skiing area. #6belles #lessybelles #Sybelles\" \/>\n<meta name=\"robots\" content=\"index, follow, max-snippet:-1, max-image-preview:large, max-video-preview:-1\" \/>\n<link rel=\"canonical\" href=\"https:\/\/la-toussuire.com\/en\/skiing-and-sliding\/les-sybelles-skiing-area\/josephine-la-toussuire-ambassador-for-sybelles\/\" \/>\n<meta property=\"og:locale\" content=\"en_US\" \/>\n<meta property=\"og:type\" content=\"article\" \/>\n<meta property=\"og:title\" content=\"Jos\u00e9phine, La Toussuire Ambassador for Sybelles. - La Toussuire\" \/>\n<meta property=\"og:description\" content=\"Jos\u00e9phine is La Toussuire&#039;s ambassador to the Sybelles skiing area. #6belles #lessybelles #Sybelles\" \/>\n<meta property=\"og:url\" content=\"https:\/\/la-toussuire.com\/en\/skiing-and-sliding\/les-sybelles-skiing-area\/josephine-la-toussuire-ambassador-for-sybelles\/\" \/>\n<meta property=\"og:site_name\" content=\"La Toussuire\" \/>\n<meta property=\"og:image\" content=\"https:\/\/la-toussuire.com\/wp-content\/uploads\/OTToussuire_6belles_Josephine_Presentation\u00a9DavidMalacrida@La_Toussuire.jpg\" \/>\n\t<meta property=\"og:image:width\" content=\"1024\" \/>\n\t<meta property=\"og:image:height\" content=\"683\" \/>\n\t<meta property=\"og:image:type\" content=\"image\/jpeg\" \/>\n<meta name=\"twitter:card\" content=\"summary_large_image\" \/>\n<script type=\"application\/ld+json\" class=\"yoast-schema-graph\">{\"@context\":\"https:\/\/schema.org\",\"@graph\":[{\"@type\":\"WebPage\",\"@id\":\"https:\/\/la-toussuire.com\/en\/skiing-and-sliding\/les-sybelles-skiing-area\/josephine-la-toussuire-ambassador-for-sybelles\/\",\"url\":\"https:\/\/la-toussuire.com\/en\/skiing-and-sliding\/les-sybelles-skiing-area\/josephine-la-toussuire-ambassador-for-sybelles\/\",\"name\":\"Jos\u00e9phine, La Toussuire Ambassador for Sybelles. - La Toussuire\",\"isPartOf\":{\"@id\":\"https:\/\/la-toussuire.com\/en\/#website\"},\"primaryImageOfPage\":{\"@id\":\"https:\/\/la-toussuire.com\/en\/skiing-and-sliding\/les-sybelles-skiing-area\/josephine-la-toussuire-ambassador-for-sybelles\/#primaryimage\"},\"image\":{\"@id\":\"https:\/\/la-toussuire.com\/en\/skiing-and-sliding\/les-sybelles-skiing-area\/josephine-la-toussuire-ambassador-for-sybelles\/#primaryimage\"},\"thumbnailUrl\":\"https:\/\/la-toussuire.com\/wp-content\/uploads\/OTToussuire_6belles_Josephine_Presentation\u00a9DavidMalacrida@La_Toussuire.jpg\",\"datePublished\":\"2022-08-11T15:14:58+00:00\",\"description\":\"Jos\u00e9phine is La Toussuire's ambassador to the Sybelles skiing area. #6belles #lessybelles #Sybelles\",\"breadcrumb\":{\"@id\":\"https:\/\/la-toussuire.com\/en\/skiing-and-sliding\/les-sybelles-skiing-area\/josephine-la-toussuire-ambassador-for-sybelles\/#breadcrumb\"},\"inLanguage\":\"en-US\",\"potentialAction\":[{\"@type\":\"ReadAction\",\"target\":[\"https:\/\/la-toussuire.com\/en\/skiing-and-sliding\/les-sybelles-skiing-area\/josephine-la-toussuire-ambassador-for-sybelles\/\"]}]},{\"@type\":\"ImageObject\",\"inLanguage\":\"en-US\",\"@id\":\"https:\/\/la-toussuire.com\/en\/skiing-and-sliding\/les-sybelles-skiing-area\/josephine-la-toussuire-ambassador-for-sybelles\/#primaryimage\",\"url\":\"https:\/\/la-toussuire.com\/wp-content\/uploads\/OTToussuire_6belles_Josephine_Presentation\u00a9DavidMalacrida@La_Toussuire.jpg\",\"contentUrl\":\"https:\/\/la-toussuire.com\/wp-content\/uploads\/OTToussuire_6belles_Josephine_Presentation\u00a9DavidMalacrida@La_Toussuire.jpg\",\"width\":1024,\"height\":683,\"caption\":\"Josephine in action\"},{\"@type\":\"BreadcrumbList\",\"@id\":\"https:\/\/la-toussuire.com\/en\/skiing-and-sliding\/les-sybelles-skiing-area\/josephine-la-toussuire-ambassador-for-sybelles\/#breadcrumb\",\"itemListElement\":[{\"@type\":\"ListItem\",\"position\":1,\"name\":\"Home\",\"item\":\"https:\/\/la-toussuire.com\/en\/\"},{\"@type\":\"ListItem\",\"position\":2,\"name\":\"Skiing and other winter activities\",\"item\":\"https:\/\/la-toussuire.com\/en\/skiing-and-sliding\/\"},{\"@type\":\"ListItem\",\"position\":3,\"name\":\"Ski area des Sybelles\u00ae\",\"item\":\"https:\/\/la-toussuire.com\/en\/skiing-and-sliding\/les-sybelles-skiing-area\/\"},{\"@type\":\"ListItem\",\"position\":4,\"name\":\"Jos\u00e9phine, La Toussuire Ambassador for Sybelles.\"}]},{\"@type\":\"WebSite\",\"@id\":\"https:\/\/la-toussuire.com\/en\/#website\",\"url\":\"https:\/\/la-toussuire.com\/en\/\",\"name\":\"La Toussuire\",\"description\":\"\",\"publisher\":{\"@id\":\"https:\/\/la-toussuire.com\/en\/#organization\"},\"potentialAction\":[{\"@type\":\"SearchAction\",\"target\":{\"@type\":\"EntryPoint\",\"urlTemplate\":\"https:\/\/la-toussuire.com\/en\/?s={search_term_string}\"},\"query-input\":{\"@type\":\"PropertyValueSpecification\",\"valueRequired\":true,\"valueName\":\"search_term_string\"}}],\"inLanguage\":\"en-US\"},{\"@type\":\"Organization\",\"@id\":\"https:\/\/la-toussuire.com\/en\/#organization\",\"name\":\"La Toussuire\",\"url\":\"https:\/\/la-toussuire.com\/en\/\",\"logo\":{\"@type\":\"ImageObject\",\"inLanguage\":\"en-US\",\"@id\":\"https:\/\/la-toussuire.com\/en\/#\/schema\/logo\/image\/\",\"url\":\"https:\/\/la-toussuire.com\/wp-content\/uploads\/cropped-Nouveau-LA-TOUSSUIRE_Logo_Plan-de-travail-1-02.png\",\"contentUrl\":\"https:\/\/la-toussuire.com\/wp-content\/uploads\/cropped-Nouveau-LA-TOUSSUIRE_Logo_Plan-de-travail-1-02.png\",\"width\":591,\"height\":591,\"caption\":\"La Toussuire\"},\"image\":{\"@id\":\"https:\/\/la-toussuire.com\/en\/#\/schema\/logo\/image\/\"}}]}<\/script>\n<!-- \/ Yoast SEO plugin. -->","yoast_head_json":{"title":"Jos\u00e9phine, La Toussuire Ambassador for Sybelles. - La Toussuire","description":"Jos\u00e9phine is La Toussuire's ambassador to the Sybelles skiing area. #6belles #lessybelles #Sybelles","robots":{"index":"index","follow":"follow","max-snippet":"max-snippet:-1","max-image-preview":"max-image-preview:large","max-video-preview":"max-video-preview:-1"},"canonical":"https:\/\/la-toussuire.com\/en\/skiing-and-sliding\/les-sybelles-skiing-area\/josephine-la-toussuire-ambassador-for-sybelles\/","og_locale":"en_US","og_type":"article","og_title":"Jos\u00e9phine, La Toussuire Ambassador for Sybelles. - La Toussuire","og_description":"Jos\u00e9phine is La Toussuire's ambassador to the Sybelles skiing area. #6belles #lessybelles #Sybelles","og_url":"https:\/\/la-toussuire.com\/en\/skiing-and-sliding\/les-sybelles-skiing-area\/josephine-la-toussuire-ambassador-for-sybelles\/","og_site_name":"La Toussuire","og_image":[{"width":1024,"height":683,"url":"https:\/\/la-toussuire.com\/wp-content\/uploads\/OTToussuire_6belles_Josephine_Presentation\u00a9DavidMalacrida@La_Toussuire.jpg","type":"image\/jpeg"}],"twitter_card":"summary_large_image","schema":{"@context":"https:\/\/schema.org","@graph":[{"@type":"WebPage","@id":"https:\/\/la-toussuire.com\/en\/skiing-and-sliding\/les-sybelles-skiing-area\/josephine-la-toussuire-ambassador-for-sybelles\/","url":"https:\/\/la-toussuire.com\/en\/skiing-and-sliding\/les-sybelles-skiing-area\/josephine-la-toussuire-ambassador-for-sybelles\/","name":"Jos\u00e9phine, La Toussuire Ambassador for Sybelles. - La Toussuire","isPartOf":{"@id":"https:\/\/la-toussuire.com\/en\/#website"},"primaryImageOfPage":{"@id":"https:\/\/la-toussuire.com\/en\/skiing-and-sliding\/les-sybelles-skiing-area\/josephine-la-toussuire-ambassador-for-sybelles\/#primaryimage"},"image":{"@id":"https:\/\/la-toussuire.com\/en\/skiing-and-sliding\/les-sybelles-skiing-area\/josephine-la-toussuire-ambassador-for-sybelles\/#primaryimage"},"thumbnailUrl":"https:\/\/la-toussuire.com\/wp-content\/uploads\/OTToussuire_6belles_Josephine_Presentation\u00a9DavidMalacrida@La_Toussuire.jpg","datePublished":"2022-08-11T15:14:58+00:00","description":"Jos\u00e9phine is La Toussuire's ambassador to the Sybelles skiing area. #6belles #lessybelles #Sybelles","breadcrumb":{"@id":"https:\/\/la-toussuire.com\/en\/skiing-and-sliding\/les-sybelles-skiing-area\/josephine-la-toussuire-ambassador-for-sybelles\/#breadcrumb"},"inLanguage":"en-US","potentialAction":[{"@type":"ReadAction","target":["https:\/\/la-toussuire.com\/en\/skiing-and-sliding\/les-sybelles-skiing-area\/josephine-la-toussuire-ambassador-for-sybelles\/"]}]},{"@type":"ImageObject","inLanguage":"en-US","@id":"https:\/\/la-toussuire.com\/en\/skiing-and-sliding\/les-sybelles-skiing-area\/josephine-la-toussuire-ambassador-for-sybelles\/#primaryimage","url":"https:\/\/la-toussuire.com\/wp-content\/uploads\/OTToussuire_6belles_Josephine_Presentation\u00a9DavidMalacrida@La_Toussuire.jpg","contentUrl":"https:\/\/la-toussuire.com\/wp-content\/uploads\/OTToussuire_6belles_Josephine_Presentation\u00a9DavidMalacrida@La_Toussuire.jpg","width":1024,"height":683,"caption":"Josephine in action"},{"@type":"BreadcrumbList","@id":"https:\/\/la-toussuire.com\/en\/skiing-and-sliding\/les-sybelles-skiing-area\/josephine-la-toussuire-ambassador-for-sybelles\/#breadcrumb","itemListElement":[{"@type":"ListItem","position":1,"name":"Home","item":"https:\/\/la-toussuire.com\/en\/"},{"@type":"ListItem","position":2,"name":"Skiing and other winter activities","item":"https:\/\/la-toussuire.com\/en\/skiing-and-sliding\/"},{"@type":"ListItem","position":3,"name":"Ski area des Sybelles\u00ae","item":"https:\/\/la-toussuire.com\/en\/skiing-and-sliding\/les-sybelles-skiing-area\/"},{"@type":"ListItem","position":4,"name":"Jos\u00e9phine, La Toussuire Ambassador for Sybelles."}]},{"@type":"WebSite","@id":"https:\/\/la-toussuire.com\/en\/#website","url":"https:\/\/la-toussuire.com\/en\/","name":"La Toussuire","description":"","publisher":{"@id":"https:\/\/la-toussuire.com\/en\/#organization"},"potentialAction":[{"@type":"SearchAction","target":{"@type":"EntryPoint","urlTemplate":"https:\/\/la-toussuire.com\/en\/?s={search_term_string}"},"query-input":{"@type":"PropertyValueSpecification","valueRequired":true,"valueName":"search_term_string"}}],"inLanguage":"en-US"},{"@type":"Organization","@id":"https:\/\/la-toussuire.com\/en\/#organization","name":"La Toussuire","url":"https:\/\/la-toussuire.com\/en\/","logo":{"@type":"ImageObject","inLanguage":"en-US","@id":"https:\/\/la-toussuire.com\/en\/#\/schema\/logo\/image\/","url":"https:\/\/la-toussuire.com\/wp-content\/uploads\/cropped-Nouveau-LA-TOUSSUIRE_Logo_Plan-de-travail-1-02.png","contentUrl":"https:\/\/la-toussuire.com\/wp-content\/uploads\/cropped-Nouveau-LA-TOUSSUIRE_Logo_Plan-de-travail-1-02.png","width":591,"height":591,"caption":"La Toussuire"},"image":{"@id":"https:\/\/la-toussuire.com\/en\/#\/schema\/logo\/image\/"}}]}},"_links":{"self":[{"href":"https:\/\/la-toussuire.com\/en\/wp-json\/wp\/v2\/pages\/10335","targetHints":{"allow":["GET"]}}],"collection":[{"href":"https:\/\/la-toussuire.com\/en\/wp-json\/wp\/v2\/pages"}],"about":[{"href":"https:\/\/la-toussuire.com\/en\/wp-json\/wp\/v2\/types\/page"}],"author":[{"embeddable":true,"href":"https:\/\/la-toussuire.com\/en\/wp-json\/wp\/v2\/users\/2"}],"replies":[{"embeddable":true,"href":"https:\/\/la-toussuire.com\/en\/wp-json\/wp\/v2\/comments?post=10335"}],"version-history":[{"count":1,"href":"https:\/\/la-toussuire.com\/en\/wp-json\/wp\/v2\/pages\/10335\/revisions"}],"predecessor-version":[{"id":10336,"href":"https:\/\/la-toussuire.com\/en\/wp-json\/wp\/v2\/pages\/10335\/revisions\/10336"}],"up":[{"embeddable":true,"href":"https:\/\/la-toussuire.com\/en\/wp-json\/wp\/v2\/pages\/10215"}],"wp:featuredmedia":[{"embeddable":true,"href":"https:\/\/la-toussuire.com\/en\/wp-json\/wp\/v2\/media\/8094"}],"wp:attachment":[{"href":"https:\/\/la-toussuire.com\/en\/wp-json\/wp\/v2\/media?parent=10335"}],"curies":[{"name":"wp","href":"https:\/\/api.w.org\/{rel}","templated":true}]}}