{"id":10299,"date":"2022-08-09T15:10:22","date_gmt":"2022-08-09T13:10:22","guid":{"rendered":"https:\/\/la-toussuire.com\/discover-la-toussuire\/discover-our-mountain-heritage\/mountain-gastronomy\/"},"modified":"2022-08-09T15:10:22","modified_gmt":"2022-08-09T13:10:22","slug":"mountain-gastronomy","status":"publish","type":"page","link":"https:\/\/la-toussuire.com\/en\/discover-la-toussuire\/discover-our-mountain-heritage\/mountain-gastronomy\/","title":{"rendered":"Mountain gastronomy"},"content":{"rendered":"<div class=\"block block-core-heading\">\n<h2 class=\"wp-block-heading\" id=\"le-patrimoine-culinaire-le-plus-connu-de-tous\">Our culinary heritage may well be what we the area is most famous for ?<\/h2>\n<\/div><div class=\"block block-core-paragraph\">\n<p>The culinary heritage of Savoy is certainly famous and widely appreciated. However, did you know that fondue and raclette are not strictly speaking Savoy gastronomy ? Indeed, both were invented in Switzerland. We are happy to offer these dishes for your enjoyment day after day, however, what really gets our heart beating is the mention of specialities such as <strong>diots and polenta<\/strong> or <strong>matouille<\/strong> ! Among the lesser-known local dishes is <strong>Soppa Grassa<\/strong>, a traditional wedding dish of eggs, bread and saffron&#8230;Moreover, our culinary heritage is also being reinvented as we speak. <em>Meet our local artisans and discover their wonderful produce !<\/em><\/p>\n<\/div><div class=\"block block-core-media-text\">\n<div class=\"wp-block-media-text alignwide is-stacked-on-mobile\"><figure class=\"wp-block-media-text__media\"><img loading=\"lazy\" decoding=\"async\" width=\"960\" height=\"540\" src=\"https:\/\/la-toussuire.com\/wp-content\/uploads\/OTToussuire_Gastronomie_Raclette\u00a9OTToussuire@La_Toussuire.jpg\" alt=\"Zoom sur une raclette en train d'\u00eatre fondu sur la pomme de terre\" class=\"wp-image-7465 size-full\" srcset=\"https:\/\/la-toussuire.com\/wp-content\/uploads\/OTToussuire_Gastronomie_Raclette\u00a9OTToussuire@La_Toussuire.jpg 960w, https:\/\/la-toussuire.com\/wp-content\/uploads\/OTToussuire_Gastronomie_Raclette\u00a9OTToussuire@La_Toussuire-300x169.jpg 300w, https:\/\/la-toussuire.com\/wp-content\/uploads\/OTToussuire_Gastronomie_Raclette\u00a9OTToussuire@La_Toussuire-150x84.jpg 150w, https:\/\/la-toussuire.com\/wp-content\/uploads\/OTToussuire_Gastronomie_Raclette\u00a9OTToussuire@La_Toussuire-768x432.jpg 768w\" sizes=\"auto, (max-width: 960px) 100vw, 960px\" \/><\/figure><div class=\"wp-block-media-text__content\"><div class=\"block block-core-heading\">\n<h2 class=\"wp-block-heading\">Let&#8217;s have a raclette party tonight ! <\/h2>\n<\/div>\n\n<div class=\"block block-core-paragraph\">\n<p>Follow these easy instructions ?<\/p>\n<\/div>\n\n<div class=\"block block-core-paragraph\">\n<p><em><strong>Potatoes,<\/strong> <strong>charcuterie<\/strong>, a tasty side <strong>salad<\/strong> and lots of <strong>cheese<\/strong>, in the company of your loved ones, it&#8217;s easy to enjoy a great raclette ! <\/em><\/p>\n<\/div><\/div><\/div>\n<\/div><div class=\"block block-core-media-text\">\n<div class=\"wp-block-media-text alignwide has-media-on-the-right is-stacked-on-mobile\"><figure class=\"wp-block-media-text__media\"><img loading=\"lazy\" decoding=\"async\" width=\"1024\" height=\"718\" src=\"https:\/\/la-toussuire.com\/wp-content\/uploads\/OTToussuire_Gastronomie_Matouilles\u00a9OTToussuire@La_Toussuire.jpg\" alt=\"Photo d'une assiette prise \u00e0 table. Il s'agit d'une Matouille, sp\u00e9cialit\u00e9 du restaurant la Grange \u00e0 la Toussuire\" class=\"wp-image-7462 size-full\" srcset=\"https:\/\/la-toussuire.com\/wp-content\/uploads\/OTToussuire_Gastronomie_Matouilles\u00a9OTToussuire@La_Toussuire.jpg 1024w, https:\/\/la-toussuire.com\/wp-content\/uploads\/OTToussuire_Gastronomie_Matouilles\u00a9OTToussuire@La_Toussuire-300x210.jpg 300w, https:\/\/la-toussuire.com\/wp-content\/uploads\/OTToussuire_Gastronomie_Matouilles\u00a9OTToussuire@La_Toussuire-150x105.jpg 150w, https:\/\/la-toussuire.com\/wp-content\/uploads\/OTToussuire_Gastronomie_Matouilles\u00a9OTToussuire@La_Toussuire-768x539.jpg 768w\" sizes=\"auto, (max-width: 1024px) 100vw, 1024px\" \/><\/figure><div class=\"wp-block-media-text__content\"><div class=\"block block-core-heading\">\n<h2 class=\"wp-block-heading\">Matouille, please ! <\/h2>\n<\/div>\n\n<div class=\"block block-core-paragraph\">\n<p>There are a range of recipes for matouille, depending on which hamlet <strong>you&#8217;re<\/strong> in&#8230; Including <strong>vegetable<\/strong> <strong>matouille<\/strong> ? And <strong>tomme cheese<\/strong> matouille ? It&#8217;s up to you ! Whether you prefer the healthy or indulgent version, it&#8217;s always a treat &#8230; <em>So, up for a taste ?<\/em><\/p>\n<\/div><\/div><\/div>\n<\/div><div class=\"block block-core-media-text\">\n<div class=\"wp-block-media-text alignwide is-stacked-on-mobile\"><figure class=\"wp-block-media-text__media\"><img loading=\"lazy\" decoding=\"async\" width=\"960\" height=\"640\" src=\"https:\/\/la-toussuire.com\/wp-content\/uploads\/OTToussuire_Gastronomie_Bugnes\u00a9OTToussuire@La_Toussuire.jpg\" alt=\"Photo de bugnes prise lors de la semaine de la Gastronomie. Il s'agit d'un gros plan\" class=\"wp-image-7456 size-full\" srcset=\"https:\/\/la-toussuire.com\/wp-content\/uploads\/OTToussuire_Gastronomie_Bugnes\u00a9OTToussuire@La_Toussuire.jpg 960w, https:\/\/la-toussuire.com\/wp-content\/uploads\/OTToussuire_Gastronomie_Bugnes\u00a9OTToussuire@La_Toussuire-300x200.jpg 300w, https:\/\/la-toussuire.com\/wp-content\/uploads\/OTToussuire_Gastronomie_Bugnes\u00a9OTToussuire@La_Toussuire-150x100.jpg 150w, https:\/\/la-toussuire.com\/wp-content\/uploads\/OTToussuire_Gastronomie_Bugnes\u00a9OTToussuire@La_Toussuire-768x512.jpg 768w\" sizes=\"auto, (max-width: 960px) 100vw, 960px\" \/><\/figure><div class=\"wp-block-media-text__content\"><div class=\"block block-core-heading\">\n<h2 class=\"wp-block-heading\">Delicious Savoy bugnes&#8230;<\/h2>\n<\/div>\n\n<div class=\"block block-core-paragraph\">\n<p><em>All you need is flour, butter, sugar, eggs and yeast&#8230;<\/em> <strong>Mix<\/strong>everything together, <strong>knead<\/strong> the dough and shape into a ball, then cover. Then, <strong>roll<\/strong>the dough and <strong>shape<\/strong> it into diamonds; score them in the centre. Tie them in a knot <em>(it&#8217;s easy, just pull the dough through the hole !)<\/em> <\/p>\n<\/div>\n\n<div class=\"block block-core-paragraph\">\n<p><strong>Deep-fry<\/strong> them in hot oil until they rise to the surface. <strong>Add<\/strong> icing sugar&#8230; <\/p>\n<\/div>\n\n<div class=\"block block-core-paragraph\">\n<p><strong>Ready ! Indulge ! <\/strong><\/p>\n<\/div><\/div><\/div>\n<\/div><div class=\"block block-core-media-text\">\n<div class=\"wp-block-media-text alignwide has-media-on-the-right is-stacked-on-mobile\"><figure class=\"wp-block-media-text__media\"><img loading=\"lazy\" decoding=\"async\" width=\"960\" height=\"592\" src=\"https:\/\/la-toussuire.com\/wp-content\/uploads\/OTToussuire_Gastronomie_Tarte_Myrtille\u00a9OTToussuire@La_Toussuire.jpg\" alt=\"Close-up of homemade Blueberry Pie ! The photo shows 2 small blueberry pies\" class=\"wp-image-7468 size-full\" srcset=\"https:\/\/la-toussuire.com\/wp-content\/uploads\/OTToussuire_Gastronomie_Tarte_Myrtille\u00a9OTToussuire@La_Toussuire.jpg 960w, https:\/\/la-toussuire.com\/wp-content\/uploads\/OTToussuire_Gastronomie_Tarte_Myrtille\u00a9OTToussuire@La_Toussuire-300x185.jpg 300w, https:\/\/la-toussuire.com\/wp-content\/uploads\/OTToussuire_Gastronomie_Tarte_Myrtille\u00a9OTToussuire@La_Toussuire-150x93.jpg 150w, https:\/\/la-toussuire.com\/wp-content\/uploads\/OTToussuire_Gastronomie_Tarte_Myrtille\u00a9OTToussuire@La_Toussuire-768x474.jpg 768w\" sizes=\"auto, (max-width: 960px) 100vw, 960px\" \/><\/figure><div class=\"wp-block-media-text__content\"><div class=\"block block-core-heading\">\n<h2 class=\"wp-block-heading\">Another great recipe to try is blueberry tart ! <\/h2>\n<\/div>\n\n<div class=\"block block-core-paragraph\">\n<p>Imagine going on a <strong>hike<\/strong> to <strong>pick blueberries<\/strong> in our mountains, followed by a home-made <strong>tart<\/strong>, to enjoy alone, with family or friends&#8230;sounds good ? We think it&#8217;s a great idea ! <\/p>\n<\/div>\n\n<div class=\"block block-core-paragraph\">\n<p>Spend a <strong>great day<\/strong>, followed by a moment of <strong>indulgence<\/strong> !<\/p>\n<\/div><\/div><\/div>\n<\/div><div class=\"block block-core-media-text\">\n<div class=\"wp-block-media-text alignwide is-stacked-on-mobile\"><figure class=\"wp-block-media-text__media\"><img loading=\"lazy\" decoding=\"async\" width=\"683\" height=\"1024\" src=\"https:\/\/la-toussuire.com\/wp-content\/uploads\/OTToussuire_Gastronomie_Matafan\u00a9OTToussuire@La_Toussuire.jpg\" alt=\"Noel Champnier making his traditional\" class=\"wp-image-7746 size-full\" srcset=\"https:\/\/la-toussuire.com\/wp-content\/uploads\/OTToussuire_Gastronomie_Matafan\u00a9OTToussuire@La_Toussuire.jpg 683w, https:\/\/la-toussuire.com\/wp-content\/uploads\/OTToussuire_Gastronomie_Matafan\u00a9OTToussuire@La_Toussuire-200x300.jpg 200w, https:\/\/la-toussuire.com\/wp-content\/uploads\/OTToussuire_Gastronomie_Matafan\u00a9OTToussuire@La_Toussuire-100x150.jpg 100w\" sizes=\"auto, (max-width: 683px) 100vw, 683px\" \/><\/figure><div class=\"wp-block-media-text__content\"><div class=\"block block-core-heading\">\n<h2 class=\"wp-block-heading\">Delicious matafans !<\/h2>\n<\/div>\n\n<div class=\"block block-core-paragraph\">\n<p><strong>Matafan<\/strong>, named after <em>matefaim<\/em> (&#8220;tame your hunger&#8221;), are a sure way to keep hunger at bay for a few hours&#8230; <\/p>\n<\/div>\n\n<div class=\"block block-core-paragraph\">\n<p><em>We&#8217;ve got a great recipe for you ? His is what you&#8217;ll need&#8230; <\/em><\/p>\n<\/div>\n\n<div class=\"block block-core-paragraph\">\n<p><em><strong>Apples<\/strong>, <strong>flour<\/strong>, <strong>eggs<\/strong>, <strong>sugar.<\/strong>..<\/em><\/p>\n<\/div>\n\n<div class=\"block block-core-paragraph\">\n<p>But let&#8217;s stop here, it&#8217;s much better to just come and enjoy them in La Toussuire ! <strong>See you there ! <\/strong> <\/p>\n<\/div>\n\n<div class=\"block block-core-paragraph\">\n<p><\/p>\n<\/div><\/div><\/div>\n<\/div><div class=\"block block-core-media-text\">\n<div class=\"wp-block-media-text alignwide has-media-on-the-right is-stacked-on-mobile\"><figure class=\"wp-block-media-text__media\"><img loading=\"lazy\" decoding=\"async\" width=\"875\" height=\"1024\" src=\"https:\/\/la-toussuire.com\/wp-content\/uploads\/OTToussuire_Gastronomie_Polente\u00a9OTToussuire@La_Toussuire.jpg\" alt=\"Photo d'une Polente. Il s'agit d'un zoom sur un \u00e9norme chaudron rempli de polente jusqu'\u00e0 rebord. Elle actuellement en train d'\u00eatre m\u00e9lang\u00e9 \u00e0 l'aide d'un gros morceau de bois\" class=\"wp-image-7739 size-full\" srcset=\"https:\/\/la-toussuire.com\/wp-content\/uploads\/OTToussuire_Gastronomie_Polente\u00a9OTToussuire@La_Toussuire.jpg 875w, https:\/\/la-toussuire.com\/wp-content\/uploads\/OTToussuire_Gastronomie_Polente\u00a9OTToussuire@La_Toussuire-256x300.jpg 256w, https:\/\/la-toussuire.com\/wp-content\/uploads\/OTToussuire_Gastronomie_Polente\u00a9OTToussuire@La_Toussuire-128x150.jpg 128w, https:\/\/la-toussuire.com\/wp-content\/uploads\/OTToussuire_Gastronomie_Polente\u00a9OTToussuire@La_Toussuire-768x899.jpg 768w\" sizes=\"auto, (max-width: 875px) 100vw, 875px\" \/><\/figure><div class=\"wp-block-media-text__content\"><div class=\"block block-core-heading\">\n<h2 class=\"wp-block-heading\">Fancy a polenta dish ?<\/h2>\n<\/div>\n\n<div class=\"block block-core-paragraph\">\n<p>Prepare it with <strong>Savoy diots<\/strong>, a bit of <strong>cheese<\/strong>, and voila ! <em>Delicious<\/em> and <em>easy to cook<\/em>, polenta is <strong>THE<\/strong> Savoy dish you must try during your stay&#8230;<\/p>\n<\/div><\/div><\/div>\n<\/div><div class=\"block block-core-media-text\">\n<div class=\"wp-block-media-text alignwide is-stacked-on-mobile\"><figure class=\"wp-block-media-text__media\"><img loading=\"lazy\" decoding=\"async\" width=\"805\" height=\"1024\" src=\"https:\/\/la-toussuire.com\/wp-content\/uploads\/OTToussuire_Gastronomie_Fondue\u00a9OTToussuire@La_Toussuire.jpg\" alt=\"Photo d'une fondue savoyarde. Nous pouvons voir un gros plan sur un appareil a fondue avec quelqu'un qui remue le fromage \u00e0 l'aide d'une cuill\u00e8re en bois\" class=\"wp-image-7736 size-full\" srcset=\"https:\/\/la-toussuire.com\/wp-content\/uploads\/OTToussuire_Gastronomie_Fondue\u00a9OTToussuire@La_Toussuire.jpg 805w, https:\/\/la-toussuire.com\/wp-content\/uploads\/OTToussuire_Gastronomie_Fondue\u00a9OTToussuire@La_Toussuire-236x300.jpg 236w, https:\/\/la-toussuire.com\/wp-content\/uploads\/OTToussuire_Gastronomie_Fondue\u00a9OTToussuire@La_Toussuire-118x150.jpg 118w, https:\/\/la-toussuire.com\/wp-content\/uploads\/OTToussuire_Gastronomie_Fondue\u00a9OTToussuire@La_Toussuire-768x977.jpg 768w\" sizes=\"auto, (max-width: 805px) 100vw, 805px\" \/><\/figure><div class=\"wp-block-media-text__content\"><div class=\"block block-core-heading\">\n<h2 class=\"wp-block-heading\">The unmissable Savoy fondue&#8230;<\/h2>\n<\/div>\n\n<div class=\"block block-core-paragraph\">\n<p><strong>Cheese<\/strong>, <strong>white wine<\/strong> and a <strong>garlic clove<\/strong>&#8230; Melt ingredients together, dip <strong>bread<\/strong> in the mixture, <em>and let the magic happen.<\/em> <\/p>\n<\/div>\n\n<div class=\"block block-core-paragraph\">\n<p>A <strong>dish to share<\/strong> and enjoy without moderation.<\/p>\n<\/div><\/div><\/div>\n<\/div><div class=\"block block-core-paragraph\">\n<p class=\"has-text-align-center has-black-color has-text-color\" style=\"font-size:24px\"><strong>One thing is certain, in Savoy, the Maurienne valley, and La Toussuire, we do love our food ! <\/strong><\/p>\n<\/div>","protected":false},"excerpt":{"rendered":"<p>Our culinary heritage may well be what we the area is most famous for ? The culinary heritage of Savoy is certainly famous and widely appreciated. However, did you know that fondue and raclette are not strictly speaking Savoy gastronomy ? Indeed, both were invented in Switzerland. We are happy to offer these dishes for [&hellip;]<\/p>\n","protected":false},"author":2,"featured_media":7712,"parent":10275,"menu_order":6,"comment_status":"closed","ping_status":"closed","template":"page-template.php","meta":{"_acf_changed":false,"footnotes":""},"class_list":["post-10299","page","type-page","status-publish","has-post-thumbnail","hentry"],"acf":[],"yoast_head":"<!-- This site is optimized with the Yoast SEO plugin v27.1.1 - https:\/\/yoast.com\/product\/yoast-seo-wordpress\/ -->\n<title>Mountain gastronomy - La Toussuire<\/title>\n<meta name=\"description\" content=\"Culinary heritage, fondue, raclette, tartiflette, diot, polenta, matouille, soppa grassa, Beaufort tart, blueberry tart, spreads\" \/>\n<meta name=\"robots\" content=\"index, follow, max-snippet:-1, max-image-preview:large, max-video-preview:-1\" \/>\n<link rel=\"canonical\" href=\"https:\/\/la-toussuire.com\/en\/discover-la-toussuire\/discover-our-mountain-heritage\/mountain-gastronomy\/\" \/>\n<meta property=\"og:locale\" content=\"en_US\" \/>\n<meta property=\"og:type\" content=\"article\" \/>\n<meta property=\"og:title\" content=\"Mountain gastronomy - La Toussuire\" \/>\n<meta property=\"og:description\" content=\"Culinary heritage, fondue, raclette, tartiflette, diot, polenta, matouille, soppa grassa, Beaufort tart, blueberry tart, spreads\" \/>\n<meta property=\"og:url\" content=\"https:\/\/la-toussuire.com\/en\/discover-la-toussuire\/discover-our-mountain-heritage\/mountain-gastronomy\/\" \/>\n<meta property=\"og:site_name\" content=\"La Toussuire\" \/>\n<meta property=\"og:image\" content=\"https:\/\/la-toussuire.com\/wp-content\/uploads\/OTToussuire_Gastronomie_Croziflette_Presentation\u00a9OTToussuire@La_Toussuire.jpg\" \/>\n\t<meta property=\"og:image:width\" content=\"960\" \/>\n\t<meta property=\"og:image:height\" content=\"641\" \/>\n\t<meta property=\"og:image:type\" content=\"image\/jpeg\" \/>\n<meta name=\"twitter:card\" content=\"summary_large_image\" \/>\n<meta name=\"twitter:label1\" content=\"Est. reading time\" \/>\n\t<meta name=\"twitter:data1\" content=\"2 minutes\" \/>\n<script type=\"application\/ld+json\" class=\"yoast-schema-graph\">{\"@context\":\"https:\/\/schema.org\",\"@graph\":[{\"@type\":\"WebPage\",\"@id\":\"https:\/\/la-toussuire.com\/en\/discover-la-toussuire\/discover-our-mountain-heritage\/mountain-gastronomy\/\",\"url\":\"https:\/\/la-toussuire.com\/en\/discover-la-toussuire\/discover-our-mountain-heritage\/mountain-gastronomy\/\",\"name\":\"Mountain gastronomy - La Toussuire\",\"isPartOf\":{\"@id\":\"https:\/\/la-toussuire.com\/en\/#website\"},\"primaryImageOfPage\":{\"@id\":\"https:\/\/la-toussuire.com\/en\/discover-la-toussuire\/discover-our-mountain-heritage\/mountain-gastronomy\/#primaryimage\"},\"image\":{\"@id\":\"https:\/\/la-toussuire.com\/en\/discover-la-toussuire\/discover-our-mountain-heritage\/mountain-gastronomy\/#primaryimage\"},\"thumbnailUrl\":\"https:\/\/la-toussuire.com\/wp-content\/uploads\/OTToussuire_Gastronomie_Croziflette_Presentation\u00a9OTToussuire@La_Toussuire.jpg\",\"datePublished\":\"2022-08-09T13:10:22+00:00\",\"description\":\"Culinary heritage, fondue, raclette, tartiflette, diot, polenta, matouille, soppa grassa, Beaufort tart, blueberry tart, spreads\",\"breadcrumb\":{\"@id\":\"https:\/\/la-toussuire.com\/en\/discover-la-toussuire\/discover-our-mountain-heritage\/mountain-gastronomy\/#breadcrumb\"},\"inLanguage\":\"en-US\",\"potentialAction\":[{\"@type\":\"ReadAction\",\"target\":[\"https:\/\/la-toussuire.com\/en\/discover-la-toussuire\/discover-our-mountain-heritage\/mountain-gastronomy\/\"]}]},{\"@type\":\"ImageObject\",\"inLanguage\":\"en-US\",\"@id\":\"https:\/\/la-toussuire.com\/en\/discover-la-toussuire\/discover-our-mountain-heritage\/mountain-gastronomy\/#primaryimage\",\"url\":\"https:\/\/la-toussuire.com\/wp-content\/uploads\/OTToussuire_Gastronomie_Croziflette_Presentation\u00a9OTToussuire@La_Toussuire.jpg\",\"contentUrl\":\"https:\/\/la-toussuire.com\/wp-content\/uploads\/OTToussuire_Gastronomie_Croziflette_Presentation\u00a9OTToussuire@La_Toussuire.jpg\",\"width\":960,\"height\":641,\"caption\":\"Croziflette\"},{\"@type\":\"BreadcrumbList\",\"@id\":\"https:\/\/la-toussuire.com\/en\/discover-la-toussuire\/discover-our-mountain-heritage\/mountain-gastronomy\/#breadcrumb\",\"itemListElement\":[{\"@type\":\"ListItem\",\"position\":1,\"name\":\"Home\",\"item\":\"https:\/\/la-toussuire.com\/en\/\"},{\"@type\":\"ListItem\",\"position\":2,\"name\":\"I&#8217;m exploring\",\"item\":\"https:\/\/la-toussuire.com\/en\/discover-la-toussuire\/\"},{\"@type\":\"ListItem\",\"position\":3,\"name\":\"Our mountain heritage\",\"item\":\"https:\/\/la-toussuire.com\/en\/discover-la-toussuire\/discover-our-mountain-heritage\/\"},{\"@type\":\"ListItem\",\"position\":4,\"name\":\"Mountain gastronomy\"}]},{\"@type\":\"WebSite\",\"@id\":\"https:\/\/la-toussuire.com\/en\/#website\",\"url\":\"https:\/\/la-toussuire.com\/en\/\",\"name\":\"La Toussuire\",\"description\":\"\",\"publisher\":{\"@id\":\"https:\/\/la-toussuire.com\/en\/#organization\"},\"potentialAction\":[{\"@type\":\"SearchAction\",\"target\":{\"@type\":\"EntryPoint\",\"urlTemplate\":\"https:\/\/la-toussuire.com\/en\/?s={search_term_string}\"},\"query-input\":{\"@type\":\"PropertyValueSpecification\",\"valueRequired\":true,\"valueName\":\"search_term_string\"}}],\"inLanguage\":\"en-US\"},{\"@type\":\"Organization\",\"@id\":\"https:\/\/la-toussuire.com\/en\/#organization\",\"name\":\"La Toussuire\",\"url\":\"https:\/\/la-toussuire.com\/en\/\",\"logo\":{\"@type\":\"ImageObject\",\"inLanguage\":\"en-US\",\"@id\":\"https:\/\/la-toussuire.com\/en\/#\/schema\/logo\/image\/\",\"url\":\"https:\/\/la-toussuire.com\/wp-content\/uploads\/cropped-Nouveau-LA-TOUSSUIRE_Logo_Plan-de-travail-1-02.png\",\"contentUrl\":\"https:\/\/la-toussuire.com\/wp-content\/uploads\/cropped-Nouveau-LA-TOUSSUIRE_Logo_Plan-de-travail-1-02.png\",\"width\":591,\"height\":591,\"caption\":\"La Toussuire\"},\"image\":{\"@id\":\"https:\/\/la-toussuire.com\/en\/#\/schema\/logo\/image\/\"}}]}<\/script>\n<!-- \/ Yoast SEO plugin. -->","yoast_head_json":{"title":"Mountain gastronomy - La Toussuire","description":"Culinary heritage, fondue, raclette, tartiflette, diot, polenta, matouille, soppa grassa, Beaufort tart, blueberry tart, spreads","robots":{"index":"index","follow":"follow","max-snippet":"max-snippet:-1","max-image-preview":"max-image-preview:large","max-video-preview":"max-video-preview:-1"},"canonical":"https:\/\/la-toussuire.com\/en\/discover-la-toussuire\/discover-our-mountain-heritage\/mountain-gastronomy\/","og_locale":"en_US","og_type":"article","og_title":"Mountain gastronomy - La Toussuire","og_description":"Culinary heritage, fondue, raclette, tartiflette, diot, polenta, matouille, soppa grassa, Beaufort tart, blueberry tart, spreads","og_url":"https:\/\/la-toussuire.com\/en\/discover-la-toussuire\/discover-our-mountain-heritage\/mountain-gastronomy\/","og_site_name":"La Toussuire","og_image":[{"width":960,"height":641,"url":"https:\/\/la-toussuire.com\/wp-content\/uploads\/OTToussuire_Gastronomie_Croziflette_Presentation\u00a9OTToussuire@La_Toussuire.jpg","type":"image\/jpeg"}],"twitter_card":"summary_large_image","twitter_misc":{"Est. reading time":"2 minutes"},"schema":{"@context":"https:\/\/schema.org","@graph":[{"@type":"WebPage","@id":"https:\/\/la-toussuire.com\/en\/discover-la-toussuire\/discover-our-mountain-heritage\/mountain-gastronomy\/","url":"https:\/\/la-toussuire.com\/en\/discover-la-toussuire\/discover-our-mountain-heritage\/mountain-gastronomy\/","name":"Mountain gastronomy - La Toussuire","isPartOf":{"@id":"https:\/\/la-toussuire.com\/en\/#website"},"primaryImageOfPage":{"@id":"https:\/\/la-toussuire.com\/en\/discover-la-toussuire\/discover-our-mountain-heritage\/mountain-gastronomy\/#primaryimage"},"image":{"@id":"https:\/\/la-toussuire.com\/en\/discover-la-toussuire\/discover-our-mountain-heritage\/mountain-gastronomy\/#primaryimage"},"thumbnailUrl":"https:\/\/la-toussuire.com\/wp-content\/uploads\/OTToussuire_Gastronomie_Croziflette_Presentation\u00a9OTToussuire@La_Toussuire.jpg","datePublished":"2022-08-09T13:10:22+00:00","description":"Culinary heritage, fondue, raclette, tartiflette, diot, polenta, matouille, soppa grassa, Beaufort tart, blueberry tart, spreads","breadcrumb":{"@id":"https:\/\/la-toussuire.com\/en\/discover-la-toussuire\/discover-our-mountain-heritage\/mountain-gastronomy\/#breadcrumb"},"inLanguage":"en-US","potentialAction":[{"@type":"ReadAction","target":["https:\/\/la-toussuire.com\/en\/discover-la-toussuire\/discover-our-mountain-heritage\/mountain-gastronomy\/"]}]},{"@type":"ImageObject","inLanguage":"en-US","@id":"https:\/\/la-toussuire.com\/en\/discover-la-toussuire\/discover-our-mountain-heritage\/mountain-gastronomy\/#primaryimage","url":"https:\/\/la-toussuire.com\/wp-content\/uploads\/OTToussuire_Gastronomie_Croziflette_Presentation\u00a9OTToussuire@La_Toussuire.jpg","contentUrl":"https:\/\/la-toussuire.com\/wp-content\/uploads\/OTToussuire_Gastronomie_Croziflette_Presentation\u00a9OTToussuire@La_Toussuire.jpg","width":960,"height":641,"caption":"Croziflette"},{"@type":"BreadcrumbList","@id":"https:\/\/la-toussuire.com\/en\/discover-la-toussuire\/discover-our-mountain-heritage\/mountain-gastronomy\/#breadcrumb","itemListElement":[{"@type":"ListItem","position":1,"name":"Home","item":"https:\/\/la-toussuire.com\/en\/"},{"@type":"ListItem","position":2,"name":"I&#8217;m exploring","item":"https:\/\/la-toussuire.com\/en\/discover-la-toussuire\/"},{"@type":"ListItem","position":3,"name":"Our mountain heritage","item":"https:\/\/la-toussuire.com\/en\/discover-la-toussuire\/discover-our-mountain-heritage\/"},{"@type":"ListItem","position":4,"name":"Mountain gastronomy"}]},{"@type":"WebSite","@id":"https:\/\/la-toussuire.com\/en\/#website","url":"https:\/\/la-toussuire.com\/en\/","name":"La Toussuire","description":"","publisher":{"@id":"https:\/\/la-toussuire.com\/en\/#organization"},"potentialAction":[{"@type":"SearchAction","target":{"@type":"EntryPoint","urlTemplate":"https:\/\/la-toussuire.com\/en\/?s={search_term_string}"},"query-input":{"@type":"PropertyValueSpecification","valueRequired":true,"valueName":"search_term_string"}}],"inLanguage":"en-US"},{"@type":"Organization","@id":"https:\/\/la-toussuire.com\/en\/#organization","name":"La Toussuire","url":"https:\/\/la-toussuire.com\/en\/","logo":{"@type":"ImageObject","inLanguage":"en-US","@id":"https:\/\/la-toussuire.com\/en\/#\/schema\/logo\/image\/","url":"https:\/\/la-toussuire.com\/wp-content\/uploads\/cropped-Nouveau-LA-TOUSSUIRE_Logo_Plan-de-travail-1-02.png","contentUrl":"https:\/\/la-toussuire.com\/wp-content\/uploads\/cropped-Nouveau-LA-TOUSSUIRE_Logo_Plan-de-travail-1-02.png","width":591,"height":591,"caption":"La Toussuire"},"image":{"@id":"https:\/\/la-toussuire.com\/en\/#\/schema\/logo\/image\/"}}]}},"_links":{"self":[{"href":"https:\/\/la-toussuire.com\/en\/wp-json\/wp\/v2\/pages\/10299","targetHints":{"allow":["GET"]}}],"collection":[{"href":"https:\/\/la-toussuire.com\/en\/wp-json\/wp\/v2\/pages"}],"about":[{"href":"https:\/\/la-toussuire.com\/en\/wp-json\/wp\/v2\/types\/page"}],"author":[{"embeddable":true,"href":"https:\/\/la-toussuire.com\/en\/wp-json\/wp\/v2\/users\/2"}],"replies":[{"embeddable":true,"href":"https:\/\/la-toussuire.com\/en\/wp-json\/wp\/v2\/comments?post=10299"}],"version-history":[{"count":1,"href":"https:\/\/la-toussuire.com\/en\/wp-json\/wp\/v2\/pages\/10299\/revisions"}],"predecessor-version":[{"id":10300,"href":"https:\/\/la-toussuire.com\/en\/wp-json\/wp\/v2\/pages\/10299\/revisions\/10300"}],"up":[{"embeddable":true,"href":"https:\/\/la-toussuire.com\/en\/wp-json\/wp\/v2\/pages\/10275"}],"wp:featuredmedia":[{"embeddable":true,"href":"https:\/\/la-toussuire.com\/en\/wp-json\/wp\/v2\/media\/7712"}],"wp:attachment":[{"href":"https:\/\/la-toussuire.com\/en\/wp-json\/wp\/v2\/media?parent=10299"}],"curies":[{"name":"wp","href":"https:\/\/api.w.org\/{rel}","templated":true}]}}