{"id":10275,"date":"2022-08-09T12:02:53","date_gmt":"2022-08-09T10:02:53","guid":{"rendered":"https:\/\/la-toussuire.com\/discover-la-toussuire\/discover-our-mountain-heritage\/"},"modified":"2024-09-05T11:45:20","modified_gmt":"2024-09-05T09:45:20","slug":"discover-our-mountain-heritage","status":"publish","type":"page","link":"https:\/\/la-toussuire.com\/en\/discover-la-toussuire\/discover-our-mountain-heritage\/","title":{"rendered":"Our mountain heritage"},"content":{"rendered":"<div class=\"block block-core-media-text\">\n<div class=\"wp-block-media-text is-stacked-on-mobile is-image-fill alignwide\"><figure class=\"wp-block-media-text__media\" style=\"background-image:url(https:\/\/la-toussuire.com\/wp-content\/uploads\/OTToussuire_Decouverte_Patrimoine_Fontcouverte_Presentation\u00a9PierreDompnier@La_Toussuire-2.jpg);background-position:50% 50%\"><img loading=\"lazy\" decoding=\"async\" width=\"960\" height=\"940\" src=\"https:\/\/la-toussuire.com\/wp-content\/uploads\/OTToussuire_Decouverte_Patrimoine_Fontcouverte_Presentation\u00a9PierreDompnier@La_Toussuire-2.jpg\" alt=\"Traditional Fontcouverte - La Toussuire costume. Geometric style photo taken inside church of Fontcouverte. This is the church's main fresco\" class=\"wp-image-7726 size-full\" srcset=\"https:\/\/la-toussuire.com\/wp-content\/uploads\/OTToussuire_Decouverte_Patrimoine_Fontcouverte_Presentation\u00a9PierreDompnier@La_Toussuire-2.jpg 960w, https:\/\/la-toussuire.com\/wp-content\/uploads\/OTToussuire_Decouverte_Patrimoine_Fontcouverte_Presentation\u00a9PierreDompnier@La_Toussuire-2-300x294.jpg 300w, https:\/\/la-toussuire.com\/wp-content\/uploads\/OTToussuire_Decouverte_Patrimoine_Fontcouverte_Presentation\u00a9PierreDompnier@La_Toussuire-2-150x147.jpg 150w, https:\/\/la-toussuire.com\/wp-content\/uploads\/OTToussuire_Decouverte_Patrimoine_Fontcouverte_Presentation\u00a9PierreDompnier@La_Toussuire-2-768x752.jpg 768w\" sizes=\"auto, (max-width: 960px) 100vw, 960px\" \/><\/figure><div class=\"wp-block-media-text__content\"><div class=\"block block-core-heading\">\n<h2 class=\"wp-block-heading has-text-align-center\" id=\"patrimoine\">Heritage<\/h2>\n<\/div>\n\n<div class=\"block block-core-paragraph\">\n<p class=\"has-text-align-center\">A brief history of our town, and some suggestions to find out more about this topic<\/p>\n<\/div>\n\n<div class=\"block block-core-buttons\">\n<div class=\"wp-block-buttons is-content-justification-center is-layout-flex wp-container-core-buttons-is-layout-16018d1d wp-block-buttons-is-layout-flex\"><div class=\"block block-core-button\">\n<div class=\"wp-block-button is-style-fill\"><a class=\"wp-block-button__link wp-element-button\" href=\"https:\/\/la-toussuire.com\/en\/heritage-of-fontcouverte-la-toussuire-baroque-wood-earth-and-sky\/\">Find out more<\/a><\/div>\n<\/div><\/div>\n<\/div><\/div><\/div>\n<\/div>\n\n<div class=\"block block-core-media-text\">\n<div class=\"wp-block-media-text has-media-on-the-right is-stacked-on-mobile alignwide\"><div class=\"wp-block-media-text__content\"><div class=\"block block-core-heading\">\n<h2 class=\"wp-block-heading has-text-align-center\" id=\"eglises-et-chapelles\">Churches and chapels<\/h2>\n<\/div>\n\n<div class=\"block block-core-paragraph\">\n<p class=\"has-text-align-center\">Religious heritage is very much present and alive in La Toussuire. Many chapels and churches dot the hamlets. Some are exemplars of Baroque art. <\/p>\n<\/div>\n\n<div class=\"block block-core-buttons\">\n<div class=\"wp-block-buttons is-content-justification-center is-layout-flex wp-container-core-buttons-is-layout-16018d1d wp-block-buttons-is-layout-flex\"><div class=\"block block-core-button\">\n<div class=\"wp-block-button is-style-fill\"><a class=\"wp-block-button__link wp-element-button\" href=\"https:\/\/la-toussuire.com\/en\/discover-la-toussuire\/discover-our-mountain-heritage\/religious-heritage\/\">Find out more<\/a><\/div>\n<\/div><\/div>\n<\/div><\/div><figure class=\"wp-block-media-text__media\"><img loading=\"lazy\" decoding=\"async\" width=\"960\" height=\"640\" src=\"https:\/\/la-toussuire.com\/wp-content\/uploads\/OTToussuire_Patrimoine_Religieux_Eglise_Plafond\u00a9AgenceZoom@La_Toussuire.jpg\" alt=\"Photo style g\u00e9om\u00e9trique \u00e0 l'int\u00e9rieur de l'\u00e9glise de Fontcouverte. Il s'agit de la fresque principal de l'\u00e9glise\" class=\"wp-image-7790 size-full\" srcset=\"https:\/\/la-toussuire.com\/wp-content\/uploads\/OTToussuire_Patrimoine_Religieux_Eglise_Plafond\u00a9AgenceZoom@La_Toussuire.jpg 960w, https:\/\/la-toussuire.com\/wp-content\/uploads\/OTToussuire_Patrimoine_Religieux_Eglise_Plafond\u00a9AgenceZoom@La_Toussuire-300x200.jpg 300w, https:\/\/la-toussuire.com\/wp-content\/uploads\/OTToussuire_Patrimoine_Religieux_Eglise_Plafond\u00a9AgenceZoom@La_Toussuire-150x100.jpg 150w, https:\/\/la-toussuire.com\/wp-content\/uploads\/OTToussuire_Patrimoine_Religieux_Eglise_Plafond\u00a9AgenceZoom@La_Toussuire-768x512.jpg 768w\" sizes=\"auto, (max-width: 960px) 100vw, 960px\" \/><\/figure><\/div>\n<\/div>\n\n<div class=\"block block-core-media-text\">\n<div class=\"wp-block-media-text is-stacked-on-mobile alignwide\"><figure class=\"wp-block-media-text__media\"><img loading=\"lazy\" decoding=\"async\" width=\"1024\" height=\"682\" src=\"https:\/\/la-toussuire.com\/wp-content\/uploads\/OTToussuire_Decouverte_Fontaine_Presentation\u00a9OTToussuire@La_Toussuire.jpg\" alt=\"Photo of Fontcouverte covered fountain. A grid with a stone wall, below which appears a fountain\" class=\"wp-image-7750 size-full\" srcset=\"https:\/\/la-toussuire.com\/wp-content\/uploads\/OTToussuire_Decouverte_Fontaine_Presentation\u00a9OTToussuire@La_Toussuire.jpg 1024w, https:\/\/la-toussuire.com\/wp-content\/uploads\/OTToussuire_Decouverte_Fontaine_Presentation\u00a9OTToussuire@La_Toussuire-300x200.jpg 300w, https:\/\/la-toussuire.com\/wp-content\/uploads\/OTToussuire_Decouverte_Fontaine_Presentation\u00a9OTToussuire@La_Toussuire-150x100.jpg 150w, https:\/\/la-toussuire.com\/wp-content\/uploads\/OTToussuire_Decouverte_Fontaine_Presentation\u00a9OTToussuire@La_Toussuire-768x512.jpg 768w\" sizes=\"auto, (max-width: 1024px) 100vw, 1024px\" \/><\/figure><div class=\"wp-block-media-text__content\"><div class=\"block block-core-heading\">\n<h2 class=\"wp-block-heading has-text-align-center\" id=\"fontaine-et-cromlech\">Fountain and cromlech<\/h2>\n<\/div>\n\n<div class=\"block block-core-paragraph\">\n<p class=\"has-text-align-center\">Fontcouverte, name of the municipality where La Toussuire is located, gets its name from the &#8220;Covered Fountain&#8221; located below the road that leads out of town. Did you notice the cromlech on the slope above ?<\/p>\n<\/div>\n\n<div class=\"block block-core-buttons\">\n<div class=\"wp-block-buttons is-content-justification-center is-layout-flex wp-container-core-buttons-is-layout-16018d1d wp-block-buttons-is-layout-flex\"><div class=\"block block-core-button\">\n<div class=\"wp-block-button is-style-fill\"><a class=\"wp-block-button__link wp-element-button\" href=\"https:\/\/la-toussuire.com\/en\/discover-la-toussuire\/discover-our-mountain-heritage\/covered-fountain-and-cromlech\/\">Find out more<\/a><\/div>\n<\/div><\/div>\n<\/div>\n\n<div class=\"block block-core-paragraph\">\n<p><\/p>\n<\/div><\/div><\/div>\n<\/div>\n\n<div class=\"block block-core-media-text\">\n<div class=\"wp-block-media-text has-media-on-the-right is-stacked-on-mobile alignwide\"><div class=\"wp-block-media-text__content\"><div class=\"block block-core-heading\">\n<h2 class=\"wp-block-heading has-text-align-center\" id=\"architecture-de-montagne\">Mountain architecture<\/h2>\n<\/div>\n\n<div class=\"block block-core-paragraph\">\n<p>Have you heard of the &#8220;legged houses&#8221;, or seen a bread oven ? Do you know why our houses all have balconies ? La Toussuire boasts unexpected treasures that are there to be discovered by the curious. Are you curious to find out more ? <\/p>\n<\/div>\n\n<div class=\"block block-core-buttons\">\n<div class=\"wp-block-buttons is-content-justification-center is-layout-flex wp-container-core-buttons-is-layout-16018d1d wp-block-buttons-is-layout-flex\"><div class=\"block block-core-button\">\n<div class=\"wp-block-button is-style-fill\"><a class=\"wp-block-button__link wp-element-button\" href=\"https:\/\/la-toussuire.com\/en\/discover-la-toussuire\/discover-our-mountain-heritage\/mountain-architecture\/\">Find out more<\/a><\/div>\n<\/div><\/div>\n<\/div><\/div><figure class=\"wp-block-media-text__media\"><img loading=\"lazy\" decoding=\"async\" width=\"1024\" height=\"683\" src=\"https:\/\/la-toussuire.com\/wp-content\/uploads\/OTToussuire_Architecture_de_Montagne_Presentation\u00a9AgenceZoom@La_Toussuire.jpg\" alt=\"Photo d'une vielle b\u00e2tisse de l'\u00e9poque dans un style tr\u00e8s montagnard. La photo est prise en journ\u00e9e d'\u00e9t\u00e9 et \u00e0 l'horizontal.\" class=\"wp-image-7753 size-full\" srcset=\"https:\/\/la-toussuire.com\/wp-content\/uploads\/OTToussuire_Architecture_de_Montagne_Presentation\u00a9AgenceZoom@La_Toussuire.jpg 1024w, https:\/\/la-toussuire.com\/wp-content\/uploads\/OTToussuire_Architecture_de_Montagne_Presentation\u00a9AgenceZoom@La_Toussuire-300x200.jpg 300w, https:\/\/la-toussuire.com\/wp-content\/uploads\/OTToussuire_Architecture_de_Montagne_Presentation\u00a9AgenceZoom@La_Toussuire-150x100.jpg 150w, https:\/\/la-toussuire.com\/wp-content\/uploads\/OTToussuire_Architecture_de_Montagne_Presentation\u00a9AgenceZoom@La_Toussuire-768x512.jpg 768w\" sizes=\"auto, (max-width: 1024px) 100vw, 1024px\" \/><\/figure><\/div>\n<\/div>\n\n<div class=\"block block-core-media-text\">\n<div class=\"wp-block-media-text is-stacked-on-mobile alignwide\"><figure class=\"wp-block-media-text__media\"><img loading=\"lazy\" decoding=\"async\" width=\"960\" height=\"641\" src=\"https:\/\/la-toussuire.com\/wp-content\/uploads\/OTToussuire_Gastronomie_Croziflette_Presentation\u00a9OTToussuire@La_Toussuire.jpg\" alt=\"Close-up of Croziflette ! A dish of Croziflette with Savoy diot sausage and country-style prosciutto, accompanied by a side salad.\" class=\"wp-image-7710 size-full\" srcset=\"https:\/\/la-toussuire.com\/wp-content\/uploads\/OTToussuire_Gastronomie_Croziflette_Presentation\u00a9OTToussuire@La_Toussuire.jpg 960w, https:\/\/la-toussuire.com\/wp-content\/uploads\/OTToussuire_Gastronomie_Croziflette_Presentation\u00a9OTToussuire@La_Toussuire-300x200.jpg 300w, https:\/\/la-toussuire.com\/wp-content\/uploads\/OTToussuire_Gastronomie_Croziflette_Presentation\u00a9OTToussuire@La_Toussuire-150x100.jpg 150w, https:\/\/la-toussuire.com\/wp-content\/uploads\/OTToussuire_Gastronomie_Croziflette_Presentation\u00a9OTToussuire@La_Toussuire-768x513.jpg 768w\" sizes=\"auto, (max-width: 960px) 100vw, 960px\" \/><\/figure><div class=\"wp-block-media-text__content\"><div class=\"block block-core-heading\">\n<h2 class=\"wp-block-heading has-text-align-center\" id=\"gastronomie\">Gastronomy<\/h2>\n<\/div>\n\n<div class=\"block block-core-paragraph\">\n<p class=\"has-text-align-center\">You&#8217;ve heard of tartiflette, raclette, and fondue, which all more or less form part of Savoy&#8217;s heritage, But have you heard of our local culinary heritage ? Matouille, diots-crozets, Soppa Grassa are some of the dishes that you will soon become familiar with. <\/p>\n<\/div>\n\n<div class=\"block block-core-buttons\">\n<div class=\"wp-block-buttons is-content-justification-center is-layout-flex wp-container-core-buttons-is-layout-16018d1d wp-block-buttons-is-layout-flex\"><div class=\"block block-core-button\">\n<div class=\"wp-block-button is-style-fill\"><a class=\"wp-block-button__link wp-element-button\" href=\"https:\/\/la-toussuire.com\/en\/discover-la-toussuire\/discover-our-mountain-heritage\/mountain-gastronomy\/\">Find out more<\/a><\/div>\n<\/div><\/div>\n<\/div><\/div><\/div>\n<\/div>","protected":false},"excerpt":{"rendered":"","protected":false},"author":1,"featured_media":7749,"parent":5852,"menu_order":10,"comment_status":"closed","ping_status":"closed","template":"page-template.php","meta":{"_acf_changed":false,"footnotes":""},"class_list":["post-10275","page","type-page","status-publish","has-post-thumbnail","hentry"],"acf":[],"yoast_head":"<!-- This site is optimized with the Yoast SEO plugin v27.1.1 - https:\/\/yoast.com\/product\/yoast-seo-wordpress\/ -->\n<title>Our mountain heritage - La Toussuire<\/title>\n<meta name=\"description\" content=\"The La Toussuire heritage is diverse: architecture, baroque churches and chapels, landscape, gastronomy, arts and folk traditions\" \/>\n<meta name=\"robots\" content=\"index, follow, max-snippet:-1, max-image-preview:large, max-video-preview:-1\" \/>\n<link rel=\"canonical\" href=\"https:\/\/la-toussuire.com\/en\/discover-la-toussuire\/discover-our-mountain-heritage\/\" \/>\n<meta property=\"og:locale\" content=\"en_US\" \/>\n<meta property=\"og:type\" content=\"article\" \/>\n<meta property=\"og:title\" content=\"Our mountain heritage - La Toussuire\" \/>\n<meta property=\"og:description\" content=\"The La Toussuire heritage is diverse: architecture, baroque churches and chapels, landscape, gastronomy, arts and folk traditions\" \/>\n<meta property=\"og:url\" content=\"https:\/\/la-toussuire.com\/en\/discover-la-toussuire\/discover-our-mountain-heritage\/\" \/>\n<meta property=\"og:site_name\" content=\"La Toussuire\" \/>\n<meta property=\"article:modified_time\" content=\"2024-09-05T09:45:20+00:00\" \/>\n<meta property=\"og:image\" content=\"https:\/\/la-toussuire.com\/wp-content\/uploads\/OTToussuire_Decouverte_Patrimoine_Montagne_Presentation\u00a9AgenceZoom@La_Toussuire.jpg\" \/>\n\t<meta property=\"og:image:width\" content=\"1024\" \/>\n\t<meta property=\"og:image:height\" content=\"409\" \/>\n\t<meta property=\"og:image:type\" content=\"image\/jpeg\" \/>\n<meta name=\"twitter:card\" content=\"summary_large_image\" \/>\n<meta name=\"twitter:label1\" content=\"Est. reading time\" \/>\n\t<meta name=\"twitter:data1\" content=\"3 minutes\" \/>\n<script type=\"application\/ld+json\" class=\"yoast-schema-graph\">{\"@context\":\"https:\/\/schema.org\",\"@graph\":[{\"@type\":\"WebPage\",\"@id\":\"https:\/\/la-toussuire.com\/en\/discover-la-toussuire\/discover-our-mountain-heritage\/\",\"url\":\"https:\/\/la-toussuire.com\/en\/discover-la-toussuire\/discover-our-mountain-heritage\/\",\"name\":\"Our mountain heritage - La Toussuire\",\"isPartOf\":{\"@id\":\"https:\/\/la-toussuire.com\/en\/#website\"},\"primaryImageOfPage\":{\"@id\":\"https:\/\/la-toussuire.com\/en\/discover-la-toussuire\/discover-our-mountain-heritage\/#primaryimage\"},\"image\":{\"@id\":\"https:\/\/la-toussuire.com\/en\/discover-la-toussuire\/discover-our-mountain-heritage\/#primaryimage\"},\"thumbnailUrl\":\"https:\/\/la-toussuire.com\/wp-content\/uploads\/OTToussuire_Decouverte_Patrimoine_Montagne_Presentation\u00a9AgenceZoom@La_Toussuire.jpg\",\"datePublished\":\"2022-08-09T10:02:53+00:00\",\"dateModified\":\"2024-09-05T09:45:20+00:00\",\"description\":\"The La Toussuire heritage is diverse: architecture, baroque churches and chapels, landscape, gastronomy, arts and folk traditions\",\"breadcrumb\":{\"@id\":\"https:\/\/la-toussuire.com\/en\/discover-la-toussuire\/discover-our-mountain-heritage\/#breadcrumb\"},\"inLanguage\":\"en-US\",\"potentialAction\":[{\"@type\":\"ReadAction\",\"target\":[\"https:\/\/la-toussuire.com\/en\/discover-la-toussuire\/discover-our-mountain-heritage\/\"]}]},{\"@type\":\"ImageObject\",\"inLanguage\":\"en-US\",\"@id\":\"https:\/\/la-toussuire.com\/en\/discover-la-toussuire\/discover-our-mountain-heritage\/#primaryimage\",\"url\":\"https:\/\/la-toussuire.com\/wp-content\/uploads\/OTToussuire_Decouverte_Patrimoine_Montagne_Presentation\u00a9AgenceZoom@La_Toussuire.jpg\",\"contentUrl\":\"https:\/\/la-toussuire.com\/wp-content\/uploads\/OTToussuire_Decouverte_Patrimoine_Montagne_Presentation\u00a9AgenceZoom@La_Toussuire.jpg\",\"width\":1024,\"height\":409,\"caption\":\"Church of Fontcouverte\"},{\"@type\":\"BreadcrumbList\",\"@id\":\"https:\/\/la-toussuire.com\/en\/discover-la-toussuire\/discover-our-mountain-heritage\/#breadcrumb\",\"itemListElement\":[{\"@type\":\"ListItem\",\"position\":1,\"name\":\"Home\",\"item\":\"https:\/\/la-toussuire.com\/en\/\"},{\"@type\":\"ListItem\",\"position\":2,\"name\":\"I&rsquo;m exploring\",\"item\":\"https:\/\/la-toussuire.com\/en\/discover-la-toussuire\/\"},{\"@type\":\"ListItem\",\"position\":3,\"name\":\"Our mountain heritage\"}]},{\"@type\":\"WebSite\",\"@id\":\"https:\/\/la-toussuire.com\/en\/#website\",\"url\":\"https:\/\/la-toussuire.com\/en\/\",\"name\":\"La Toussuire\",\"description\":\"\",\"publisher\":{\"@id\":\"https:\/\/la-toussuire.com\/en\/#organization\"},\"potentialAction\":[{\"@type\":\"SearchAction\",\"target\":{\"@type\":\"EntryPoint\",\"urlTemplate\":\"https:\/\/la-toussuire.com\/en\/?s={search_term_string}\"},\"query-input\":{\"@type\":\"PropertyValueSpecification\",\"valueRequired\":true,\"valueName\":\"search_term_string\"}}],\"inLanguage\":\"en-US\"},{\"@type\":\"Organization\",\"@id\":\"https:\/\/la-toussuire.com\/en\/#organization\",\"name\":\"La Toussuire\",\"url\":\"https:\/\/la-toussuire.com\/en\/\",\"logo\":{\"@type\":\"ImageObject\",\"inLanguage\":\"en-US\",\"@id\":\"https:\/\/la-toussuire.com\/en\/#\/schema\/logo\/image\/\",\"url\":\"https:\/\/la-toussuire.com\/wp-content\/uploads\/LA-TOUSSUIRE_Logo_ALT.png\",\"contentUrl\":\"https:\/\/la-toussuire.com\/wp-content\/uploads\/LA-TOUSSUIRE_Logo_ALT.png\",\"width\":557,\"height\":325,\"caption\":\"La Toussuire\"},\"image\":{\"@id\":\"https:\/\/la-toussuire.com\/en\/#\/schema\/logo\/image\/\"}}]}<\/script>\n<!-- \/ Yoast SEO plugin. -->","yoast_head_json":{"title":"Our mountain heritage - La Toussuire","description":"The La Toussuire heritage is diverse: architecture, baroque churches and chapels, landscape, gastronomy, arts and folk traditions","robots":{"index":"index","follow":"follow","max-snippet":"max-snippet:-1","max-image-preview":"max-image-preview:large","max-video-preview":"max-video-preview:-1"},"canonical":"https:\/\/la-toussuire.com\/en\/discover-la-toussuire\/discover-our-mountain-heritage\/","og_locale":"en_US","og_type":"article","og_title":"Our mountain heritage - La Toussuire","og_description":"The La Toussuire heritage is diverse: architecture, baroque churches and chapels, landscape, gastronomy, arts and folk traditions","og_url":"https:\/\/la-toussuire.com\/en\/discover-la-toussuire\/discover-our-mountain-heritage\/","og_site_name":"La Toussuire","article_modified_time":"2024-09-05T09:45:20+00:00","og_image":[{"width":1024,"height":409,"url":"https:\/\/la-toussuire.com\/wp-content\/uploads\/OTToussuire_Decouverte_Patrimoine_Montagne_Presentation\u00a9AgenceZoom@La_Toussuire.jpg","type":"image\/jpeg"}],"twitter_card":"summary_large_image","twitter_misc":{"Est. reading time":"3 minutes"},"schema":{"@context":"https:\/\/schema.org","@graph":[{"@type":"WebPage","@id":"https:\/\/la-toussuire.com\/en\/discover-la-toussuire\/discover-our-mountain-heritage\/","url":"https:\/\/la-toussuire.com\/en\/discover-la-toussuire\/discover-our-mountain-heritage\/","name":"Our mountain heritage - La Toussuire","isPartOf":{"@id":"https:\/\/la-toussuire.com\/en\/#website"},"primaryImageOfPage":{"@id":"https:\/\/la-toussuire.com\/en\/discover-la-toussuire\/discover-our-mountain-heritage\/#primaryimage"},"image":{"@id":"https:\/\/la-toussuire.com\/en\/discover-la-toussuire\/discover-our-mountain-heritage\/#primaryimage"},"thumbnailUrl":"https:\/\/la-toussuire.com\/wp-content\/uploads\/OTToussuire_Decouverte_Patrimoine_Montagne_Presentation\u00a9AgenceZoom@La_Toussuire.jpg","datePublished":"2022-08-09T10:02:53+00:00","dateModified":"2024-09-05T09:45:20+00:00","description":"The La Toussuire heritage is diverse: architecture, baroque churches and chapels, landscape, gastronomy, arts and folk traditions","breadcrumb":{"@id":"https:\/\/la-toussuire.com\/en\/discover-la-toussuire\/discover-our-mountain-heritage\/#breadcrumb"},"inLanguage":"en-US","potentialAction":[{"@type":"ReadAction","target":["https:\/\/la-toussuire.com\/en\/discover-la-toussuire\/discover-our-mountain-heritage\/"]}]},{"@type":"ImageObject","inLanguage":"en-US","@id":"https:\/\/la-toussuire.com\/en\/discover-la-toussuire\/discover-our-mountain-heritage\/#primaryimage","url":"https:\/\/la-toussuire.com\/wp-content\/uploads\/OTToussuire_Decouverte_Patrimoine_Montagne_Presentation\u00a9AgenceZoom@La_Toussuire.jpg","contentUrl":"https:\/\/la-toussuire.com\/wp-content\/uploads\/OTToussuire_Decouverte_Patrimoine_Montagne_Presentation\u00a9AgenceZoom@La_Toussuire.jpg","width":1024,"height":409,"caption":"Church of Fontcouverte"},{"@type":"BreadcrumbList","@id":"https:\/\/la-toussuire.com\/en\/discover-la-toussuire\/discover-our-mountain-heritage\/#breadcrumb","itemListElement":[{"@type":"ListItem","position":1,"name":"Home","item":"https:\/\/la-toussuire.com\/en\/"},{"@type":"ListItem","position":2,"name":"I&rsquo;m exploring","item":"https:\/\/la-toussuire.com\/en\/discover-la-toussuire\/"},{"@type":"ListItem","position":3,"name":"Our mountain heritage"}]},{"@type":"WebSite","@id":"https:\/\/la-toussuire.com\/en\/#website","url":"https:\/\/la-toussuire.com\/en\/","name":"La Toussuire","description":"","publisher":{"@id":"https:\/\/la-toussuire.com\/en\/#organization"},"potentialAction":[{"@type":"SearchAction","target":{"@type":"EntryPoint","urlTemplate":"https:\/\/la-toussuire.com\/en\/?s={search_term_string}"},"query-input":{"@type":"PropertyValueSpecification","valueRequired":true,"valueName":"search_term_string"}}],"inLanguage":"en-US"},{"@type":"Organization","@id":"https:\/\/la-toussuire.com\/en\/#organization","name":"La Toussuire","url":"https:\/\/la-toussuire.com\/en\/","logo":{"@type":"ImageObject","inLanguage":"en-US","@id":"https:\/\/la-toussuire.com\/en\/#\/schema\/logo\/image\/","url":"https:\/\/la-toussuire.com\/wp-content\/uploads\/LA-TOUSSUIRE_Logo_ALT.png","contentUrl":"https:\/\/la-toussuire.com\/wp-content\/uploads\/LA-TOUSSUIRE_Logo_ALT.png","width":557,"height":325,"caption":"La Toussuire"},"image":{"@id":"https:\/\/la-toussuire.com\/en\/#\/schema\/logo\/image\/"}}]}},"_links":{"self":[{"href":"https:\/\/la-toussuire.com\/en\/wp-json\/wp\/v2\/pages\/10275","targetHints":{"allow":["GET"]}}],"collection":[{"href":"https:\/\/la-toussuire.com\/en\/wp-json\/wp\/v2\/pages"}],"about":[{"href":"https:\/\/la-toussuire.com\/en\/wp-json\/wp\/v2\/types\/page"}],"author":[{"embeddable":true,"href":"https:\/\/la-toussuire.com\/en\/wp-json\/wp\/v2\/users\/1"}],"replies":[{"embeddable":true,"href":"https:\/\/la-toussuire.com\/en\/wp-json\/wp\/v2\/comments?post=10275"}],"version-history":[{"count":4,"href":"https:\/\/la-toussuire.com\/en\/wp-json\/wp\/v2\/pages\/10275\/revisions"}],"predecessor-version":[{"id":33606,"href":"https:\/\/la-toussuire.com\/en\/wp-json\/wp\/v2\/pages\/10275\/revisions\/33606"}],"up":[{"embeddable":true,"href":"https:\/\/la-toussuire.com\/en\/wp-json\/wp\/v2\/pages\/5852"}],"wp:featuredmedia":[{"embeddable":true,"href":"https:\/\/la-toussuire.com\/en\/wp-json\/wp\/v2\/media\/7749"}],"wp:attachment":[{"href":"https:\/\/la-toussuire.com\/en\/wp-json\/wp\/v2\/media?parent=10275"}],"curies":[{"name":"wp","href":"https:\/\/api.w.org\/{rel}","templated":true}]}}