{"id":10268,"date":"2022-08-09T11:16:35","date_gmt":"2022-08-09T09:16:35","guid":{"rendered":"https:\/\/la-toussuire.com\/discover-la-toussuire\/a-sustainable-future-for-la-toussuire\/"},"modified":"2026-02-23T15:28:31","modified_gmt":"2026-02-23T14:28:31","slug":"a-sustainable-future-for-la-toussuire","status":"publish","type":"page","link":"https:\/\/la-toussuire.com\/en\/discover-la-toussuire\/a-sustainable-future-for-la-toussuire\/","title":{"rendered":"Our planet"},"content":{"rendered":"<div class=\"block block-core-heading\">\n<h2 class=\"wp-block-heading has-text-align-center\">Because we care about our environment<\/h2>\n<\/div><div class=\"block block-core-paragraph\">\n<p class=\"has-text-align-center\">We have lived for many generations in the heart of nature, so we know it well. Having learned to live with the specifics of our mountain environment, we are in harmony with them every day, whatever the season.<em> Since nature is all around us, we are committed to its preservation ?<\/em><\/p>\n<\/div><div class=\"block block-core-paragraph\">\n<p class=\"has-text-align-center\">We all know how important the <strong>challenges of sustainable development and a sustainable future<\/strong> are to you, to us and to the planet. Therefore, we work every day so that our actions are in harmony with these principles.<\/p>\n<\/div><div class=\"block block-core-heading\">\n<h2 class=\"wp-block-heading has-text-align-center\">The La Toussuire Tourist Office is committed! <\/h2>\n<\/div><div class=\"block block-pdf-viewer-block-standard\">\n<div class=\"wp-block-pdf-viewer-block-standard\" style=\"text-align:left\"><div class=\"uploaded-pdf\"><a href=\"https:\/\/la-toussuire.com\/wp-content\/uploads\/Hiver-FR.pdf\" data-width=\"\" data-height=\"\"><\/a><\/div><\/div>\n<\/div><div class=\"block block-core-heading\">\n<h2 class=\"wp-block-heading has-text-align-center\">Waste collection<\/h2>\n<\/div><div class=\"block block-core-paragraph\">\n<p class=\"has-text-align-center\">Chaque ann\u00e9e, l&#8217;Office de Tourisme de La Toussuire organise une journ\u00e9e de ramassage des d\u00e9chets apr\u00e8s la saison hivernale. Accompagn\u00e9e des deux \u00e9coles de ski : ESF et ESI, des remont\u00e9es ainsi que de nombreux b\u00e9n\u00e9voles pour que nos belles montagnes restent propres.  <\/p>\n<\/div><div class=\"block block-pdf-viewer-block-standard\">\n<div class=\"wp-block-pdf-viewer-block-standard\" style=\"text-align:left\"><div class=\"uploaded-pdf\"><a href=\"https:\/\/la-toussuire.com\/wp-content\/uploads\/2025-05-24-Bilan-Ramassage-La-Toussuire_web.pdf\" data-width=\"\" data-height=\"\"><\/a><\/div><\/div>\n<\/div><div class=\"block block-core-media-text align-wrap align-wrap-wide\">\n<div class=\"wp-block-media-text alignwide\" style=\"grid-template-columns:33% auto\"><figure class=\"wp-block-media-text__media\"><img loading=\"lazy\" decoding=\"async\" width=\"1024\" height=\"1024\" src=\"https:\/\/la-toussuire.com\/wp-content\/uploads\/\/OTToussuire_Avenir_Durable_Challenge_Zero\u00a9OTToussuire@La_Toussuire-1024x1024.png\" alt=\"Zero Co2 challenge logo\" class=\"wp-image-7808 size-full\" srcset=\"https:\/\/la-toussuire.com\/wp-content\/uploads\/OTToussuire_Avenir_Durable_Challenge_Zero\u00a9OTToussuire@La_Toussuire.png 1024w, https:\/\/la-toussuire.com\/wp-content\/uploads\/OTToussuire_Avenir_Durable_Challenge_Zero\u00a9OTToussuire@La_Toussuire-300x300.png 300w, https:\/\/la-toussuire.com\/wp-content\/uploads\/OTToussuire_Avenir_Durable_Challenge_Zero\u00a9OTToussuire@La_Toussuire-150x150.png 150w, https:\/\/la-toussuire.com\/wp-content\/uploads\/OTToussuire_Avenir_Durable_Challenge_Zero\u00a9OTToussuire@La_Toussuire-768x768.png 768w\" sizes=\"auto, (max-width: 1024px) 100vw, 1024px\" \/><\/figure><div class=\"wp-block-media-text__content\"><div class=\"block block-core-heading\">\n<h2 class=\"wp-block-heading has-text-align-center\" id=\"le-challenge-zero-co&#xB2;-du-domaine-des-sybelles\">The Sybelles skiing area Zero CO\u00b2 challenge.<\/h2>\n<\/div>\n\n<div class=\"block block-core-paragraph\">\n<p class=\"has-text-align-center\">Aware of the major challenges of climate change, Sybelles\u00ae skiing area puts the environment at the heart of its planning strategy, to move towards responsible, sustainable tourism. Our goal : 0 carbon in 2037.<\/p>\n<\/div><\/div><\/div>\n<\/div><div class=\"block block-pdf-viewer-block-standard\">\n<div class=\"wp-block-pdf-viewer-block-standard\" style=\"text-align:left\"><div class=\"uploaded-pdf\"><a href=\"https:\/\/la-toussuire.com\/wp-content\/uploads\/infographie-challenge-zero-co2-1.pdf\" data-width=\"\" data-height=\"\"><\/a><\/div><\/div>\n<\/div><div class=\"block block-core-media-text align-wrap align-wrap-wide\">\n<div class=\"wp-block-media-text alignwide has-media-on-the-right is-stacked-on-mobile\"><div class=\"wp-block-media-text__content\"><div class=\"block block-core-heading\">\n<h2 class=\"wp-block-heading has-text-align-center\" id=\"les-sapins-de-noel\">Christmas trees<\/h2>\n<\/div>\n\n<div class=\"block block-core-paragraph\">\n<p class=\"has-text-align-center\">There is no small gesture when it comes to protecting the environment and safeguarding the planet. Every year, as Christmas approaches and the resort opens, potted Christmas trees to be replanted in the spring are provided to all retailers in the resort.  They are decorated with solar-powered tinsel.<\/p>\n<\/div><\/div><figure class=\"wp-block-media-text__media\"><img loading=\"lazy\" decoding=\"async\" width=\"960\" height=\"649\" src=\"https:\/\/la-toussuire.com\/wp-content\/uploads\/OTToussuire_Avenir_Durable_Plantation_Sapins\u00a9OTToussuire@La_Toussuire.jpg\" alt=\"Photo prise en journ\u00e9e de printemps. nous pouvons voir des employ\u00e9s communaux avec le maire de la Toussuire ainsi qu'un \u00e9lu en train de planter des sapins pr\u00e8s de la Pumptrack\" class=\"wp-image-7817 size-full\" srcset=\"https:\/\/la-toussuire.com\/wp-content\/uploads\/OTToussuire_Avenir_Durable_Plantation_Sapins\u00a9OTToussuire@La_Toussuire.jpg 960w, https:\/\/la-toussuire.com\/wp-content\/uploads\/OTToussuire_Avenir_Durable_Plantation_Sapins\u00a9OTToussuire@La_Toussuire-300x203.jpg 300w, https:\/\/la-toussuire.com\/wp-content\/uploads\/OTToussuire_Avenir_Durable_Plantation_Sapins\u00a9OTToussuire@La_Toussuire-150x101.jpg 150w, https:\/\/la-toussuire.com\/wp-content\/uploads\/OTToussuire_Avenir_Durable_Plantation_Sapins\u00a9OTToussuire@La_Toussuire-768x519.jpg 768w\" sizes=\"auto, (max-width: 960px) 100vw, 960px\" \/><\/figure><\/div>\n<\/div><div class=\"block block-core-media-text align-wrap align-wrap-wide\">\n<div class=\"wp-block-media-text alignwide is-stacked-on-mobile\"><figure class=\"wp-block-media-text__media\"><img loading=\"lazy\" decoding=\"async\" width=\"906\" height=\"600\" src=\"https:\/\/la-toussuire.com\/wp-content\/uploads\/Borne-de-recharge.png\" alt=\"\" class=\"wp-image-27054 size-full\" srcset=\"https:\/\/la-toussuire.com\/wp-content\/uploads\/Borne-de-recharge.png 906w, https:\/\/la-toussuire.com\/wp-content\/uploads\/Borne-de-recharge-300x199.png 300w, https:\/\/la-toussuire.com\/wp-content\/uploads\/Borne-de-recharge-150x99.png 150w, https:\/\/la-toussuire.com\/wp-content\/uploads\/Borne-de-recharge-768x509.png 768w\" sizes=\"auto, (max-width: 906px) 100vw, 906px\" \/><\/figure><div class=\"wp-block-media-text__content\"><div class=\"block block-core-heading\">\n<h2 class=\"wp-block-heading has-text-align-center\">Charging station <\/h2>\n<\/div>\n\n<div class=\"block block-core-paragraph\">\n<p class=\"has-text-align-center\">In La Toussuire you can find several places to recharge your hybrid or plug-in vehicle:<\/p>\n<\/div>\n\n<div class=\"block block-core-paragraph\">\n<p class=\"has-text-align-center\">&#8211; <strong>Rue des Fondeurs<\/strong> behind the <strong>Le Perce Neige building<\/strong><\/p>\n<\/div>\n\n<div class=\"block block-core-paragraph\">\n<p class=\"has-text-align-center\"><strong>&#8211; Hotel \/ Restaurant Les Soldanelles <\/strong><\/p>\n<\/div>\n\n<div class=\"block block-core-paragraph\">\n<p class=\"has-text-align-center\">&#8211; <strong>R\u00e9sidence CGH Alpaga<\/strong><\/p>\n<\/div>\n\n<div class=\"block block-core-buttons\">\n<div class=\"wp-block-buttons is-content-justification-center is-layout-flex wp-container-core-buttons-is-layout-16018d1d wp-block-buttons-is-layout-flex\"><div class=\"block block-core-button\">\n<div class=\"wp-block-button\"><a class=\"wp-block-button__link wp-element-button\" href=\"https:\/\/www.calameo.com\/read\/007034955d7958702cce1\">Download the terminal map<\/a><\/div>\n<\/div><\/div>\n<\/div><\/div><\/div>\n<\/div><div class=\"block block-core-media-text\">\n<div class=\"wp-block-media-text has-media-on-the-right is-stacked-on-mobile\"><div class=\"wp-block-media-text__content\"><div class=\"block block-core-heading\">\n<h2 class=\"wp-block-heading has-text-align-center\">Comprehensive Renovation Program for Co-ownerships<\/h2>\n<\/div>\n\n<div class=\"block block-core-paragraph\">\n<p class=\"has-text-align-center\"><em>A program initiated by Atout France, which &#8220;aims to accelerate the overall renovation of leisure real estate (and more specifically traditional co-ownerships and tourist residences) in mountain resorts in order, on the one hand, to perpetuate the commercial attractiveness and tourist performance of the accommodations and, on the other hand, to actively contribute to the transition of resorts towards a more sustainable model.&#8221;<\/em><\/p>\n<\/div>\n\n<div class=\"block block-core-buttons\">\n<div class=\"wp-block-buttons is-content-justification-center is-layout-flex wp-container-core-buttons-is-layout-16018d1d wp-block-buttons-is-layout-flex\"><div class=\"block block-core-button\">\n<div class=\"wp-block-button\"><a class=\"wp-block-button__link wp-element-button\" href=\"https:\/\/la-toussuire.com\/en\/comprehensive-renovation-program-for-co-ownerships\/\">Find out more <\/a><\/div>\n<\/div><\/div>\n<\/div><\/div><figure class=\"wp-block-media-text__media\"><img loading=\"lazy\" decoding=\"async\" width=\"970\" height=\"898\" src=\"https:\/\/la-toussuire.com\/wp-content\/uploads\/dernier-vertical.jpeg\" alt=\"Second Souffle logo\" class=\"wp-image-36536 size-full\" srcset=\"https:\/\/la-toussuire.com\/wp-content\/uploads\/dernier-vertical.jpeg 970w, https:\/\/la-toussuire.com\/wp-content\/uploads\/dernier-vertical-300x278.jpeg 300w, https:\/\/la-toussuire.com\/wp-content\/uploads\/dernier-vertical-150x139.jpeg 150w, https:\/\/la-toussuire.com\/wp-content\/uploads\/dernier-vertical-768x711.jpeg 768w\" sizes=\"auto, (max-width: 970px) 100vw, 970px\" \/><\/figure><\/div>\n<\/div>","protected":false},"excerpt":{"rendered":"<p>Because we care about our environment We have lived for many generations in the heart of nature, so we know it well. Having learned to live with the specifics of our mountain environment, we are in harmony with them every day, whatever the season. Since nature is all around us, we are committed to its [&hellip;]<\/p>\n","protected":false},"author":2,"featured_media":32785,"parent":5852,"menu_order":9,"comment_status":"closed","ping_status":"closed","template":"page-template.php","meta":{"_acf_changed":false,"footnotes":""},"class_list":["post-10268","page","type-page","status-publish","has-post-thumbnail","hentry"],"acf":[],"yoast_head":"<!-- This site is optimized with the Yoast SEO plugin v27.1.1 - https:\/\/yoast.com\/product\/yoast-seo-wordpress\/ -->\n<title>Our planet - La Toussuire<\/title>\n<meta name=\"description\" content=\"Future, CO\u00b2, water, fir trees, sustainable development, nature, preservation, issues, planet, climate, responsible tourism\" \/>\n<meta name=\"robots\" content=\"index, follow, max-snippet:-1, max-image-preview:large, max-video-preview:-1\" \/>\n<link rel=\"canonical\" href=\"https:\/\/la-toussuire.com\/en\/discover-la-toussuire\/a-sustainable-future-for-la-toussuire\/\" \/>\n<meta property=\"og:locale\" content=\"en_US\" \/>\n<meta property=\"og:type\" content=\"article\" \/>\n<meta property=\"og:title\" content=\"Our planet - La Toussuire\" \/>\n<meta property=\"og:description\" content=\"Future, CO\u00b2, water, fir trees, sustainable development, nature, preservation, issues, planet, climate, responsible tourism\" \/>\n<meta property=\"og:url\" content=\"https:\/\/la-toussuire.com\/en\/discover-la-toussuire\/a-sustainable-future-for-la-toussuire\/\" \/>\n<meta property=\"og:site_name\" content=\"La Toussuire\" \/>\n<meta property=\"article:modified_time\" content=\"2026-02-23T14:28:31+00:00\" \/>\n<meta property=\"og:image\" content=\"https:\/\/la-toussuire.com\/wp-content\/uploads\/APernet-OTToussuire-web-210722-067.jpg\" \/>\n\t<meta property=\"og:image:width\" content=\"701\" \/>\n\t<meta property=\"og:image:height\" content=\"1050\" \/>\n\t<meta property=\"og:image:type\" content=\"image\/jpeg\" \/>\n<meta name=\"twitter:card\" content=\"summary_large_image\" \/>\n<meta name=\"twitter:label1\" content=\"Est. reading time\" \/>\n\t<meta name=\"twitter:data1\" content=\"2 minutes\" \/>\n<script type=\"application\/ld+json\" class=\"yoast-schema-graph\">{\"@context\":\"https:\/\/schema.org\",\"@graph\":[{\"@type\":\"WebPage\",\"@id\":\"https:\/\/la-toussuire.com\/en\/discover-la-toussuire\/a-sustainable-future-for-la-toussuire\/\",\"url\":\"https:\/\/la-toussuire.com\/en\/discover-la-toussuire\/a-sustainable-future-for-la-toussuire\/\",\"name\":\"Our planet - La Toussuire\",\"isPartOf\":{\"@id\":\"https:\/\/la-toussuire.com\/en\/#website\"},\"primaryImageOfPage\":{\"@id\":\"https:\/\/la-toussuire.com\/en\/discover-la-toussuire\/a-sustainable-future-for-la-toussuire\/#primaryimage\"},\"image\":{\"@id\":\"https:\/\/la-toussuire.com\/en\/discover-la-toussuire\/a-sustainable-future-for-la-toussuire\/#primaryimage\"},\"thumbnailUrl\":\"https:\/\/la-toussuire.com\/wp-content\/uploads\/APernet-OTToussuire-web-210722-067.jpg\",\"datePublished\":\"2022-08-09T09:16:35+00:00\",\"dateModified\":\"2026-02-23T14:28:31+00:00\",\"description\":\"Future, CO\u00b2, water, fir trees, sustainable development, nature, preservation, issues, planet, climate, responsible tourism\",\"breadcrumb\":{\"@id\":\"https:\/\/la-toussuire.com\/en\/discover-la-toussuire\/a-sustainable-future-for-la-toussuire\/#breadcrumb\"},\"inLanguage\":\"en-US\",\"potentialAction\":[{\"@type\":\"ReadAction\",\"target\":[\"https:\/\/la-toussuire.com\/en\/discover-la-toussuire\/a-sustainable-future-for-la-toussuire\/\"]}]},{\"@type\":\"ImageObject\",\"inLanguage\":\"en-US\",\"@id\":\"https:\/\/la-toussuire.com\/en\/discover-la-toussuire\/a-sustainable-future-for-la-toussuire\/#primaryimage\",\"url\":\"https:\/\/la-toussuire.com\/wp-content\/uploads\/APernet-OTToussuire-web-210722-067.jpg\",\"contentUrl\":\"https:\/\/la-toussuire.com\/wp-content\/uploads\/APernet-OTToussuire-web-210722-067.jpg\",\"width\":701,\"height\":1050,\"caption\":\"OT La Toussuire - ete 2022 - Activit\u00e9s famille\"},{\"@type\":\"BreadcrumbList\",\"@id\":\"https:\/\/la-toussuire.com\/en\/discover-la-toussuire\/a-sustainable-future-for-la-toussuire\/#breadcrumb\",\"itemListElement\":[{\"@type\":\"ListItem\",\"position\":1,\"name\":\"Home\",\"item\":\"https:\/\/la-toussuire.com\/en\/\"},{\"@type\":\"ListItem\",\"position\":2,\"name\":\"I&#8217;m exploring\",\"item\":\"https:\/\/la-toussuire.com\/en\/discover-la-toussuire\/\"},{\"@type\":\"ListItem\",\"position\":3,\"name\":\"Our planet\"}]},{\"@type\":\"WebSite\",\"@id\":\"https:\/\/la-toussuire.com\/en\/#website\",\"url\":\"https:\/\/la-toussuire.com\/en\/\",\"name\":\"La Toussuire\",\"description\":\"\",\"publisher\":{\"@id\":\"https:\/\/la-toussuire.com\/en\/#organization\"},\"potentialAction\":[{\"@type\":\"SearchAction\",\"target\":{\"@type\":\"EntryPoint\",\"urlTemplate\":\"https:\/\/la-toussuire.com\/en\/?s={search_term_string}\"},\"query-input\":{\"@type\":\"PropertyValueSpecification\",\"valueRequired\":true,\"valueName\":\"search_term_string\"}}],\"inLanguage\":\"en-US\"},{\"@type\":\"Organization\",\"@id\":\"https:\/\/la-toussuire.com\/en\/#organization\",\"name\":\"La Toussuire\",\"url\":\"https:\/\/la-toussuire.com\/en\/\",\"logo\":{\"@type\":\"ImageObject\",\"inLanguage\":\"en-US\",\"@id\":\"https:\/\/la-toussuire.com\/en\/#\/schema\/logo\/image\/\",\"url\":\"https:\/\/la-toussuire.com\/wp-content\/uploads\/cropped-Nouveau-LA-TOUSSUIRE_Logo_Plan-de-travail-1-02.png\",\"contentUrl\":\"https:\/\/la-toussuire.com\/wp-content\/uploads\/cropped-Nouveau-LA-TOUSSUIRE_Logo_Plan-de-travail-1-02.png\",\"width\":591,\"height\":591,\"caption\":\"La Toussuire\"},\"image\":{\"@id\":\"https:\/\/la-toussuire.com\/en\/#\/schema\/logo\/image\/\"}}]}<\/script>\n<!-- \/ Yoast SEO plugin. -->","yoast_head_json":{"title":"Our planet - La Toussuire","description":"Future, CO\u00b2, water, fir trees, sustainable development, nature, preservation, issues, planet, climate, responsible tourism","robots":{"index":"index","follow":"follow","max-snippet":"max-snippet:-1","max-image-preview":"max-image-preview:large","max-video-preview":"max-video-preview:-1"},"canonical":"https:\/\/la-toussuire.com\/en\/discover-la-toussuire\/a-sustainable-future-for-la-toussuire\/","og_locale":"en_US","og_type":"article","og_title":"Our planet - La Toussuire","og_description":"Future, CO\u00b2, water, fir trees, sustainable development, nature, preservation, issues, planet, climate, responsible tourism","og_url":"https:\/\/la-toussuire.com\/en\/discover-la-toussuire\/a-sustainable-future-for-la-toussuire\/","og_site_name":"La Toussuire","article_modified_time":"2026-02-23T14:28:31+00:00","og_image":[{"width":701,"height":1050,"url":"https:\/\/la-toussuire.com\/wp-content\/uploads\/APernet-OTToussuire-web-210722-067.jpg","type":"image\/jpeg"}],"twitter_card":"summary_large_image","twitter_misc":{"Est. reading time":"2 minutes"},"schema":{"@context":"https:\/\/schema.org","@graph":[{"@type":"WebPage","@id":"https:\/\/la-toussuire.com\/en\/discover-la-toussuire\/a-sustainable-future-for-la-toussuire\/","url":"https:\/\/la-toussuire.com\/en\/discover-la-toussuire\/a-sustainable-future-for-la-toussuire\/","name":"Our planet - La Toussuire","isPartOf":{"@id":"https:\/\/la-toussuire.com\/en\/#website"},"primaryImageOfPage":{"@id":"https:\/\/la-toussuire.com\/en\/discover-la-toussuire\/a-sustainable-future-for-la-toussuire\/#primaryimage"},"image":{"@id":"https:\/\/la-toussuire.com\/en\/discover-la-toussuire\/a-sustainable-future-for-la-toussuire\/#primaryimage"},"thumbnailUrl":"https:\/\/la-toussuire.com\/wp-content\/uploads\/APernet-OTToussuire-web-210722-067.jpg","datePublished":"2022-08-09T09:16:35+00:00","dateModified":"2026-02-23T14:28:31+00:00","description":"Future, CO\u00b2, water, fir trees, sustainable development, nature, preservation, issues, planet, climate, responsible tourism","breadcrumb":{"@id":"https:\/\/la-toussuire.com\/en\/discover-la-toussuire\/a-sustainable-future-for-la-toussuire\/#breadcrumb"},"inLanguage":"en-US","potentialAction":[{"@type":"ReadAction","target":["https:\/\/la-toussuire.com\/en\/discover-la-toussuire\/a-sustainable-future-for-la-toussuire\/"]}]},{"@type":"ImageObject","inLanguage":"en-US","@id":"https:\/\/la-toussuire.com\/en\/discover-la-toussuire\/a-sustainable-future-for-la-toussuire\/#primaryimage","url":"https:\/\/la-toussuire.com\/wp-content\/uploads\/APernet-OTToussuire-web-210722-067.jpg","contentUrl":"https:\/\/la-toussuire.com\/wp-content\/uploads\/APernet-OTToussuire-web-210722-067.jpg","width":701,"height":1050,"caption":"OT La Toussuire - ete 2022 - Activit\u00e9s famille"},{"@type":"BreadcrumbList","@id":"https:\/\/la-toussuire.com\/en\/discover-la-toussuire\/a-sustainable-future-for-la-toussuire\/#breadcrumb","itemListElement":[{"@type":"ListItem","position":1,"name":"Home","item":"https:\/\/la-toussuire.com\/en\/"},{"@type":"ListItem","position":2,"name":"I&#8217;m exploring","item":"https:\/\/la-toussuire.com\/en\/discover-la-toussuire\/"},{"@type":"ListItem","position":3,"name":"Our planet"}]},{"@type":"WebSite","@id":"https:\/\/la-toussuire.com\/en\/#website","url":"https:\/\/la-toussuire.com\/en\/","name":"La Toussuire","description":"","publisher":{"@id":"https:\/\/la-toussuire.com\/en\/#organization"},"potentialAction":[{"@type":"SearchAction","target":{"@type":"EntryPoint","urlTemplate":"https:\/\/la-toussuire.com\/en\/?s={search_term_string}"},"query-input":{"@type":"PropertyValueSpecification","valueRequired":true,"valueName":"search_term_string"}}],"inLanguage":"en-US"},{"@type":"Organization","@id":"https:\/\/la-toussuire.com\/en\/#organization","name":"La Toussuire","url":"https:\/\/la-toussuire.com\/en\/","logo":{"@type":"ImageObject","inLanguage":"en-US","@id":"https:\/\/la-toussuire.com\/en\/#\/schema\/logo\/image\/","url":"https:\/\/la-toussuire.com\/wp-content\/uploads\/cropped-Nouveau-LA-TOUSSUIRE_Logo_Plan-de-travail-1-02.png","contentUrl":"https:\/\/la-toussuire.com\/wp-content\/uploads\/cropped-Nouveau-LA-TOUSSUIRE_Logo_Plan-de-travail-1-02.png","width":591,"height":591,"caption":"La Toussuire"},"image":{"@id":"https:\/\/la-toussuire.com\/en\/#\/schema\/logo\/image\/"}}]}},"_links":{"self":[{"href":"https:\/\/la-toussuire.com\/en\/wp-json\/wp\/v2\/pages\/10268","targetHints":{"allow":["GET"]}}],"collection":[{"href":"https:\/\/la-toussuire.com\/en\/wp-json\/wp\/v2\/pages"}],"about":[{"href":"https:\/\/la-toussuire.com\/en\/wp-json\/wp\/v2\/types\/page"}],"author":[{"embeddable":true,"href":"https:\/\/la-toussuire.com\/en\/wp-json\/wp\/v2\/users\/2"}],"replies":[{"embeddable":true,"href":"https:\/\/la-toussuire.com\/en\/wp-json\/wp\/v2\/comments?post=10268"}],"version-history":[{"count":5,"href":"https:\/\/la-toussuire.com\/en\/wp-json\/wp\/v2\/pages\/10268\/revisions"}],"predecessor-version":[{"id":45082,"href":"https:\/\/la-toussuire.com\/en\/wp-json\/wp\/v2\/pages\/10268\/revisions\/45082"}],"up":[{"embeddable":true,"href":"https:\/\/la-toussuire.com\/en\/wp-json\/wp\/v2\/pages\/5852"}],"wp:featuredmedia":[{"embeddable":true,"href":"https:\/\/la-toussuire.com\/en\/wp-json\/wp\/v2\/media\/32785"}],"wp:attachment":[{"href":"https:\/\/la-toussuire.com\/en\/wp-json\/wp\/v2\/media?parent=10268"}],"curies":[{"name":"wp","href":"https:\/\/api.w.org\/{rel}","templated":true}]}}