{"id":10264,"date":"2022-08-08T17:01:30","date_gmt":"2022-08-08T15:01:30","guid":{"rendered":"https:\/\/la-toussuire.com\/discover-la-toussuire\/resort-champions\/"},"modified":"2025-05-12T09:48:30","modified_gmt":"2025-05-12T07:48:30","slug":"resort-champions","status":"publish","type":"page","link":"https:\/\/la-toussuire.com\/en\/discover-la-toussuire\/resort-champions\/","title":{"rendered":"Our champions"},"content":{"rendered":"<div class=\"block block-core-heading\">\n<h2 class=\"wp-block-heading has-text-align-center\">These athletes and winners are our ambassadors<\/h2>\n<\/div><div class=\"block block-core-paragraph\">\n<p class=\"has-text-align-center\">In the <strong>olden<\/strong>days, locals won competitions on simple planks. They <strong>trainedour<\/strong> champions, who in <strong>turn made<\/strong> the most of technical progress and <strong>became part<\/strong> of sports history. They blazed the trail and <strong>inspired<\/strong> the current generation, now performing at the highest level. In turn, today&#8217;s generation inspires the young to take up the mantle and impress their name upon history. A team spirit guides their steps. Sportsmanship is transmitted from generation to generation, and passion is communicated through the ages. <strong>With these champions, and thanks to them, the whole resort trains every day to win !<\/strong><\/p>\n<\/div><div class=\"block block-core-media-text align-wrap align-wrap-wide\">\n<div class=\"wp-block-media-text alignwide is-stacked-on-mobile is-image-fill\"><figure class=\"wp-block-media-text__media\" style=\"background-image:url(https:\/\/la-toussuire.com\/wp-content\/uploads\/OTToussuire_Champions_Historiques_Presentation\u00a9OTToussuire@La_Toussuire.jpg);background-position:50% 50%\"><img loading=\"lazy\" decoding=\"async\" width=\"1024\" height=\"457\" src=\"https:\/\/la-toussuire.com\/wp-content\/uploads\/OTToussuire_Champions_Historiques_Presentation\u00a9OTToussuire@La_Toussuire.jpg\" alt=\"Old black and white photo. Group of young skiers posing with their skis aligned\" class=\"wp-image-8342 size-full\" srcset=\"https:\/\/la-toussuire.com\/wp-content\/uploads\/OTToussuire_Champions_Historiques_Presentation\u00a9OTToussuire@La_Toussuire.jpg 1024w, https:\/\/la-toussuire.com\/wp-content\/uploads\/OTToussuire_Champions_Historiques_Presentation\u00a9OTToussuire@La_Toussuire-300x134.jpg 300w, https:\/\/la-toussuire.com\/wp-content\/uploads\/OTToussuire_Champions_Historiques_Presentation\u00a9OTToussuire@La_Toussuire-150x67.jpg 150w, https:\/\/la-toussuire.com\/wp-content\/uploads\/OTToussuire_Champions_Historiques_Presentation\u00a9OTToussuire@La_Toussuire-768x343.jpg 768w\" sizes=\"auto, (max-width: 1024px) 100vw, 1024px\" \/><\/figure><div class=\"wp-block-media-text__content\"><div class=\"block block-core-heading\">\n<h2 class=\"wp-block-heading has-text-align-center has-text-color has-link-color wp-elements-59c6e3e5306135ce366e1f6f2916aee6\" style=\"color:#fbba18\">Our elders, such as Collet or Augert, showed the way<\/h2>\n<\/div>\n\n<div class=\"block block-core-paragraph\">\n<p class=\"has-text-align-center\">Our historic champions led the way. It was not easy, at the time, to stand out and devote oneself to sports when people had to work to survive. Sponsorship did not exist and competitions had to be self-funded. Figures such as <strong>Collet<\/strong> and <strong>Augert<\/strong> remain in locals&#8217; memories. They are still part of our family, and we pay tribute to them with each victory.<\/p>\n<\/div>\n\n<div class=\"block block-core-buttons\">\n<div class=\"wp-block-buttons is-content-justification-center is-layout-flex wp-container-core-buttons-is-layout-16018d1d wp-block-buttons-is-layout-flex\"><div class=\"block block-core-button\">\n<div class=\"wp-block-button\"><a class=\"wp-block-button__link wp-element-button\" href=\"https:\/\/la-toussuire.com\/en\/discover-la-toussuire\/resort-champions\/our-historical-champions\/\">Our historical champions<\/a><\/div>\n<\/div><\/div>\n<\/div><\/div><\/div>\n<\/div><div class=\"block block-core-media-text align-wrap align-wrap-wide\">\n<div class=\"wp-block-media-text alignwide has-media-on-the-right is-stacked-on-mobile is-image-fill\"><div class=\"wp-block-media-text__content\"><div class=\"block block-core-heading\">\n<h2 class=\"wp-block-heading has-text-align-center has-text-color has-link-color wp-elements-8cfa8d2ea90f3eb0012b523ca260a14e\" style=\"color:#fbba18\">Our inspirational champions were dedicated to competing<\/h2>\n<\/div>\n\n<div class=\"block block-core-paragraph\">\n<p class=\"has-text-align-center\">They <strong>set<\/strong> their skis, the <strong>tracks<\/strong>, and the trails <strong>ablaze<\/strong>&#8230; And they were victorious. <strong>Skiing<\/strong>, <strong>cycling<\/strong>, <strong>trail running<\/strong>, nothing was ever enough, they always wanted to do better and do more. They wanted, and got, their share of medals. They led the way and today they inspire the following generations.<\/p>\n<\/div>\n\n<div class=\"block block-core-buttons\">\n<div class=\"wp-block-buttons is-content-justification-center is-layout-flex wp-container-core-buttons-is-layout-16018d1d wp-block-buttons-is-layout-flex\"><div class=\"block block-core-button\">\n<div class=\"wp-block-button\"><a class=\"wp-block-button__link wp-element-button\" href=\"https:\/\/la-toussuire.com\/en\/discover-la-toussuire\/resort-champions\/our-inspirational-champions\/\">Our inspirational champions<\/a><\/div>\n<\/div><\/div>\n<\/div><\/div><figure class=\"wp-block-media-text__media\" style=\"background-image:url(https:\/\/la-toussuire.com\/wp-content\/uploads\/OTToussuire_Champions_Inspiration_JeanPIerre_Vidal_Presentation\u00a9AgenceZoom_C.Bompard@La_Toussuire.jpg);background-position:41% 59%\"><img decoding=\"async\" src=\"https:\/\/la-toussuire.com\/wp-content\/uploads\/OTToussuire_Champions_Inspiration_JeanPIerre_Vidal_Presentation\u00a9AgenceZoom_C.Bompard@La_Toussuire.jpg\" alt=\"Photo prise sur les pistes de ski dam\u00e9e en journ\u00e9e. La photo est en contre plong\u00e9e avec Jean-Pierre Vidal comme sujet central en train de faire un virage carv\u00e9 pr\u00e8s de l'appareil photo\" class=\"wp-image-8282 size-full\"\/><\/figure><\/div>\n<\/div><div class=\"block block-core-media-text align-wrap align-wrap-wide\">\n<div class=\"wp-block-media-text alignwide is-stacked-on-mobile is-image-fill\"><figure class=\"wp-block-media-text__media\" style=\"background-image:url(https:\/\/la-toussuire.com\/wp-content\/uploads\/OTToussuire_Champions_Girl_Power_Galerie\u00a9CandiceBonnel@La_Toussuire.jpg);background-position:41% 38%\"><img loading=\"lazy\" decoding=\"async\" width=\"684\" height=\"912\" src=\"https:\/\/la-toussuire.com\/wp-content\/uploads\/OTToussuire_Champions_Girl_Power_Galerie\u00a9CandiceBonnel@La_Toussuire.jpg\" alt=\"Photo au format vertical prise en hiver avec nos sportifs f\u00e9minines en ski alpinisme. Nous pouvons voir nos quatre sportives en tenue de l'\u00e9quipe de France. De gauche \u00e0 droite : Lorna Bonnel, Candice Bonnel, L\u00e9na Bonnel et Laura Deplanche\" class=\"wp-image-8157 size-full\" srcset=\"https:\/\/la-toussuire.com\/wp-content\/uploads\/OTToussuire_Champions_Girl_Power_Galerie\u00a9CandiceBonnel@La_Toussuire.jpg 684w, https:\/\/la-toussuire.com\/wp-content\/uploads\/OTToussuire_Champions_Girl_Power_Galerie\u00a9CandiceBonnel@La_Toussuire-225x300.jpg 225w, https:\/\/la-toussuire.com\/wp-content\/uploads\/OTToussuire_Champions_Girl_Power_Galerie\u00a9CandiceBonnel@La_Toussuire-113x150.jpg 113w\" sizes=\"auto, (max-width: 684px) 100vw, 684px\" \/><\/figure><div class=\"wp-block-media-text__content\"><div class=\"block block-core-heading\">\n<h2 class=\"wp-block-heading has-text-align-center has-text-color has-link-color wp-elements-236677104ae5325096d52afeb819fa4d\" style=\"color:#fbba18\">Current Generation = Girl Power <\/h2>\n<\/div>\n\n<div class=\"block block-core-paragraph\">\n<p class=\"has-text-align-center\">They are <strong>enthusiastic<\/strong>, <strong>dedicated<\/strong>, <strong>humble<\/strong> and very <strong>professional<\/strong>. And above all, they are winners: they win gold medals, world championships, and world cups galore ! Our girls are <strong>fantastic<\/strong> ! They really deserve for women&#8217;s sports to be in higher regard and more often in the limelight. They also need their field of ski mountaineering to be more closely followed by the media and publicised. Ski mountaineering is set to be a new discipline at the 2026 Olympic Games, and we can&#8217;t wait !<\/p>\n<\/div>\n\n<div class=\"block block-core-paragraph\">\n<p class=\"has-text-align-center\">Let&#8217;s not forget our youngest, Lou, dedicated to <strong>excellence<\/strong> in western riding<\/p>\n<\/div>\n\n<div class=\"block block-core-buttons\">\n<div class=\"wp-block-buttons is-content-justification-center is-layout-flex wp-container-core-buttons-is-layout-16018d1d wp-block-buttons-is-layout-flex\"><div class=\"block block-core-button\">\n<div class=\"wp-block-button\"><a class=\"wp-block-button__link wp-element-button\" href=\"https:\/\/la-toussuire.com\/en\/discover-la-toussuire\/resort-champions\/girl-power-the-current-generation\/\">Our current champions<\/a><\/div>\n<\/div><\/div>\n<\/div><\/div><\/div>\n<\/div><div class=\"block block-core-media-text align-wrap align-wrap-wide\">\n<div class=\"wp-block-media-text alignwide has-media-on-the-right is-stacked-on-mobile is-image-fill\"><div class=\"wp-block-media-text__content\"><div class=\"block block-core-heading\">\n<h2 class=\"wp-block-heading has-text-align-center has-text-color has-link-color wp-elements-64988f8ac02a4a621c4c64c43ef9ec9a\" style=\"color:#fbba18\">Champions in the making<\/h2>\n<\/div>\n\n<div class=\"block block-core-paragraph\">\n<p class=\"has-text-align-center\">The youngest are not to be intimidated and are <strong>inventing their own sporting history.<\/strong> They compete in <strong>unexpected mountain sports<\/strong>, yet the spirit of La Toussuire runs through their veins and they are successful ! Jean-Pierre Vidal, our Olympic champion, is committed to La Toussuire ski club : a guarantee of future success.<\/p>\n<\/div>\n\n<div class=\"block block-core-buttons\">\n<div class=\"wp-block-buttons is-content-justification-center is-layout-flex wp-container-core-buttons-is-layout-16018d1d wp-block-buttons-is-layout-flex\"><div class=\"block block-core-button\">\n<div class=\"wp-block-button\"><a class=\"wp-block-button__link wp-element-button\" href=\"https:\/\/la-toussuire.com\/en\/discover-la-toussuire\/resort-champions\/champions-in-the-making\/\">Our champions in the making<\/a><\/div>\n<\/div><\/div>\n<\/div><\/div><figure class=\"wp-block-media-text__media\" style=\"background-image:url(https:\/\/la-toussuire.com\/wp-content\/uploads\/OTToussuire_Champion_Devenir_Bastien_Flammier_Presentation\u00a9OTToussuire@La_Toussuire.jpg);background-position:64% 38%\"><img loading=\"lazy\" decoding=\"async\" width=\"650\" height=\"388\" src=\"https:\/\/la-toussuire.com\/wp-content\/uploads\/OTToussuire_Champion_Devenir_Bastien_Flammier_Presentation\u00a9OTToussuire@La_Toussuire.jpg\" alt=\"Bastien Flammier, future ski mountaineering champion of La Toussuire, competing in a race.\" class=\"wp-image-8114 size-full\" srcset=\"https:\/\/la-toussuire.com\/wp-content\/uploads\/OTToussuire_Champion_Devenir_Bastien_Flammier_Presentation\u00a9OTToussuire@La_Toussuire.jpg 650w, https:\/\/la-toussuire.com\/wp-content\/uploads\/OTToussuire_Champion_Devenir_Bastien_Flammier_Presentation\u00a9OTToussuire@La_Toussuire-300x179.jpg 300w, https:\/\/la-toussuire.com\/wp-content\/uploads\/OTToussuire_Champion_Devenir_Bastien_Flammier_Presentation\u00a9OTToussuire@La_Toussuire-150x90.jpg 150w\" sizes=\"auto, (max-width: 650px) 100vw, 650px\" \/><\/figure><\/div>\n<\/div>","protected":false},"excerpt":{"rendered":"<p>These athletes and winners are our ambassadors In the oldendays, locals won competitions on simple planks. They trainedour champions, who in turn made the most of technical progress and became part of sports history. They blazed the trail and inspired the current generation, now performing at the highest level. In turn, today&#8217;s generation inspires the [&hellip;]<\/p>\n","protected":false},"author":1,"featured_media":8228,"parent":5852,"menu_order":6,"comment_status":"closed","ping_status":"closed","template":"page-template.php","meta":{"_acf_changed":false,"footnotes":""},"class_list":["post-10264","page","type-page","status-publish","has-post-thumbnail","hentry"],"acf":[],"yoast_head":"<!-- This site is optimized with the Yoast SEO plugin v27.1.1 - https:\/\/yoast.com\/product\/yoast-seo-wordpress\/ -->\n<title>Our champions - La Toussuire<\/title>\n<meta name=\"description\" content=\"Our local champions are mainly slalom skiers and ski mountaineers, but we also have champion horse riders and motorcyclists.\" \/>\n<meta name=\"robots\" content=\"index, follow, max-snippet:-1, max-image-preview:large, max-video-preview:-1\" \/>\n<link rel=\"canonical\" href=\"https:\/\/la-toussuire.com\/en\/discover-la-toussuire\/resort-champions\/\" \/>\n<meta property=\"og:locale\" content=\"en_US\" \/>\n<meta property=\"og:type\" content=\"article\" \/>\n<meta property=\"og:title\" content=\"Our champions - La Toussuire\" \/>\n<meta property=\"og:description\" content=\"Our local champions are mainly slalom skiers and ski mountaineers, but we also have champion horse riders and motorcyclists.\" \/>\n<meta property=\"og:url\" content=\"https:\/\/la-toussuire.com\/en\/discover-la-toussuire\/resort-champions\/\" \/>\n<meta property=\"og:site_name\" content=\"La Toussuire\" \/>\n<meta property=\"article:modified_time\" content=\"2025-05-12T07:48:30+00:00\" \/>\n<meta property=\"og:image\" content=\"https:\/\/la-toussuire.com\/wp-content\/uploads\/OTToussuire_Champions_Toussuire_Lena_Bonnel_Presentation\u00a9LenaBonnel@La_Toussuire.jpg.jpg\" \/>\n\t<meta property=\"og:image:width\" content=\"1024\" \/>\n\t<meta property=\"og:image:height\" content=\"576\" \/>\n\t<meta property=\"og:image:type\" content=\"image\/jpeg\" \/>\n<meta name=\"twitter:card\" content=\"summary_large_image\" \/>\n<meta name=\"twitter:label1\" content=\"Est. reading time\" \/>\n\t<meta name=\"twitter:data1\" content=\"2 minutes\" \/>\n<script type=\"application\/ld+json\" class=\"yoast-schema-graph\">{\"@context\":\"https:\/\/schema.org\",\"@graph\":[{\"@type\":\"WebPage\",\"@id\":\"https:\/\/la-toussuire.com\/en\/discover-la-toussuire\/resort-champions\/\",\"url\":\"https:\/\/la-toussuire.com\/en\/discover-la-toussuire\/resort-champions\/\",\"name\":\"Our champions - La Toussuire\",\"isPartOf\":{\"@id\":\"https:\/\/la-toussuire.com\/en\/#website\"},\"primaryImageOfPage\":{\"@id\":\"https:\/\/la-toussuire.com\/en\/discover-la-toussuire\/resort-champions\/#primaryimage\"},\"image\":{\"@id\":\"https:\/\/la-toussuire.com\/en\/discover-la-toussuire\/resort-champions\/#primaryimage\"},\"thumbnailUrl\":\"https:\/\/la-toussuire.com\/wp-content\/uploads\/OTToussuire_Champions_Toussuire_Lena_Bonnel_Presentation\u00a9LenaBonnel@La_Toussuire.jpg.jpg\",\"datePublished\":\"2022-08-08T15:01:30+00:00\",\"dateModified\":\"2025-05-12T07:48:30+00:00\",\"description\":\"Our local champions are mainly slalom skiers and ski mountaineers, but we also have champion horse riders and motorcyclists.\",\"breadcrumb\":{\"@id\":\"https:\/\/la-toussuire.com\/en\/discover-la-toussuire\/resort-champions\/#breadcrumb\"},\"inLanguage\":\"en-US\",\"potentialAction\":[{\"@type\":\"ReadAction\",\"target\":[\"https:\/\/la-toussuire.com\/en\/discover-la-toussuire\/resort-champions\/\"]}]},{\"@type\":\"ImageObject\",\"inLanguage\":\"en-US\",\"@id\":\"https:\/\/la-toussuire.com\/en\/discover-la-toussuire\/resort-champions\/#primaryimage\",\"url\":\"https:\/\/la-toussuire.com\/wp-content\/uploads\/OTToussuire_Champions_Toussuire_Lena_Bonnel_Presentation\u00a9LenaBonnel@La_Toussuire.jpg.jpg\",\"contentUrl\":\"https:\/\/la-toussuire.com\/wp-content\/uploads\/OTToussuire_Champions_Toussuire_Lena_Bonnel_Presentation\u00a9LenaBonnel@La_Toussuire.jpg.jpg\",\"width\":1024,\"height\":576,\"caption\":\"L\u00e9na Bonnel\"},{\"@type\":\"BreadcrumbList\",\"@id\":\"https:\/\/la-toussuire.com\/en\/discover-la-toussuire\/resort-champions\/#breadcrumb\",\"itemListElement\":[{\"@type\":\"ListItem\",\"position\":1,\"name\":\"Home\",\"item\":\"https:\/\/la-toussuire.com\/en\/\"},{\"@type\":\"ListItem\",\"position\":2,\"name\":\"I&#8217;m exploring\",\"item\":\"https:\/\/la-toussuire.com\/en\/discover-la-toussuire\/\"},{\"@type\":\"ListItem\",\"position\":3,\"name\":\"Our champions\"}]},{\"@type\":\"WebSite\",\"@id\":\"https:\/\/la-toussuire.com\/en\/#website\",\"url\":\"https:\/\/la-toussuire.com\/en\/\",\"name\":\"La Toussuire\",\"description\":\"\",\"publisher\":{\"@id\":\"https:\/\/la-toussuire.com\/en\/#organization\"},\"potentialAction\":[{\"@type\":\"SearchAction\",\"target\":{\"@type\":\"EntryPoint\",\"urlTemplate\":\"https:\/\/la-toussuire.com\/en\/?s={search_term_string}\"},\"query-input\":{\"@type\":\"PropertyValueSpecification\",\"valueRequired\":true,\"valueName\":\"search_term_string\"}}],\"inLanguage\":\"en-US\"},{\"@type\":\"Organization\",\"@id\":\"https:\/\/la-toussuire.com\/en\/#organization\",\"name\":\"La Toussuire\",\"url\":\"https:\/\/la-toussuire.com\/en\/\",\"logo\":{\"@type\":\"ImageObject\",\"inLanguage\":\"en-US\",\"@id\":\"https:\/\/la-toussuire.com\/en\/#\/schema\/logo\/image\/\",\"url\":\"https:\/\/la-toussuire.com\/wp-content\/uploads\/cropped-Nouveau-LA-TOUSSUIRE_Logo_Plan-de-travail-1-02.png\",\"contentUrl\":\"https:\/\/la-toussuire.com\/wp-content\/uploads\/cropped-Nouveau-LA-TOUSSUIRE_Logo_Plan-de-travail-1-02.png\",\"width\":591,\"height\":591,\"caption\":\"La Toussuire\"},\"image\":{\"@id\":\"https:\/\/la-toussuire.com\/en\/#\/schema\/logo\/image\/\"}}]}<\/script>\n<!-- \/ Yoast SEO plugin. -->","yoast_head_json":{"title":"Our champions - La Toussuire","description":"Our local champions are mainly slalom skiers and ski mountaineers, but we also have champion horse riders and motorcyclists.","robots":{"index":"index","follow":"follow","max-snippet":"max-snippet:-1","max-image-preview":"max-image-preview:large","max-video-preview":"max-video-preview:-1"},"canonical":"https:\/\/la-toussuire.com\/en\/discover-la-toussuire\/resort-champions\/","og_locale":"en_US","og_type":"article","og_title":"Our champions - La Toussuire","og_description":"Our local champions are mainly slalom skiers and ski mountaineers, but we also have champion horse riders and motorcyclists.","og_url":"https:\/\/la-toussuire.com\/en\/discover-la-toussuire\/resort-champions\/","og_site_name":"La Toussuire","article_modified_time":"2025-05-12T07:48:30+00:00","og_image":[{"width":1024,"height":576,"url":"https:\/\/la-toussuire.com\/wp-content\/uploads\/OTToussuire_Champions_Toussuire_Lena_Bonnel_Presentation\u00a9LenaBonnel@La_Toussuire.jpg.jpg","type":"image\/jpeg"}],"twitter_card":"summary_large_image","twitter_misc":{"Est. reading time":"2 minutes"},"schema":{"@context":"https:\/\/schema.org","@graph":[{"@type":"WebPage","@id":"https:\/\/la-toussuire.com\/en\/discover-la-toussuire\/resort-champions\/","url":"https:\/\/la-toussuire.com\/en\/discover-la-toussuire\/resort-champions\/","name":"Our champions - La Toussuire","isPartOf":{"@id":"https:\/\/la-toussuire.com\/en\/#website"},"primaryImageOfPage":{"@id":"https:\/\/la-toussuire.com\/en\/discover-la-toussuire\/resort-champions\/#primaryimage"},"image":{"@id":"https:\/\/la-toussuire.com\/en\/discover-la-toussuire\/resort-champions\/#primaryimage"},"thumbnailUrl":"https:\/\/la-toussuire.com\/wp-content\/uploads\/OTToussuire_Champions_Toussuire_Lena_Bonnel_Presentation\u00a9LenaBonnel@La_Toussuire.jpg.jpg","datePublished":"2022-08-08T15:01:30+00:00","dateModified":"2025-05-12T07:48:30+00:00","description":"Our local champions are mainly slalom skiers and ski mountaineers, but we also have champion horse riders and motorcyclists.","breadcrumb":{"@id":"https:\/\/la-toussuire.com\/en\/discover-la-toussuire\/resort-champions\/#breadcrumb"},"inLanguage":"en-US","potentialAction":[{"@type":"ReadAction","target":["https:\/\/la-toussuire.com\/en\/discover-la-toussuire\/resort-champions\/"]}]},{"@type":"ImageObject","inLanguage":"en-US","@id":"https:\/\/la-toussuire.com\/en\/discover-la-toussuire\/resort-champions\/#primaryimage","url":"https:\/\/la-toussuire.com\/wp-content\/uploads\/OTToussuire_Champions_Toussuire_Lena_Bonnel_Presentation\u00a9LenaBonnel@La_Toussuire.jpg.jpg","contentUrl":"https:\/\/la-toussuire.com\/wp-content\/uploads\/OTToussuire_Champions_Toussuire_Lena_Bonnel_Presentation\u00a9LenaBonnel@La_Toussuire.jpg.jpg","width":1024,"height":576,"caption":"L\u00e9na Bonnel"},{"@type":"BreadcrumbList","@id":"https:\/\/la-toussuire.com\/en\/discover-la-toussuire\/resort-champions\/#breadcrumb","itemListElement":[{"@type":"ListItem","position":1,"name":"Home","item":"https:\/\/la-toussuire.com\/en\/"},{"@type":"ListItem","position":2,"name":"I&#8217;m exploring","item":"https:\/\/la-toussuire.com\/en\/discover-la-toussuire\/"},{"@type":"ListItem","position":3,"name":"Our champions"}]},{"@type":"WebSite","@id":"https:\/\/la-toussuire.com\/en\/#website","url":"https:\/\/la-toussuire.com\/en\/","name":"La Toussuire","description":"","publisher":{"@id":"https:\/\/la-toussuire.com\/en\/#organization"},"potentialAction":[{"@type":"SearchAction","target":{"@type":"EntryPoint","urlTemplate":"https:\/\/la-toussuire.com\/en\/?s={search_term_string}"},"query-input":{"@type":"PropertyValueSpecification","valueRequired":true,"valueName":"search_term_string"}}],"inLanguage":"en-US"},{"@type":"Organization","@id":"https:\/\/la-toussuire.com\/en\/#organization","name":"La Toussuire","url":"https:\/\/la-toussuire.com\/en\/","logo":{"@type":"ImageObject","inLanguage":"en-US","@id":"https:\/\/la-toussuire.com\/en\/#\/schema\/logo\/image\/","url":"https:\/\/la-toussuire.com\/wp-content\/uploads\/cropped-Nouveau-LA-TOUSSUIRE_Logo_Plan-de-travail-1-02.png","contentUrl":"https:\/\/la-toussuire.com\/wp-content\/uploads\/cropped-Nouveau-LA-TOUSSUIRE_Logo_Plan-de-travail-1-02.png","width":591,"height":591,"caption":"La Toussuire"},"image":{"@id":"https:\/\/la-toussuire.com\/en\/#\/schema\/logo\/image\/"}}]}},"_links":{"self":[{"href":"https:\/\/la-toussuire.com\/en\/wp-json\/wp\/v2\/pages\/10264","targetHints":{"allow":["GET"]}}],"collection":[{"href":"https:\/\/la-toussuire.com\/en\/wp-json\/wp\/v2\/pages"}],"about":[{"href":"https:\/\/la-toussuire.com\/en\/wp-json\/wp\/v2\/types\/page"}],"author":[{"embeddable":true,"href":"https:\/\/la-toussuire.com\/en\/wp-json\/wp\/v2\/users\/1"}],"replies":[{"embeddable":true,"href":"https:\/\/la-toussuire.com\/en\/wp-json\/wp\/v2\/comments?post=10264"}],"version-history":[{"count":5,"href":"https:\/\/la-toussuire.com\/en\/wp-json\/wp\/v2\/pages\/10264\/revisions"}],"predecessor-version":[{"id":37935,"href":"https:\/\/la-toussuire.com\/en\/wp-json\/wp\/v2\/pages\/10264\/revisions\/37935"}],"up":[{"embeddable":true,"href":"https:\/\/la-toussuire.com\/en\/wp-json\/wp\/v2\/pages\/5852"}],"wp:featuredmedia":[{"embeddable":true,"href":"https:\/\/la-toussuire.com\/en\/wp-json\/wp\/v2\/media\/8228"}],"wp:attachment":[{"href":"https:\/\/la-toussuire.com\/en\/wp-json\/wp\/v2\/media?parent=10264"}],"curies":[{"name":"wp","href":"https:\/\/api.w.org\/{rel}","templated":true}]}}